{"id":7756,"date":"2024-11-13T14:41:35","date_gmt":"2024-11-13T14:41:35","guid":{"rendered":"https:\/\/freeshopswiss.alesca.org\/shop\/yves-saint-laurent-libre\/"},"modified":"2024-11-13T14:41:35","modified_gmt":"2024-11-13T14:41:35","slug":"yves-saint-laurent-libre","status":"publish","type":"product","link":"https:\/\/www.freeshopfrontiera.ch\/de\/shop\/yves-saint-laurent-libre\/","title":{"rendered":"YVES SAINT LAURENT Libre"},"content":{"rendered":"<p><strong>YVES SAINT LAURENT Libre Eau de Parfum 30ml: Der Duft der Freiheit und Eleganz<\/strong><\/p>\n<p><strong>YVES SAINT LAURENT Libre Eau de Parfum<\/strong> ist ein ikonischer Duft, der die k\u00fchne und moderne Weiblichkeit perfekt verk\u00f6rpert. <strong>Libre<\/strong> wurde 2019 auf den Markt gebracht und ist das Parf\u00fcm, das die Freiheit feiert, man selbst zu sein, mit einer perfekten Balance zwischen Eleganz und K\u00fchnheit. Der 30-ml-Flakon ist ideal f\u00fcr alle, die ein vielseitiges Parf\u00fcm suchen, das f\u00fcr jeden Anlass geeignet ist und leicht immer bei sich zu tragen ist. Perfekt f\u00fcr Frauen, die sich einen unverwechselbaren und intensiven Duft w\u00fcnschen, der eine bleibende und unverwechselbare Spur hinterl\u00e4sst. Die olfaktorische Komposition von <strong>Yves Saint Laurent Libre<\/strong> ist eine sinnliche Verschmelzung von wei\u00dfen Bl\u00fcten und aromatischen Noten, die die Essenz der Freiheit in einem einzigen Duft einf\u00e4ngt. Die Kopfnoten werden von Lavendel dominiert, einer Blume, die traditionell Eleganz symbolisiert und durch die Zitrusfrische von Mandarine und Neroli bereichert wird. Dieser frische und prickelnde Auftakt weicht schnell einem intensiven blumigen Herzen, in dem sich die Note von Orangenbl\u00fcten mit Jasmin Sambac vermischt und ein umh\u00fcllendes und sinnliches Bouquet schafft, das Leidenschaft und innere St\u00e4rke hervorruft. Die Basisnoten, die sich aus Vanille, Moschus und Zedernholz zusammensetzen, verleihen <strong>Libre<\/strong> eine warme und unwiderstehliche Tiefe, die den ganzen Tag \u00fcber auf der Haut verweilt. Die Kombination aus frischen, blumigen und umh\u00fcllenden Noten macht <strong>Yves Saint Laurent Libre Eau de Parfum 30ml<\/strong> zu einem raffinierten, aber gleichzeitig kr\u00e4ftigen Duft, perfekt f\u00fcr die Frau, die ihre Unabh\u00e4ngigkeit mit Eleganz ausdr\u00fccken m\u00f6chte. Seine Vielseitigkeit macht es perfekt f\u00fcr einen Arbeitstag und einen besonderen Abend. <strong>Libre<\/strong> eignet sich sowohl f\u00fcr den Tag als auch f\u00fcr den Abend und ist ideal f\u00fcr die moderne Frau, die einen Duft sucht, der sie in jedem Moment ihres Lebens repr\u00e4sentiert. Das Gef\u00fchl von Frische und Weiblichkeit, das von diesem Parfum ausgeht, wird zum Ausdruck der inneren Freiheit und St\u00e4rke derer, die wissen, was sie wollen. Der schlanke und zeitgem\u00e4\u00dfe Flakon mit seinem minimalistischen Design und der charakteristischen Goldkappe spiegelt den k\u00fchnen und modernen Geist dieses einzigartigen Duftes wider. <strong>Yves Saint Laurent Libre<\/strong> ist eine Unabh\u00e4ngigkeitserkl\u00e4rung, die die Authentizit\u00e4t und Sch\u00f6nheit der modernen Frau feiert. Kaufen Sie <strong>YVES SAINT LAURENT Libre Eau de Parfum 30ml<\/strong> und lassen Sie sich von einem Duft erobern, der Freiheit, K\u00fchnheit und weibliche Sch\u00f6nheit zelebriert. Mit seiner unverwechselbaren Mischung aus Frische, Sinnlichkeit und W\u00e4rme wird Libre zu Ihrem perfekten <strong>Verb\u00fcndeten<\/strong> , um jede Nuance Ihrer Pers\u00f6nlichkeit auszudr\u00fccken, zu jeder Tageszeit. Ein Parf\u00fcm, das Sie mit Eleganz begleitet und eine unausl\u00f6schliche Spur hinterl\u00e4sst. Verfolgen Sie alle unsere Neuigkeiten!    <\/p>\n<p> <a href=\"https:\/\/www.instagram.com\/freeshopswiss\/\" target=\"_blank\" rel=\"noopener\">@freeshopswiss  <\/a><\/p>\n","protected":false},"excerpt":{"rendered":"<p><strong>YVES SAINT LAURENT Libre Eau de Parfum 30ml<\/strong> ist ein kr\u00e4ftiger und raffinierter Duft mit Noten von Lavendel, Orangenbl\u00fcte und Vanille. Perfekt f\u00fcr die Frau, die ihre Freiheit und Eleganz jederzeit zum Ausdruck bringt. <\/p>\n","protected":false},"featured_media":7748,"comment_status":"open","ping_status":"closed","template":"","meta":[],"pwb-brand":[268],"product_brand":[],"product_cat":[144,84,111,98],"product_tag":[148,790,952,254,293,4349,5051],"class_list":{"0":"post-7756","1":"product","2":"type-product","3":"status-publish","4":"has-post-thumbnail","6":"pwb-brand-yves-saint-laurent","7":"product_cat-bietet","8":"product_cat-duefte","9":"product_cat-fur-sie-de","10":"product_cat-hohepunkte","11":"product_tag-angebot","12":"product_tag-womens-fragrances-de","13":"product_tag-profumi-de","14":"product_tag-eau-de-parfum-de","15":"product_tag-frau","16":"product_tag-frauentag","17":"product_tag-muttertag","19":"first","20":"instock","21":"sale","22":"taxable","23":"shipping-taxable","24":"purchasable","25":"product-type-variable"},"brands":[{"id":268,"name":"Yves Saint Laurent","slug":"yves-saint-laurent"}],"_links":{"self":[{"href":"https:\/\/www.freeshopfrontiera.ch\/de\/wp-json\/wp\/v2\/product\/7756","targetHints":{"allow":["GET"]}}],"collection":[{"href":"https:\/\/www.freeshopfrontiera.ch\/de\/wp-json\/wp\/v2\/product"}],"about":[{"href":"https:\/\/www.freeshopfrontiera.ch\/de\/wp-json\/wp\/v2\/types\/product"}],"replies":[{"embeddable":true,"href":"https:\/\/www.freeshopfrontiera.ch\/de\/wp-json\/wp\/v2\/comments?post=7756"}],"version-history":[{"count":0,"href":"https:\/\/www.freeshopfrontiera.ch\/de\/wp-json\/wp\/v2\/product\/7756\/revisions"}],"wp:featuredmedia":[{"embeddable":true,"href":"https:\/\/www.freeshopfrontiera.ch\/de\/wp-json\/wp\/v2\/media\/7748"}],"wp:attachment":[{"href":"https:\/\/www.freeshopfrontiera.ch\/de\/wp-json\/wp\/v2\/media?parent=7756"}],"wp:term":[{"taxonomy":"pwb-brand","embeddable":true,"href":"https:\/\/www.freeshopfrontiera.ch\/de\/wp-json\/wp\/v2\/pwb-brand?post=7756"},{"taxonomy":"product_brand","embeddable":true,"href":"https:\/\/www.freeshopfrontiera.ch\/de\/wp-json\/wp\/v2\/product_brand?post=7756"},{"taxonomy":"product_cat","embeddable":true,"href":"https:\/\/www.freeshopfrontiera.ch\/de\/wp-json\/wp\/v2\/product_cat?post=7756"},{"taxonomy":"product_tag","embeddable":true,"href":"https:\/\/www.freeshopfrontiera.ch\/de\/wp-json\/wp\/v2\/product_tag?post=7756"}],"curies":[{"name":"wp","href":"https:\/\/api.w.org\/{rel}","templated":true}]}}