{"id":7773,"date":"2024-11-13T15:01:44","date_gmt":"2024-11-13T15:01:44","guid":{"rendered":"https:\/\/freeshopswiss.alesca.org\/shop\/roberto-cavalli-for-her\/"},"modified":"2024-11-13T15:01:44","modified_gmt":"2024-11-13T15:01:44","slug":"roberto-cavalli-for-her","status":"publish","type":"product","link":"https:\/\/www.freeshopfrontiera.ch\/de\/shop\/roberto-cavalli-for-her\/","title":{"rendered":"ROBERTO CAVALLI For Her"},"content":{"rendered":"<p><strong>ROBERTO CAVALLI Just Cavalli For Her Eau de Toilette 50ml: Eleganz und Verf\u00fchrung in jedem Tropfen<\/strong><\/p>\n<p><strong>ROBERTO CAVALLI Just Cavalli For Her <\/strong>ist ein verf\u00fchrerischer und raffinierter Duft, der f\u00fcr die mutige und anspruchsvolle Frau entworfen wurde. <strong>Just Cavalli For Her<\/strong> wurde 2013 auf den Markt gebracht und verk\u00f6rpert den freien Geist und die Sinnlichkeit einer Frau, die es liebt, sich ohne Angst, aber mit Eleganz gehen zu lassen. Mit seinem 50-ml-Flakon ist dieses Eau de Toilette ideal f\u00fcr alle, die einen frischen, aber dennoch intensiven und lang anhaltenden Duft suchen, der perfekt zu jedem Anlass passt. Der Duft dr\u00fcckt eine moderne und eigenst\u00e4ndige Weiblichkeit aus, die hervorsticht, ohne aufdringlich zu sein. Die olfaktorische Komposition von <strong>Just Cavalli<\/strong> ist ein harmonisches Aufeinandertreffen von blumigen, fruchtigen und holzigen Noten. Der Auftakt ist frisch und prickelnd dank der Kombination aus Neroli und Mandarine, die einen Hauch von Energie und Helligkeit verleihen und eine Atmosph\u00e4re von Vitalit\u00e4t und Frische hervorrufen. Dieser zitrusartige Anfang weicht einem berauschenden blumigen Herzen, in dem sich die Tiare-Bl\u00fcte mit der Zartheit der Rose verschmilzt und ein elegantes und sinnliches Bouquet schafft, das S\u00fc\u00dfe und Anmut freisetzt. Das blumige Herz wird von den warmen Basisnoten aus Sandelholz und Vanille umh\u00fcllt, die dem Duft einen bleibenden und umh\u00fcllenden Eindruck verleihen und dem Parfum eine dezente, aber unvergessliche Sinnlichkeit verleihen. <strong>Just Cavalli <\/strong>ist perfekt f\u00fcr die Frau, die es liebt, ihre Weiblichkeit mit K\u00fchnheit auszudr\u00fccken, ohne jedoch jemals auf Raffinesse zu verzichten. Der Duft ist ideal f\u00fcr den t\u00e4glichen Gebrauch, kann aber dank seiner Intensit\u00e4t auch perfekt f\u00fcr besondere Abende sein, an denen Sie eine unvergessliche Spur hinterlassen m\u00f6chten, die auf raffinierte Weise die Aufmerksamkeit auf sich zieht. Es ist die ideale Wahl f\u00fcr die Frau, die sich zu jeder Tageszeit selbstbewusst f\u00fchlen m\u00f6chte. Der elegante Flakon mit seinem animalischeren Design und dem goldenen Verschluss erinnert an den unverwechselbaren Stil von Roberto Cavalli. Die Form des Flakons, zusammen mit den luxuri\u00f6sen und k\u00fchnen Details, machen <strong>Just Cavalli<\/strong> nicht nur zu einem Parf\u00fcm, sondern zu einem echten Objekt der Begierde. Der Duft wird so zu einer Erweiterung der Pers\u00f6nlichkeit des Tr\u00e4gers und dr\u00fcckt St\u00e4rke, Sinnlichkeit und zeitlose Sch\u00f6nheit aus. <strong>Just Cavalli For Her<\/strong> ist das perfekte Parf\u00fcm f\u00fcr alle, die eine Essenz suchen, die Frische und Sinnlichkeit, Klasse und K\u00fchnheit in einem einzigen Duft vereint. Sein verf\u00fchrerischer Charakter und sein hartn\u00e4ckiger Weg machen ihn ideal f\u00fcr diejenigen, die an jedem Ort, den sie besuchen, einen unausl\u00f6schlichen Stempel aufdr\u00fccken m\u00f6chten. Kaufen Sie <strong>ROBERTO CAVALLI Just Cavalli For Her Eau de Toilette 50ml<\/strong> und lassen Sie sich von einem Duft umh\u00fcllen, der die Sch\u00f6nheit, St\u00e4rke und Sinnlichkeit der modernen Frau in jedem Moment ihres Tages feiert. Mit einem einzigen Spr\u00fchsto\u00df verwandelt es jeden Moment in ein einzigartiges und faszinierendes Erlebnis. Verfolgen Sie alle unsere Neuigkeiten!    <\/p>\n<p> <a href=\"https:\/\/www.instagram.com\/freeshopswiss\/\" target=\"_blank\" rel=\"noopener\">@freeshopswiss<\/a><\/p>\n","protected":false},"excerpt":{"rendered":"<div class=\"flex-shrink-0 flex flex-col relative items-end\">\n<div>\n<div class=\"pt-0\">\n<div class=\"gizmo-bot-avatar flex h-8 w-8 items-center justify-center overflow-hidden rounded-full\">\n<div class=\"relative p-1 rounded-sm flex items-center justify-center bg-token-main-surface-primary text-token-text-primary h-8 w-8\"><\/div>\n<\/div>\n<\/div>\n<\/div>\n<\/div>\n<div class=\"group\/conversation-turn relative flex w-full min-w-0 flex-col agent-turn\">\n<div class=\"flex-col gap-1 md:gap-3\">\n<div class=\"flex max-w-full flex-col flex-grow\">\n<div class=\"min-h-8 text-message flex w-full flex-col items-end gap-2 whitespace-normal break-words [.text-message+&amp;]:mt-5\" dir=\"auto\" data-message-author-role=\"assistant\" data-message-id=\"9d823a7b-2761-434f-863a-38daa6bcfa23\" data-message-model-slug=\"gpt-4o-mini\">\n<div class=\"flex w-full flex-col gap-1 empty:hidden first:pt-[3px]\">\n<div class=\"markdown prose w-full break-words dark:prose-invert light\">\n<p><strong>ROBERTO CAVALLI Just Cavalli For Her Eau de Toilette 50ml<\/strong> ist ein frischer und sinnlicher Duft mit Noten von Neroli, Mandarine, Tiar\u00e9-Bl\u00fcte, Rose, Sandelholz und Vanille. Perfekt f\u00fcr eine mutige und anspruchsvolle Frau, ideal f\u00fcr jeden Anlass. <\/p>\n<\/div>\n<\/div>\n<\/div>\n<\/div>\n<\/div>\n<\/div>\n","protected":false},"featured_media":8694,"comment_status":"open","ping_status":"closed","template":"","meta":[],"pwb-brand":[269],"product_brand":[],"product_cat":[84,111],"product_tag":[790,952,147,293],"class_list":{"0":"post-7773","1":"product","2":"type-product","3":"status-publish","4":"has-post-thumbnail","6":"pwb-brand-roberto-cavalli","7":"product_cat-duefte","8":"product_cat-fur-sie-de","9":"product_tag-womens-fragrances-de","10":"product_tag-profumi-de","11":"product_tag-eau-de-toilette-de","12":"product_tag-frau","14":"first","15":"outofstock","16":"sale","17":"taxable","18":"shipping-taxable","19":"purchasable","20":"product-type-simple"},"brands":[{"id":269,"name":"Roberto Cavalli","slug":"roberto-cavalli"}],"_links":{"self":[{"href":"https:\/\/www.freeshopfrontiera.ch\/de\/wp-json\/wp\/v2\/product\/7773","targetHints":{"allow":["GET"]}}],"collection":[{"href":"https:\/\/www.freeshopfrontiera.ch\/de\/wp-json\/wp\/v2\/product"}],"about":[{"href":"https:\/\/www.freeshopfrontiera.ch\/de\/wp-json\/wp\/v2\/types\/product"}],"replies":[{"embeddable":true,"href":"https:\/\/www.freeshopfrontiera.ch\/de\/wp-json\/wp\/v2\/comments?post=7773"}],"version-history":[{"count":0,"href":"https:\/\/www.freeshopfrontiera.ch\/de\/wp-json\/wp\/v2\/product\/7773\/revisions"}],"wp:featuredmedia":[{"embeddable":true,"href":"https:\/\/www.freeshopfrontiera.ch\/de\/wp-json\/wp\/v2\/media\/8694"}],"wp:attachment":[{"href":"https:\/\/www.freeshopfrontiera.ch\/de\/wp-json\/wp\/v2\/media?parent=7773"}],"wp:term":[{"taxonomy":"pwb-brand","embeddable":true,"href":"https:\/\/www.freeshopfrontiera.ch\/de\/wp-json\/wp\/v2\/pwb-brand?post=7773"},{"taxonomy":"product_brand","embeddable":true,"href":"https:\/\/www.freeshopfrontiera.ch\/de\/wp-json\/wp\/v2\/product_brand?post=7773"},{"taxonomy":"product_cat","embeddable":true,"href":"https:\/\/www.freeshopfrontiera.ch\/de\/wp-json\/wp\/v2\/product_cat?post=7773"},{"taxonomy":"product_tag","embeddable":true,"href":"https:\/\/www.freeshopfrontiera.ch\/de\/wp-json\/wp\/v2\/product_tag?post=7773"}],"curies":[{"name":"wp","href":"https:\/\/api.w.org\/{rel}","templated":true}]}}