{"id":7790,"date":"2024-11-13T15:20:49","date_gmt":"2024-11-13T15:20:49","guid":{"rendered":"https:\/\/freeshopswiss.alesca.org\/shop\/gucci-bamboo\/"},"modified":"2024-11-13T15:20:49","modified_gmt":"2024-11-13T15:20:49","slug":"gucci-bamboo","status":"publish","type":"product","link":"https:\/\/www.freeshopfrontiera.ch\/de\/shop\/gucci-bamboo\/","title":{"rendered":"GUCCI Bamboo"},"content":{"rendered":"<p><strong>GUCCI Bamboo Eau de Parfum 30ml: Eleganz und Raffinesse in jedem Spray<\/strong><\/p>\n<p><strong>GUCCI Bamboo<\/strong> ist ein raffinierter und raffinierter Duft, der die zeitlose Eleganz des Hauses Gucci verk\u00f6rpert. <strong>Gucci Bamboo<\/strong> wurde 2015 auf den Markt gebracht und ist das Parf\u00fcm f\u00fcr die moderne Frau, stark und zart zugleich. Mit seinem 30-ml-Flakon ist dieses Eau de Parfum perfekt f\u00fcr alle, die einen edlen Duft suchen, den sie zu jeder Tageszeit mitnehmen k\u00f6nnen, um eine Spur von Eleganz und Frische zu hinterlassen, die \u00fcber die Zeit anh\u00e4lt. Die olfaktorische Komposition von <strong>Gucci Bamboo<\/strong> ist eine perfekte Balance zwischen blumigen, holzigen und orientalischen Noten, die dem Duft einen raffinierten und umh\u00fcllenden Charakter verleihen. Die frische und helle Kopfnote wird vom zarten Duft der Bergamotte dominiert, der sich harmonisch mit Flieder und Orangenbl\u00fcten vermischt. Dieser frische und frische Start schafft ein Gef\u00fchl von Leichtigkeit und Vitalit\u00e4t. Das Herzst\u00fcck des Duftes ist ein intensives und raffiniertes Blumenbouquet, das sich aus Noten von Hyazinthen, Ylang-Ylang und Cascalone zusammensetzt und einen Hauch von reiner Eleganz und Weiblichkeit verleiht. Die Basisnoten zeichnen sich durch die W\u00e4rme und Sinnlichkeit von Sandelholz, Vanille und Amber aus, die dem Duft eine umh\u00fcllende und anhaltende Tiefe verleihen, ohne jemals schwer zu sein. Diese warmen und holzigen Basisnoten machen <strong>Gucci Bamboo<\/strong> zu einem idealen Parf\u00fcm f\u00fcr den Tag und den Abend und hinterlassen eine raffinierte und unvergessliche Spur. <strong>GUCCI Bamboo Eau de Parfum 30ml<\/strong> ist die perfekte Wahl f\u00fcr die Frau, die ein elegantes, aber gleichzeitig modernes und sinnliches Parf\u00fcm sucht. Mit seiner Flasche mit klaren und raffinierten Linien erinnert das Design an das ikonische Bild von Bambus, einem Symbol f\u00fcr St\u00e4rke und Widerstandsf\u00e4higkeit. <strong>Gucci Bamboo<\/strong> ist ein Parf\u00fcm, das die Sch\u00f6nheit und Entschlossenheit der zeitgen\u00f6ssischen Frau zelebriert, ideal f\u00fcr diejenigen, die ihren Stil auf einzigartige und unvergessliche Weise ausdr\u00fccken m\u00f6chten. Kaufen Sie <strong>GUCCI Bamboo Eau de Parfum 30ml<\/strong> und lassen Sie sich von einem Duft umh\u00fcllen, der die Eleganz und St\u00e4rke der modernen Frau perfekt repr\u00e4sentiert. Mit jedem Spr\u00fchsto\u00df sp\u00fcren Sie die Zartheit der Blumen, die W\u00e4rme der W\u00e4lder und die Sinnlichkeit der orientalischen Noten, die Sie zu jeder Tageszeit begleiten werden. Ein Parf\u00fcm, das jedes Erlebnis in eine unausl\u00f6schliche Erinnerung verwandelt. Verfolgen Sie alle unsere Neuigkeiten!  <\/p>\n<p><a href=\"https:\/\/www.instagram.com\/freeshopswiss\/\" target=\"_blank\" rel=\"noopener\">  @freshopswiss<\/a><\/p>\n","protected":false},"excerpt":{"rendered":"<div class=\"flex-shrink-0 flex flex-col relative items-end\">\n<div>\n<div class=\"pt-0\">\n<div class=\"gizmo-bot-avatar flex h-8 w-8 items-center justify-center overflow-hidden rounded-full\">\n<div class=\"relative p-1 rounded-sm flex items-center justify-center bg-token-main-surface-primary text-token-text-primary h-8 w-8\"><\/div>\n<\/div>\n<\/div>\n<\/div>\n<\/div>\n<div class=\"group\/conversation-turn relative flex w-full min-w-0 flex-col agent-turn\">\n<div class=\"flex-col gap-1 md:gap-3\">\n<div class=\"flex max-w-full flex-col flex-grow\">\n<div class=\"min-h-8 text-message flex w-full flex-col items-end gap-2 whitespace-normal break-words [.text-message+&amp;]:mt-5\" dir=\"auto\" data-message-author-role=\"assistant\" data-message-id=\"79ea8e76-ad5a-49d2-ab32-e5da72d67278\" data-message-model-slug=\"gpt-4o-mini\">\n<div class=\"flex w-full flex-col gap-1 empty:hidden first:pt-[3px]\">\n<div class=\"markdown prose w-full break-words dark:prose-invert light\">\n<p><em><strong>GUCCI Bamboo Eau de Parfum 30ml<\/strong> ist ein eleganter und raffinierter Duft mit Noten von Bergamotte, Flieder, Ylang-Ylang, Sandelholz und Vanille. Perfekt f\u00fcr die moderne, starke und sinnliche Frau. <\/em><\/p>\n<\/div>\n<\/div>\n<\/div>\n<\/div>\n<\/div>\n<\/div>\n","protected":false},"featured_media":7782,"comment_status":"open","ping_status":"closed","template":"","meta":[],"pwb-brand":[270],"product_brand":[],"product_cat":[84,111,98],"product_tag":[790,952,254,293,5051],"class_list":{"0":"post-7790","1":"product","2":"type-product","3":"status-publish","4":"has-post-thumbnail","6":"pwb-brand-gucci","7":"product_cat-duefte","8":"product_cat-fur-sie-de","9":"product_cat-hohepunkte","10":"product_tag-womens-fragrances-de","11":"product_tag-profumi-de","12":"product_tag-eau-de-parfum-de","13":"product_tag-frau","14":"product_tag-muttertag","16":"first","17":"instock","18":"sale","19":"taxable","20":"shipping-taxable","21":"purchasable","22":"product-type-variable"},"brands":[{"id":270,"name":"Gucci","slug":"gucci"}],"_links":{"self":[{"href":"https:\/\/www.freeshopfrontiera.ch\/de\/wp-json\/wp\/v2\/product\/7790","targetHints":{"allow":["GET"]}}],"collection":[{"href":"https:\/\/www.freeshopfrontiera.ch\/de\/wp-json\/wp\/v2\/product"}],"about":[{"href":"https:\/\/www.freeshopfrontiera.ch\/de\/wp-json\/wp\/v2\/types\/product"}],"replies":[{"embeddable":true,"href":"https:\/\/www.freeshopfrontiera.ch\/de\/wp-json\/wp\/v2\/comments?post=7790"}],"version-history":[{"count":0,"href":"https:\/\/www.freeshopfrontiera.ch\/de\/wp-json\/wp\/v2\/product\/7790\/revisions"}],"wp:featuredmedia":[{"embeddable":true,"href":"https:\/\/www.freeshopfrontiera.ch\/de\/wp-json\/wp\/v2\/media\/7782"}],"wp:attachment":[{"href":"https:\/\/www.freeshopfrontiera.ch\/de\/wp-json\/wp\/v2\/media?parent=7790"}],"wp:term":[{"taxonomy":"pwb-brand","embeddable":true,"href":"https:\/\/www.freeshopfrontiera.ch\/de\/wp-json\/wp\/v2\/pwb-brand?post=7790"},{"taxonomy":"product_brand","embeddable":true,"href":"https:\/\/www.freeshopfrontiera.ch\/de\/wp-json\/wp\/v2\/product_brand?post=7790"},{"taxonomy":"product_cat","embeddable":true,"href":"https:\/\/www.freeshopfrontiera.ch\/de\/wp-json\/wp\/v2\/product_cat?post=7790"},{"taxonomy":"product_tag","embeddable":true,"href":"https:\/\/www.freeshopfrontiera.ch\/de\/wp-json\/wp\/v2\/product_tag?post=7790"}],"curies":[{"name":"wp","href":"https:\/\/api.w.org\/{rel}","templated":true}]}}