{"id":7827,"date":"2024-11-14T10:46:49","date_gmt":"2024-11-14T10:46:49","guid":{"rendered":"https:\/\/freeshopswiss.alesca.org\/shop\/gucci-rush\/"},"modified":"2024-11-14T10:46:49","modified_gmt":"2024-11-14T10:46:49","slug":"gucci-rush","status":"publish","type":"product","link":"https:\/\/www.freeshopfrontiera.ch\/de\/shop\/gucci-rush\/","title":{"rendered":"GUCCI Rush"},"content":{"rendered":"<p><strong>GUCCI Gucci Rush Eau de Toilette 50ml: Eleganz und Verf\u00fchrung in einem einzigartigen Duft<\/strong><\/p>\n<p><strong>Gucci Rush Eau de Toilette 50ml<\/strong> ist einer der kultigsten und verf\u00fchrerischsten D\u00fcfte des ber\u00fchmten italienischen Modehauses Gucci. Dieser 1999 auf den Markt gebrachte Duft stellt die perfekte Begegnung zwischen Eleganz und K\u00fchnheit dar, ein olfaktorisches Angebot, das nicht unbemerkt bleibt. Erh\u00e4ltlich in der praktischen Form des 50-ml-Flakons, ist Gucci Rush ideal f\u00fcr alle, die einen raffinierten, aber gleichzeitig frischen und umh\u00fcllenden Duft suchen.    <strong>Mit ihrem unverwechselbaren Duft ist Rush die ideale Wahl f\u00fcr alle, die \u00fcberall einen bleibenden Eindruck hinterlassen wollen.<\/strong><\/p>\n<p>Die Komposition des Gucci Rush Eau de Toilette er\u00f6ffnet mit fruchtigen Noten von Pfirsich, Gardenie und Freesie und sorgt f\u00fcr einen hellen und prickelnden Auftakt.  <strong>Die anf\u00e4ngliche Explosion der Frische ist sofort umh\u00fcllend und vermittelt ein Gef\u00fchl von Energie und Vitalit\u00e4t.<\/strong>  Das Herz des Parf\u00fcms ist mit einer Mischung aus Rose und Koriander angereichert, die dem Duft Tiefe und Sinnlichkeit verleihen.  <strong>Das Ergebnis ist ein eleganter Blumenstrau\u00df, der die Sinne erobert und die Sehnsucht entfacht.<\/strong>  Schlie\u00dflich offenbart die Basis eine warme und umh\u00fcllende Basis aus Vanille, Patchouli und Moschus, die eine anhaltende und verf\u00fchrerische Spur hinterl\u00e4sst. Diese Kontraste zwischen Frische und Intensit\u00e4t machen ihn zu einer perfekten Wahl f\u00fcr jeden Anlass, von Tag zu Nacht.   <strong>Seine Persistenz ist eine perfekte Harmonie, die Sie stundenlang begleiten wird.<\/strong><\/p>\n<p>Die<strong> Rush-Flasche<\/strong> ist ein weiteres unverwechselbares Element: Mit einem modernen und k\u00fchnen Design, mit geometrischen Formen und einer leuchtend roten Farbe spiegelt sie die einzigartige und zeitlose Seele von Gucci wider. <strong>Ein Flakon, der nicht nur einen au\u00dfergew\u00f6hnlichen Duft enth\u00e4lt, sondern auch zu einem echten Designobjekt wird.<\/strong> Dieses Parf\u00fcm ist perfekt f\u00fcr diejenigen, die es lieben, ihre Pers\u00f6nlichkeit mit Eleganz auszudr\u00fccken, ohne auf einen Hauch von Originalit\u00e4t zu verzichten. <strong>Mit Gucci Rush wird jeder Moment zu etwas Besonderem.<\/strong> Gucci Rush Eau de Toilette 50ml eignet sich perfekt als Geschenk oder f\u00fcr sich selbst und ist ein Muss f\u00fcr alle, die einen Duft suchen, der sich durch seinen Charakter und seine Raffinesse auszeichnet. Bestellen Sie noch heute und entdecken Sie die Kunst der Gucci Parf\u00fcmerie. <\/p>\n<p>  <strong>Verpassen Sie nicht die Gelegenheit, ein St\u00fcck zeitlosen Luxus und Charme zu Ihrem eigenen zu machen.<\/strong><\/p>\n<p>Verfolgen Sie alle unsere Neuigkeiten!  <a href=\"https:\/\/www.instagram.com\/freeshopswiss\/\" target=\"_blank\" rel=\"noopener\">@freeshopswiss<\/a><\/p>\n","protected":false},"excerpt":{"rendered":"<div class=\"flex max-w-full flex-col flex-grow\">\n<div class=\"min-h-8 text-message flex w-full flex-col items-end gap-2 whitespace-normal break-words [.text-message+&amp;]:mt-5\" dir=\"auto\" data-message-author-role=\"assistant\" data-message-id=\"2c5f3a3e-ec47-4eb8-8ad0-eae6d3db3662\" data-message-model-slug=\"gpt-4o-mini\">\n<div class=\"flex w-full flex-col gap-1 empty:hidden first:pt-[3px]\">\n<div class=\"markdown prose w-full break-words dark:prose-invert light\">\n<p>Gucci Rush Eau de Toilette 50ml ist ein sinnlicher Duft mit Noten von Pfirsich, Rose und Patchouli. Umh\u00fcllend und anhaltend, vereint er Frische und W\u00e4rme in einer Flasche mit einem eleganten und modernen Design. Perfekt f\u00fcr alle, die auf der Suche nach einem unverwechselbaren und raffinierten Duft sind.  <\/p>\n<\/div>\n<\/div>\n<\/div>\n<\/div>\n","protected":false},"featured_media":7819,"comment_status":"open","ping_status":"closed","template":"","meta":[],"pwb-brand":[270],"product_brand":[],"product_cat":[144,84,111,98],"product_tag":[148,790,952,147,293],"class_list":{"0":"post-7827","1":"product","2":"type-product","3":"status-publish","4":"has-post-thumbnail","6":"pwb-brand-gucci","7":"product_cat-bietet","8":"product_cat-duefte","9":"product_cat-fur-sie-de","10":"product_cat-hohepunkte","11":"product_tag-angebot","12":"product_tag-womens-fragrances-de","13":"product_tag-profumi-de","14":"product_tag-eau-de-toilette-de","15":"product_tag-frau","17":"first","18":"instock","19":"sale","20":"taxable","21":"shipping-taxable","22":"purchasable","23":"product-type-simple"},"brands":[{"id":270,"name":"Gucci","slug":"gucci"}],"_links":{"self":[{"href":"https:\/\/www.freeshopfrontiera.ch\/de\/wp-json\/wp\/v2\/product\/7827","targetHints":{"allow":["GET"]}}],"collection":[{"href":"https:\/\/www.freeshopfrontiera.ch\/de\/wp-json\/wp\/v2\/product"}],"about":[{"href":"https:\/\/www.freeshopfrontiera.ch\/de\/wp-json\/wp\/v2\/types\/product"}],"replies":[{"embeddable":true,"href":"https:\/\/www.freeshopfrontiera.ch\/de\/wp-json\/wp\/v2\/comments?post=7827"}],"version-history":[{"count":0,"href":"https:\/\/www.freeshopfrontiera.ch\/de\/wp-json\/wp\/v2\/product\/7827\/revisions"}],"wp:featuredmedia":[{"embeddable":true,"href":"https:\/\/www.freeshopfrontiera.ch\/de\/wp-json\/wp\/v2\/media\/7819"}],"wp:attachment":[{"href":"https:\/\/www.freeshopfrontiera.ch\/de\/wp-json\/wp\/v2\/media?parent=7827"}],"wp:term":[{"taxonomy":"pwb-brand","embeddable":true,"href":"https:\/\/www.freeshopfrontiera.ch\/de\/wp-json\/wp\/v2\/pwb-brand?post=7827"},{"taxonomy":"product_brand","embeddable":true,"href":"https:\/\/www.freeshopfrontiera.ch\/de\/wp-json\/wp\/v2\/product_brand?post=7827"},{"taxonomy":"product_cat","embeddable":true,"href":"https:\/\/www.freeshopfrontiera.ch\/de\/wp-json\/wp\/v2\/product_cat?post=7827"},{"taxonomy":"product_tag","embeddable":true,"href":"https:\/\/www.freeshopfrontiera.ch\/de\/wp-json\/wp\/v2\/product_tag?post=7827"}],"curies":[{"name":"wp","href":"https:\/\/api.w.org\/{rel}","templated":true}]}}