{"id":8153,"date":"2024-11-15T11:21:56","date_gmt":"2024-11-15T11:21:56","guid":{"rendered":"https:\/\/freeshopswiss.alesca.org\/shop\/chopard-wish\/"},"modified":"2024-11-15T11:21:56","modified_gmt":"2024-11-15T11:21:56","slug":"chopard-wish","status":"publish","type":"product","link":"https:\/\/www.freeshopfrontiera.ch\/de\/shop\/chopard-wish\/","title":{"rendered":"CHOPARD Wish"},"content":{"rendered":"<p><strong>CHOPARD Wish Eau de Parfum: Eine sensorische Reise des Luxus<\/strong><\/p>\n<div class=\"flex max-w-full flex-col flex-grow\">\n<div class=\"min-h-8 text-message flex w-full flex-col items-end gap-2 whitespace-normal break-words [.text-message+&amp;]:mt-5\" dir=\"auto\" data-message-author-role=\"assistant\" data-message-id=\"392bb63b-fc3d-45ba-8744-ee1f67957ff1\" data-message-model-slug=\"gpt-4o-mini\">\n<div class=\"flex w-full flex-col gap-1 empty:hidden first:pt-[3px]\">\n<div class=\"markdown prose w-full break-words dark:prose-invert light\">\n<p><strong>Chopard Wish Eau de Parfum<\/strong> ist ein eleganter und geheimnisvoller Duft, der die Essenz von Luxus und Raffinesse einf\u00e4ngt. Dieses Damenparf\u00fcm wurde 1997 auf den Markt gebracht und hat sich zu einem Klassiker in der Welt der High-End-D\u00fcfte entwickelt. Mit seiner einzigartigen Kombination aus s\u00fc\u00dfen und w\u00fcrzigen Noten ist Chopard Wish perfekt f\u00fcr alle, die ein Parf\u00fcm suchen, das einen bleibenden Eindruck hinterl\u00e4sst, ohne auf einen Hauch von Klasse zu verzichten.  <\/p>\n<h3><strong>Ein einzigartiges olfaktorisches Abkommen<\/strong><\/h3>\n<p>Die Komposition von<strong> Wish<\/strong> ist eine olfaktorische Symphonie, die mit frischen und fruchtigen Noten er\u00f6ffnet. <strong>Karamell<\/strong> und <strong>Pflaume<\/strong> sorgen f\u00fcr eine s\u00fc\u00dfe Note, w\u00e4hrend <strong>Mandarine<\/strong> eine frische Zitrusnote hinzuf\u00fcgt. Auf diese Kopfnoten folgt ein warmes und umh\u00fcllendes Herz <strong>mit Kirsche<\/strong>, <strong>Orchidee<\/strong> und <strong>Maulbeere<\/strong> , die dem Duft Tiefe und Sinnlichkeit verleihen.  <\/p>\n<h3><strong>Eine warme und sinnliche Basis<\/strong><\/h3>\n<p>Das Fundament von<strong> Wish<\/strong> ist das, was es einzigartig macht. Noten von <strong>Vanille<\/strong>, <strong>Amber<\/strong> und <strong>Moschus<\/strong> vermischen sich und bilden eine umh\u00fcllende und anhaltende Spur, die den ganzen Tag \u00fcber auf der Haut verweilt. <strong>Patchouli<\/strong> f\u00fcgt einen leicht erdigen Unterton hinzu und balanciert die anf\u00e4ngliche S\u00fc\u00dfe mit einem reichhaltigen und raffinierten Abgang aus.  <\/p>\n<h3><strong>Ein elegantes und raffiniertes Design<\/strong><\/h3>\n<p>Der <strong>Flakon von Chopard Wish<\/strong> ist so elegant wie der Duft selbst. Das von Sternen inspirierte Design mit Farbverl\u00e4ufen von Lila bis Gold repr\u00e4sentiert perfekt die Raffinesse dieses Eau de Parfums. Der Flakon, der fast wie ein Juwel aussieht, spiegelt den Luxusansatz von Chopard wider und verleiht Ihrer Duftkollektion einen Hauch von Luxus.  <\/p>\n<h3><strong>Warum Chopard Wish w\u00e4hlen?<\/strong><\/h3>\n<p>Chopard Wish Eau de Parfum ist ideal f\u00fcr alle, die ein Parf\u00fcm suchen, das Eleganz, Originalit\u00e4t und Weiblichkeit ausdr\u00fcckt. Perfekt f\u00fcr besondere Abende oder f\u00fcr Momente, in denen Sie sich einzigartig und raffiniert f\u00fchlen m\u00f6chten. Mit seiner langen Dauer und umh\u00fcllenden Komposition wird Sie dieser Duft diskret begleiten und eine unwiderstehliche Spur hinterlassen. <strong>Chopard Wish<\/strong> ist ein zeitloser Duft, der Ihrem Tag einen Hauch von Magie und Luxus verleiht.  <\/p>\n<p>Verfolgen Sie alle unsere Neuigkeiten! <a href=\"https:\/\/www.instagram.com\/freeshopswiss\/\" target=\"_blank\" rel=\"noopener\">@freeshopswiss<\/a><\/p>\n<\/div>\n<\/div>\n<\/div>\n<\/div>\n","protected":false},"excerpt":{"rendered":"<div class=\"flex-shrink-0 flex flex-col relative items-end\">\n<div>\n<div class=\"pt-0\">\n<div class=\"gizmo-bot-avatar flex h-8 w-8 items-center justify-center overflow-hidden rounded-full\">\n<div class=\"relative p-1 rounded-sm flex items-center justify-center bg-token-main-surface-primary text-token-text-primary h-8 w-8\"><\/div>\n<\/div>\n<\/div>\n<\/div>\n<\/div>\n<div class=\"group\/conversation-turn relative flex w-full min-w-0 flex-col agent-turn\">\n<div class=\"flex-col gap-1 md:gap-3\">\n<div class=\"flex max-w-full flex-col flex-grow\">\n<div class=\"min-h-8 text-message flex w-full flex-col items-end gap-2 whitespace-normal break-words [.text-message+&amp;]:mt-5\" dir=\"auto\" data-message-author-role=\"assistant\" data-message-id=\"f8ae87e8-05d5-4eb2-9257-8437a7f85046\" data-message-model-slug=\"gpt-4o-mini\">\n<div class=\"flex w-full flex-col gap-1 empty:hidden first:pt-[3px]\">\n<div class=\"markdown prose w-full break-words dark:prose-invert light\">\n<p><em><strong>Chopard Wish Eau de Parfum<\/strong> ist ein eleganter und sinnlicher femininer Duft mit einer Mischung aus s\u00fc\u00dfen Noten von Karamell, Pflaume und Vanille, angereichert mit einem blumigen Herz und einer warmen Basis aus Moschus und Amber. Perfekt f\u00fcr alle, die ein raffiniertes und umh\u00fcllendes Parf\u00fcm suchen, ideal f\u00fcr besondere Anl\u00e4sse. <\/em><\/p>\n<\/div>\n<\/div>\n<\/div>\n<\/div>\n<\/div>\n<\/div>\n","protected":false},"featured_media":8141,"comment_status":"open","ping_status":"closed","template":"","meta":[],"pwb-brand":[273],"product_brand":[],"product_cat":[84,111],"product_tag":[148,790,952,254,293,4368,5051,5073],"class_list":{"0":"post-8153","1":"product","2":"type-product","3":"status-publish","4":"has-post-thumbnail","6":"pwb-brand-chopard","7":"product_cat-duefte","8":"product_cat-fur-sie-de","9":"product_tag-angebot","10":"product_tag-womens-fragrances-de","11":"product_tag-profumi-de","12":"product_tag-eau-de-parfum-de","13":"product_tag-frau","14":"product_tag-fruehlingsspecial","15":"product_tag-muttertag","16":"product_tag-muttertags-parfums","18":"first","19":"instock","20":"sale","21":"taxable","22":"shipping-taxable","23":"purchasable","24":"product-type-variable","25":"has-default-attributes"},"brands":[{"id":273,"name":"Chopard","slug":"chopard"}],"_links":{"self":[{"href":"https:\/\/www.freeshopfrontiera.ch\/de\/wp-json\/wp\/v2\/product\/8153","targetHints":{"allow":["GET"]}}],"collection":[{"href":"https:\/\/www.freeshopfrontiera.ch\/de\/wp-json\/wp\/v2\/product"}],"about":[{"href":"https:\/\/www.freeshopfrontiera.ch\/de\/wp-json\/wp\/v2\/types\/product"}],"replies":[{"embeddable":true,"href":"https:\/\/www.freeshopfrontiera.ch\/de\/wp-json\/wp\/v2\/comments?post=8153"}],"version-history":[{"count":0,"href":"https:\/\/www.freeshopfrontiera.ch\/de\/wp-json\/wp\/v2\/product\/8153\/revisions"}],"wp:featuredmedia":[{"embeddable":true,"href":"https:\/\/www.freeshopfrontiera.ch\/de\/wp-json\/wp\/v2\/media\/8141"}],"wp:attachment":[{"href":"https:\/\/www.freeshopfrontiera.ch\/de\/wp-json\/wp\/v2\/media?parent=8153"}],"wp:term":[{"taxonomy":"pwb-brand","embeddable":true,"href":"https:\/\/www.freeshopfrontiera.ch\/de\/wp-json\/wp\/v2\/pwb-brand?post=8153"},{"taxonomy":"product_brand","embeddable":true,"href":"https:\/\/www.freeshopfrontiera.ch\/de\/wp-json\/wp\/v2\/product_brand?post=8153"},{"taxonomy":"product_cat","embeddable":true,"href":"https:\/\/www.freeshopfrontiera.ch\/de\/wp-json\/wp\/v2\/product_cat?post=8153"},{"taxonomy":"product_tag","embeddable":true,"href":"https:\/\/www.freeshopfrontiera.ch\/de\/wp-json\/wp\/v2\/product_tag?post=8153"}],"curies":[{"name":"wp","href":"https:\/\/api.w.org\/{rel}","templated":true}]}}