{"id":8329,"date":"2024-11-18T09:39:06","date_gmt":"2024-11-18T09:39:06","guid":{"rendered":"https:\/\/freeshopswiss.alesca.org\/shop\/burberry-london-women\/"},"modified":"2024-11-18T09:39:06","modified_gmt":"2024-11-18T09:39:06","slug":"burberry-london-women","status":"publish","type":"product","link":"https:\/\/www.freeshopfrontiera.ch\/de\/shop\/burberry-london-women\/","title":{"rendered":"BURBERRY London Women"},"content":{"rendered":"<p><strong><br \/>BURBERRY London Women Eau de Parfum: Eleganz und Raffinesse in einem Duft<\/strong><\/p>\n<p><strong>BURBERRY London Women Eau de Parfum<\/strong> ist ein ikonischer Duft, der die Eleganz und den raffinierten Stil der britischen Marke Burberry verk\u00f6rpert. 2006 lanciert, ist diese feminine Duftkomposition eine Hommage an Raffinesse und Sinnlichkeit, perfekt f\u00fcr die moderne Frau, die \u00fcberall, wo sie geht, einen unvergesslichen Eindruck hinterlassen m\u00f6chte.<br \/>Die <strong>Kopfnote<\/strong> von<strong> BURBERRY London Women<\/strong> ist frisch und fruchtig, mit einer verlockenden Mischung aus <strong>Mandarine<\/strong>, <strong>Pfingstrose<\/strong> und <strong>Rosmarin<\/strong>, die einen lebendigen und spritzigen Auftakt bieten. Diese Kombination vermittelt ein erfrischendes Gef\u00fchl, das sich allm\u00e4hlich in ein w\u00e4rmeres, umh\u00fcllenderes Herz verwandelt.<br \/>Im Herzen des Duftes verschmelzen die Noten von <strong>Jasmin<\/strong>, <strong>Zimt<\/strong> und <strong>Pfirsich<\/strong> harmonisch und schaffen ein reiches und sinnliches Blumenbouquet. Der Jasmin f\u00fcgt eine elegante und raffinierte Nuance hinzu, w\u00e4hrend der Zimt eine w\u00fcrzige Note verleiht, die den Duft w\u00e4rmer und einladender macht.<br \/>Die <strong>Basis<\/strong> von <strong>London Women Eau de Parfum<\/strong> ist reich und sinnlich, mit Noten von <strong>Sandelholz<\/strong>, <strong>Vetiver<\/strong> und <strong>Moschus<\/strong>, die dem Duft eine langanhaltende Pr\u00e4senz verleihen und einen tiefen, eleganten Duft hinterlassen. Diese Noten sorgen f\u00fcr sowohl Raffinesse als auch anhaltende Sinnlichkeit. <\/p>\n<p> Das <strong>Sandelholz<\/strong> f\u00fcgt dem Duft eine weiche und cremige Dimension hinzu, w\u00e4hrend <strong>Vetiver<\/strong> und <strong>Moschus<\/strong> die Komposition mit einer Tiefe vervollst\u00e4ndigen, die eine verf\u00fchrerische und anspruchsvolle Duftspur hinterl\u00e4sst. Dieser Duft ist perfekt f\u00fcr jede Gelegenheit, passt jedoch besonders gut zu Abendveranstaltungen und besonderen Momenten. Dank seiner ausgewogenen Zusammensetzung kann <strong>London Women Eau de Parfum<\/strong> das ganze Jahr \u00fcber getragen werden, da es sowohl an k\u00fchleren als auch an w\u00e4rmeren Tagen gut zur Geltung kommt.<br \/>Die Flasche selbst ist ein Spiegelbild des Burberry-Stils: schlicht, elegant und zeitlos. Mit ihrem minimalistischen Design und dem klassischen Karomuster repr\u00e4sentiert sie perfekt die Tradition und Innovation der Marke.<br \/><strong>BURBERRY London Women Eau de Parfum<\/strong> ist ideal f\u00fcr die Frau, die einen Duft sucht, der Frische, Eleganz und Sinnlichkeit vereint. Wenn du ein Parf\u00fcm m\u00f6chtest, das dich raffiniert und selbstbewusst f\u00fchlen l\u00e4sst, ist dies die perfekte Wahl.<\/p>\n<p>Verfolgen Sie alle unsere Neuigkeiten! <a href=\"https:\/\/www.instagram.com\/freeshopswiss\/\" target=\"_blank\" rel=\"noopener\">@freeshopswiss<\/a><\/p>\n","protected":false},"excerpt":{"rendered":"<p><strong>BURBERRY London Women Eau de Parfum<\/strong> ist ein raffinierter Duft, der Frische und Sinnlichkeit vereint. Mit Kopfnote von Mandarine und Pfingstrose, einem blumigen Herz aus Jasmin und Zimt sowie einer Basis aus Sandelholz und Moschus, ist es der ideale Duft f\u00fcr die elegante und moderne Frau. Perfekt f\u00fcr jede Gelegenheit, hinterl\u00e4sst es eine Spur von Raffinesse, die den ganzen Tag anh\u00e4lt.  <\/p>\n","protected":false},"featured_media":8321,"comment_status":"open","ping_status":"closed","template":"","meta":[],"pwb-brand":[261],"product_brand":[],"product_cat":[144,84,111,98],"product_tag":[281,790,952,254,293,4349],"class_list":{"0":"post-8329","1":"product","2":"type-product","3":"status-publish","4":"has-post-thumbnail","6":"pwb-brand-burberry","7":"product_cat-bietet","8":"product_cat-duefte","9":"product_cat-fur-sie-de","10":"product_cat-hohepunkte","11":"product_tag-bestseller-de","12":"product_tag-womens-fragrances-de","13":"product_tag-profumi-de","14":"product_tag-eau-de-parfum-de","15":"product_tag-frau","16":"product_tag-frauentag","18":"first","19":"outofstock","20":"sale","21":"taxable","22":"shipping-taxable","23":"purchasable","24":"product-type-simple"},"brands":[{"id":261,"name":"Burberry","slug":"burberry"}],"_links":{"self":[{"href":"https:\/\/www.freeshopfrontiera.ch\/de\/wp-json\/wp\/v2\/product\/8329","targetHints":{"allow":["GET"]}}],"collection":[{"href":"https:\/\/www.freeshopfrontiera.ch\/de\/wp-json\/wp\/v2\/product"}],"about":[{"href":"https:\/\/www.freeshopfrontiera.ch\/de\/wp-json\/wp\/v2\/types\/product"}],"replies":[{"embeddable":true,"href":"https:\/\/www.freeshopfrontiera.ch\/de\/wp-json\/wp\/v2\/comments?post=8329"}],"version-history":[{"count":0,"href":"https:\/\/www.freeshopfrontiera.ch\/de\/wp-json\/wp\/v2\/product\/8329\/revisions"}],"wp:featuredmedia":[{"embeddable":true,"href":"https:\/\/www.freeshopfrontiera.ch\/de\/wp-json\/wp\/v2\/media\/8321"}],"wp:attachment":[{"href":"https:\/\/www.freeshopfrontiera.ch\/de\/wp-json\/wp\/v2\/media?parent=8329"}],"wp:term":[{"taxonomy":"pwb-brand","embeddable":true,"href":"https:\/\/www.freeshopfrontiera.ch\/de\/wp-json\/wp\/v2\/pwb-brand?post=8329"},{"taxonomy":"product_brand","embeddable":true,"href":"https:\/\/www.freeshopfrontiera.ch\/de\/wp-json\/wp\/v2\/product_brand?post=8329"},{"taxonomy":"product_cat","embeddable":true,"href":"https:\/\/www.freeshopfrontiera.ch\/de\/wp-json\/wp\/v2\/product_cat?post=8329"},{"taxonomy":"product_tag","embeddable":true,"href":"https:\/\/www.freeshopfrontiera.ch\/de\/wp-json\/wp\/v2\/product_tag?post=8329"}],"curies":[{"name":"wp","href":"https:\/\/api.w.org\/{rel}","templated":true}]}}