{"id":8453,"date":"2024-11-20T08:13:47","date_gmt":"2024-11-20T08:13:47","guid":{"rendered":"https:\/\/freeshopswiss.alesca.org\/shop\/montblanc-legend-for-men\/"},"modified":"2025-07-29T09:54:31","modified_gmt":"2025-07-29T09:54:31","slug":"montblanc-legend-for-men","status":"publish","type":"product","link":"https:\/\/www.freeshopfrontiera.ch\/de\/shop\/montblanc-legend-for-men\/","title":{"rendered":"MONTBLANC Legend For Men"},"content":{"rendered":"<p><strong>MontBlanc Legend For Men Eau de Parfum: Eleganz und Raffinesse<\/strong><\/p>\n<p><strong>Eine Ikone der Herrenparf\u00fcmerie<\/strong><br \/>\nMont Blanc Legend For Men Eau de Parfum ist ein ikonischer Duft, der Eleganz und Raffinesse verk\u00f6rpert. Geschaffen f\u00fcr den modernen Mann, ist es ein Parf\u00fcm, das seine Spuren hinterl\u00e4sst, ohne jemals aufdringlich zu sein. <strong>Die olfaktorischen Noten der Mont-Blanc-Legende<\/strong><br \/>\nDie olfaktorische Komposition von Mont Blanc Legend ist eine perfekte Balance zwischen Frische und Sinnlichkeit. Die Kopfnoten sind fruchtig, mit Bergamotte und Lavendel. Das Herz des Duftes wird von Jasmin und Rose dominiert, w\u00e4hrend die Basis mit Sandelholz, Moschus und Zedernholz angereichert ist. <strong>Ein vielseitiger und langanhaltender Duft<\/strong><br \/>\nMontBlanc Legend For Men passt sich jedem Anlass an, vom Arbeitstag bis zum eleganten Abend. Seine Langlebigkeit ist bemerkenswert und verleiht ihm eine ausdauernde Spur, die den ganzen Tag anh\u00e4lt. Seine anf\u00e4ngliche Frische weicht einer holzigen und sinnlichen Basis, perfekt f\u00fcr den Mann, der ein vielseitiges Parf\u00fcm sucht. <strong>Ein schlankes und modernes Design<\/strong><br \/>\nAuch der Flakon Mont Blanc Legend For Men spiegelt seine Raffinesse wider. Das moderne Design mit dem charakteristischen Mont-Blanc-Logo macht es zu einem Objekt der Begierde auch f\u00fcr Duftliebhaber. Die Flasche besteht aus dunklem Glas mit metallischen Details, die eine Vorstellung von St\u00e4rke und Eleganz ausdr\u00fccken. F\u00fcr<br \/>\n<strong>den selbstbewussten<\/strong> MannMont Blanc Legend ist f\u00fcr den Mann gedacht, der mit seinem Duft ein Stil-Statement setzen m\u00f6chte. Es ist perfekt f\u00fcr alle, die gerne einen bleibenden Eindruck hinterlassen, ohne ihn jemals zu \u00fcbertreffen. <strong>Schlussfolgerung<\/strong><br \/>\nMontBlanc Legend For Men Eau de Parfum ist ein zeitloser Duft, der Frische, Eleganz und Sinnlichkeit vereint. Ein Must-Have f\u00fcr jeden Mann, der sich mit Klasse abheben m\u00f6chte.<\/p>\n<p>Verfolgen Sie alle unsere Neuigkeiten! <a href=\"https:\/\/www.instagram.com\/freeshopswiss\/\" target=\"_blank\" rel=\"noopener\">@freeshopswiss<\/a><\/p>\n","protected":false},"excerpt":{"rendered":"<p><em><strong>Mont Blanc Legend For Men<\/strong> Eau de Parfum ist ein eleganter und vielseitiger Duft mit frischen Noten von Bergamotte und Lavendel, einem blumigen Herzen und einer holzigen Basis. Perfekt f\u00fcr jeden Anlass, bietet es eine lange Lebensdauer und ein anspruchsvolles Design. Ideal f\u00fcr den Mann, der Klasse und Raffinesse sucht. <\/em><\/p>\n","protected":false},"featured_media":8436,"comment_status":"open","ping_status":"closed","template":"","meta":[],"pwb-brand":[283],"product_brand":[],"product_cat":[84,86],"product_tag":[952,254,953,1642],"class_list":{"0":"post-8453","1":"product","2":"type-product","3":"status-publish","4":"has-post-thumbnail","6":"pwb-brand-mont-blanc","7":"product_cat-duefte","8":"product_cat-fur-ihn-de","9":"product_tag-profumi-de","10":"product_tag-eau-de-parfum-de","11":"product_tag-uomo-de","12":"product_tag-mens-fragrances-de","14":"first","15":"instock","16":"sale","17":"taxable","18":"shipping-taxable","19":"purchasable","20":"product-type-variable","21":"has-default-attributes"},"brands":[{"id":283,"name":"Mont Blanc","slug":"mont-blanc"}],"_links":{"self":[{"href":"https:\/\/www.freeshopfrontiera.ch\/de\/wp-json\/wp\/v2\/product\/8453","targetHints":{"allow":["GET"]}}],"collection":[{"href":"https:\/\/www.freeshopfrontiera.ch\/de\/wp-json\/wp\/v2\/product"}],"about":[{"href":"https:\/\/www.freeshopfrontiera.ch\/de\/wp-json\/wp\/v2\/types\/product"}],"replies":[{"embeddable":true,"href":"https:\/\/www.freeshopfrontiera.ch\/de\/wp-json\/wp\/v2\/comments?post=8453"}],"version-history":[{"count":1,"href":"https:\/\/www.freeshopfrontiera.ch\/de\/wp-json\/wp\/v2\/product\/8453\/revisions"}],"predecessor-version":[{"id":33934,"href":"https:\/\/www.freeshopfrontiera.ch\/de\/wp-json\/wp\/v2\/product\/8453\/revisions\/33934"}],"wp:featuredmedia":[{"embeddable":true,"href":"https:\/\/www.freeshopfrontiera.ch\/de\/wp-json\/wp\/v2\/media\/8436"}],"wp:attachment":[{"href":"https:\/\/www.freeshopfrontiera.ch\/de\/wp-json\/wp\/v2\/media?parent=8453"}],"wp:term":[{"taxonomy":"pwb-brand","embeddable":true,"href":"https:\/\/www.freeshopfrontiera.ch\/de\/wp-json\/wp\/v2\/pwb-brand?post=8453"},{"taxonomy":"product_brand","embeddable":true,"href":"https:\/\/www.freeshopfrontiera.ch\/de\/wp-json\/wp\/v2\/product_brand?post=8453"},{"taxonomy":"product_cat","embeddable":true,"href":"https:\/\/www.freeshopfrontiera.ch\/de\/wp-json\/wp\/v2\/product_cat?post=8453"},{"taxonomy":"product_tag","embeddable":true,"href":"https:\/\/www.freeshopfrontiera.ch\/de\/wp-json\/wp\/v2\/product_tag?post=8453"}],"curies":[{"name":"wp","href":"https:\/\/api.w.org\/{rel}","templated":true}]}}