{"id":8623,"date":"2024-11-20T15:34:57","date_gmt":"2024-11-20T15:34:57","guid":{"rendered":"https:\/\/freeshopswiss.alesca.org\/shop\/prada-paradoxon\/"},"modified":"2025-06-30T12:52:52","modified_gmt":"2025-06-30T12:52:52","slug":"prada-paradoxon","status":"publish","type":"product","link":"https:\/\/www.freeshopfrontiera.ch\/de\/shop\/prada-paradoxon\/","title":{"rendered":"PRADA Paradoxe"},"content":{"rendered":"<p><strong>PRADA Paradoxe Eau de Parfum: Eine Essenz aus Kontrasten und Eleganz<\/strong><\/p>\n<p><strong>Ein innovatives und raffiniertes<\/strong><br \/>\nParf\u00fcmPRADA Paradoxe Eau de Parfum ist ein Duft, der mit Kontrasten spielt und Eleganz und K\u00fchnheit in einer einzigen Essenz vereint. Entworfen f\u00fcr die moderne und anspruchsvolle Frau, zieht dieses Parf\u00fcm mit seiner unerwarteten und einnehmenden Komposition die Aufmerksamkeit auf sich. Es ist perfekt f\u00fcr diejenigen, die ein unverwechselbares und zeitgem\u00e4\u00dfes Parf\u00fcm suchen, das sich an jede Situation anpassen kann.<\/p>\n<p><strong>Die olfaktorischen Noten des Paradoxons<\/strong><br \/>\nDie Kopfnoten von PRADA Paradoxe sind frisch und fruchtig, mit einem zarten Akzent von Neroli und Bergamotte. Das Herz des Duftes wird von einem blumigen Bouquet aus Jasmin und Rose dominiert, das einen Hauch von Weiblichkeit verleiht. Die Basisnoten sind mit Amber, Vanille und Moschus angereichert, die eine warme und umh\u00fcllende Basis verleihen und den Duft raffiniert und sinnlich machen.<\/p>\n<p><strong>Ein vielseitiger und langanhaltender Duft<\/strong><br \/>\nPRADA Paradoxe ist ein vielseitiges Parf\u00fcm, das sich perfekt an jede Tageszeit anpasst. Die anf\u00e4ngliche Frische macht ihn ideal f\u00fcr den t\u00e4glichen Gebrauch, w\u00e4hrend er durch seine Intensit\u00e4t auch perfekt f\u00fcr den Abend geeignet ist. Seine lange Lebensdauer sorgt f\u00fcr eine ausdauernde Spur, die einen eleganten und raffinierten Abdruck hinterl\u00e4sst.<\/p>\n<p><strong>Das elegante Design der Flasche<\/strong><br \/>\nDie Flasche PRADA Paradoxe ist ein Werk von elegantem und minimalistischem Design. Die moderne Form mit weichen, abgerundeten Linien ist ein perfektes Spiegelbild des Duftes selbst. Das klare Glas und der goldene Verschluss verleihen dem Flakon einen Hauch von Luxus und Raffinesse und machen den Flakon zu einem echten Sammlerst\u00fcck.<\/p>\n<p><strong>F\u00fcr die moderne und selbstbewusste<\/strong><br \/>\nFrauPRADA Paradoxe ist f\u00fcr die Frau gedacht, die ihre Eleganz und einzigartige Pers\u00f6nlichkeit zum Ausdruck bringen m\u00f6chte. Es ist ideal f\u00fcr diejenigen, die es lieben, anders zu sein, aber ohne auf Klasse zu verzichten. Das Parfum repr\u00e4sentiert die St\u00e4rke der zeitgen\u00f6ssischen Frau, die in der Lage ist, mit Kontrasten zu spielen und eine unausl\u00f6schliche Spur zu hinterlassen.<\/p>\n<p><strong>Schlussfolgerung<\/strong><br \/>\nParadoxe ist ein Duft, der Frische, Sinnlichkeit und Raffinesse vereint. Perfekt f\u00fcr jede Frau, die ein einzigartiges Parf\u00fcm sucht, das ihre Pers\u00f6nlichkeit zu jeder Tageszeit widerspiegeln kann.<\/p>\n<p>Verfolgen Sie alle unsere Neuigkeiten! <a href=\"https:\/\/www.instagram.com\/freeshopswiss\/\" target=\"_blank\" rel=\"noopener\">@freeshopswiss<\/a><\/p>\n","protected":false},"excerpt":{"rendered":"<p><em><strong>PRADA Paradoxe Eau de Parfum ist ein eleganter<\/strong> und kr\u00e4ftiger Duft mit Noten von Neroli, Jasmin und Vanille. Perfekt f\u00fcr die moderne, vielseitige und langlebige Frau. <\/em><\/p>\n","protected":false},"featured_media":17568,"comment_status":"open","ping_status":"closed","template":"","meta":[],"pwb-brand":[285],"product_brand":[],"product_cat":[144,84,111,4196],"product_tag":[148,790,952,254,293,4368],"class_list":{"0":"post-8623","1":"product","2":"type-product","3":"status-publish","4":"has-post-thumbnail","6":"pwb-brand-prada","7":"product_cat-bietet","8":"product_cat-duefte","9":"product_cat-fur-sie-de","10":"product_cat-dufte-aktion","11":"product_tag-angebot","12":"product_tag-womens-fragrances-de","13":"product_tag-profumi-de","14":"product_tag-eau-de-parfum-de","15":"product_tag-frau","16":"product_tag-fruehlingsspecial","18":"first","19":"instock","20":"sale","21":"taxable","22":"shipping-taxable","23":"purchasable","24":"product-type-variable","25":"has-default-attributes"},"brands":[{"id":285,"name":"Prada","slug":"prada"}],"_links":{"self":[{"href":"https:\/\/www.freeshopfrontiera.ch\/de\/wp-json\/wp\/v2\/product\/8623","targetHints":{"allow":["GET"]}}],"collection":[{"href":"https:\/\/www.freeshopfrontiera.ch\/de\/wp-json\/wp\/v2\/product"}],"about":[{"href":"https:\/\/www.freeshopfrontiera.ch\/de\/wp-json\/wp\/v2\/types\/product"}],"replies":[{"embeddable":true,"href":"https:\/\/www.freeshopfrontiera.ch\/de\/wp-json\/wp\/v2\/comments?post=8623"}],"version-history":[{"count":3,"href":"https:\/\/www.freeshopfrontiera.ch\/de\/wp-json\/wp\/v2\/product\/8623\/revisions"}],"predecessor-version":[{"id":32533,"href":"https:\/\/www.freeshopfrontiera.ch\/de\/wp-json\/wp\/v2\/product\/8623\/revisions\/32533"}],"wp:featuredmedia":[{"embeddable":true,"href":"https:\/\/www.freeshopfrontiera.ch\/de\/wp-json\/wp\/v2\/media\/17568"}],"wp:attachment":[{"href":"https:\/\/www.freeshopfrontiera.ch\/de\/wp-json\/wp\/v2\/media?parent=8623"}],"wp:term":[{"taxonomy":"pwb-brand","embeddable":true,"href":"https:\/\/www.freeshopfrontiera.ch\/de\/wp-json\/wp\/v2\/pwb-brand?post=8623"},{"taxonomy":"product_brand","embeddable":true,"href":"https:\/\/www.freeshopfrontiera.ch\/de\/wp-json\/wp\/v2\/product_brand?post=8623"},{"taxonomy":"product_cat","embeddable":true,"href":"https:\/\/www.freeshopfrontiera.ch\/de\/wp-json\/wp\/v2\/product_cat?post=8623"},{"taxonomy":"product_tag","embeddable":true,"href":"https:\/\/www.freeshopfrontiera.ch\/de\/wp-json\/wp\/v2\/product_tag?post=8623"}],"curies":[{"name":"wp","href":"https:\/\/api.w.org\/{rel}","templated":true}]}}