{"id":8684,"date":"2024-11-20T16:38:25","date_gmt":"2024-11-20T16:38:25","guid":{"rendered":"https:\/\/freeshopswiss.alesca.org\/shop\/prada-paradox-intensiv\/"},"modified":"2025-09-04T10:11:14","modified_gmt":"2025-09-04T10:11:14","slug":"prada-paradox-intensiv","status":"publish","type":"product","link":"https:\/\/www.freeshopfrontiera.ch\/de\/shop\/prada-paradox-intensiv\/","title":{"rendered":"PRADA Paradox Intensiv"},"content":{"rendered":"<p><strong>PRADA Paradoxe Intense Eau de Parfum: Ein Duft der Kontraste und Verf\u00fchrung<\/strong><\/p>\n<p><strong>Ein intensiver und verf\u00fchrerischer<\/strong><br \/>\n DuftParadoxe Intense Eau de Parfum ist ein Parf\u00fcm, das mit Kontrasten spielt und Intensit\u00e4t und Sinnlichkeit vereint. Dieser Duft ist ideal f\u00fcr die moderne Frau und zeichnet sich durch seine Eleganz und St\u00e4rke aus. Perfekt f\u00fcr alle, die auf der Suche nach einem einzigartigen Duft sind, der in der Lage ist, starke Emotionen hervorzurufen. <strong>Die olfaktorischen Noten von PRADA Paradoxe Intense<\/strong><br \/>\nDie Kopfnoten von PRADA Paradoxe Intense sind frisch und fruchtig, mit dem Aroma von Mandarine und Birne. Das Herz des Duftes wird von wei\u00dfen Bl\u00fcten dominiert, darunter Jasmin und Gardenie, die eine reichhaltige und raffinierte blumige Komponente hinzuf\u00fcgen. Die Basisnoten, die reich an Amber, Moschus und Vanille sind, bieten eine warme und umh\u00fcllende Basis, die den Duft noch intensiver und anhaltender macht. <strong>Ein perfektes Parf\u00fcm f\u00fcr jeden Anlass<\/strong><br \/>\nPRADA Paradoxe Intense ist ein Duft, der sich perfekt an jeden Anlass anpasst. Seine Intensit\u00e4t macht ihn ideal f\u00fcr den Abend, aber auch f\u00fcr besondere Veranstaltungen. Seine lange Lebensdauer erm\u00f6glicht es Ihnen, seinen verf\u00fchrerischen Trail den ganzen Tag \u00fcber zu genie\u00dfen, was ihn zu einem perfekten Begleiter macht. <strong>Das Design der Flasche: Eleganz und Modernit\u00e4t<\/strong><br \/>\nDer Flakon von PRADA Paradoxe Intense ist genauso raffiniert wie der Duft. Seine moderne und elegante Form wird durch eine goldene Kappe unterstrichen, die an Luxus und Eleganz erinnert. Das transparente Glas mit seiner zarten Farbe unterstreicht die Sch\u00f6nheit des Parf\u00fcms, w\u00e4hrend das minimalistische Design ihm einen Hauch von Klasse verleiht. <strong>F\u00fcr die starke und mutige<\/strong><br \/>\n FrauParadoxe Intense wurde f\u00fcr die Frau entwickelt, die ihre Sinnlichkeit und Unabh\u00e4ngigkeit zum Ausdruck bringen m\u00f6chte. Es ist das perfekte Parf\u00fcm f\u00fcr alle, die es gerne mutig und raffiniert m\u00f6gen, mit einem Duft, der einen unausl\u00f6schlichen Eindruck hinterl\u00e4sst. <strong>Schlussfolgerung<\/strong><br \/>\nParadoxe Intense Eau de Parfum ist ein Duft, der Frische, Intensit\u00e4t und Sinnlichkeit vereint. Perfekt f\u00fcr die Frau, die ihre Pers\u00f6nlichkeit mit Eleganz ausdr\u00fccken m\u00f6chte, ist es ideal f\u00fcr diejenigen, die ein Parf\u00fcm suchen, das in jeder Situation zuschl\u00e4gt und fasziniert.  <\/p>\n<p>Verfolgen Sie alle unsere Neuigkeiten! <a href=\"https:\/\/www.instagram.com\/freeshopswiss\/\" target=\"_blank\" rel=\"noopener\">@freeshopswiss<\/a><\/p>\n","protected":false},"excerpt":{"rendered":"<div class=\"flex-shrink-0 flex flex-col relative items-end\">\n<div>\n<div class=\"pt-0\">\n<div class=\"gizmo-bot-avatar flex h-8 w-8 items-center justify-center overflow-hidden rounded-full\">\n<div class=\"relative p-1 rounded-sm flex items-center justify-center bg-token-main-surface-primary text-token-text-primary h-8 w-8\"><em><strong>PRADA Paradoxe Intense Eau de Parfum<\/strong> ist ein verf\u00fchrerischer und intensiver Duft mit Noten von Mandarine, Jasmin und Vanille. Perfekt f\u00fcr die mutige und anspruchsvolle Frau, bietet es eine lange Haltbarkeit und einen einzigartigen Fu\u00dfabdruck. <\/em><\/div>\n<\/div>\n<\/div>\n<\/div>\n<\/div>\n","protected":false},"featured_media":17572,"comment_status":"open","ping_status":"closed","template":"","meta":[],"pwb-brand":[285],"product_brand":[],"product_cat":[84,111,98],"product_tag":[790,952,254,293],"class_list":{"0":"post-8684","1":"product","2":"type-product","3":"status-publish","4":"has-post-thumbnail","6":"pwb-brand-prada","7":"product_cat-duefte","8":"product_cat-fur-sie-de","9":"product_cat-hohepunkte","10":"product_tag-womens-fragrances-de","11":"product_tag-profumi-de","12":"product_tag-eau-de-parfum-de","13":"product_tag-frau","15":"first","16":"instock","17":"sale","18":"taxable","19":"shipping-taxable","20":"purchasable","21":"product-type-variable","22":"has-default-attributes"},"brands":[{"id":285,"name":"Prada","slug":"prada"}],"_links":{"self":[{"href":"https:\/\/www.freeshopfrontiera.ch\/de\/wp-json\/wp\/v2\/product\/8684","targetHints":{"allow":["GET"]}}],"collection":[{"href":"https:\/\/www.freeshopfrontiera.ch\/de\/wp-json\/wp\/v2\/product"}],"about":[{"href":"https:\/\/www.freeshopfrontiera.ch\/de\/wp-json\/wp\/v2\/types\/product"}],"replies":[{"embeddable":true,"href":"https:\/\/www.freeshopfrontiera.ch\/de\/wp-json\/wp\/v2\/comments?post=8684"}],"version-history":[{"count":0,"href":"https:\/\/www.freeshopfrontiera.ch\/de\/wp-json\/wp\/v2\/product\/8684\/revisions"}],"wp:featuredmedia":[{"embeddable":true,"href":"https:\/\/www.freeshopfrontiera.ch\/de\/wp-json\/wp\/v2\/media\/17572"}],"wp:attachment":[{"href":"https:\/\/www.freeshopfrontiera.ch\/de\/wp-json\/wp\/v2\/media?parent=8684"}],"wp:term":[{"taxonomy":"pwb-brand","embeddable":true,"href":"https:\/\/www.freeshopfrontiera.ch\/de\/wp-json\/wp\/v2\/pwb-brand?post=8684"},{"taxonomy":"product_brand","embeddable":true,"href":"https:\/\/www.freeshopfrontiera.ch\/de\/wp-json\/wp\/v2\/product_brand?post=8684"},{"taxonomy":"product_cat","embeddable":true,"href":"https:\/\/www.freeshopfrontiera.ch\/de\/wp-json\/wp\/v2\/product_cat?post=8684"},{"taxonomy":"product_tag","embeddable":true,"href":"https:\/\/www.freeshopfrontiera.ch\/de\/wp-json\/wp\/v2\/product_tag?post=8684"}],"curies":[{"name":"wp","href":"https:\/\/api.w.org\/{rel}","templated":true}]}}