{"id":8719,"date":"2024-11-20T17:08:47","date_gmt":"2024-11-20T17:08:47","guid":{"rendered":"https:\/\/freeshopswiss.alesca.org\/shop\/gianni-versace-eros\/"},"modified":"2026-03-09T11:06:14","modified_gmt":"2026-03-09T11:06:14","slug":"versace-eros-eau-de-toilette","status":"publish","type":"product","link":"https:\/\/www.freeshopfrontiera.ch\/de\/shop\/versace-eros-eau-de-toilette\/","title":{"rendered":"VERSACE Eros Eau de Toilette"},"content":{"rendered":"<p><strong>VERSACE Eros Eau de Toilette: Die Kraft des Herrenparf\u00fcms<\/strong><\/p>\n<p><strong>Ein intensiver und verf\u00fchrerischer<\/strong><br \/>\nDuft Eros ist ein kraftvoller und verf\u00fchrerischer Duft, der f\u00fcr den selbstbewussten Mann entwickelt wurde. Mit einer umh\u00fcllenden olfaktorischen Komposition repr\u00e4sentiert es Begierde und Leidenschaft. Das Parf\u00fcm verk\u00f6rpert die St\u00e4rke der modernen maskulinen Pers\u00f6nlichkeit, perfekt f\u00fcr diejenigen, die eine Essenz suchen, die ihre Spuren hinterl\u00e4sst. <strong>Die olfaktorischen Noten von VERSACE Eros<\/strong><br \/>\nDie Kopfnoten des VERSACE Eros Eau de Toilette sind frisch und zitrusartig, mit Zitrone, Minze und gr\u00fcnem Apfel. Diese ersten Elemente vermitteln ein Gef\u00fchl von Frische und Energie. Das Herz des Duftes wird von einer blumigen und w\u00fcrzigen Mischung mit Geranie und Ambroxan dominiert. Die Basisnoten, angereichert mit Vanille, Moschus und Zedernholz, verleihen eine warme und sinnliche Basis.<\/p>\n<p><strong>Ein perfekter Duft f\u00fcr jeden Anlass<\/strong><br \/>\nEros Eau de Toilette eignet sich f\u00fcr verschiedene Anl\u00e4sse. Seine anf\u00e4ngliche Frische macht ihn ideal f\u00fcr den Tag, w\u00e4hrend er mit seiner Intensit\u00e4t auch perfekt f\u00fcr den Abend ist. Seine lange Lebensdauer sorgt daf\u00fcr, dass sein verf\u00fchrerischer Hauch den ganzen Tag \u00fcber auf der Haut bleibt und ihm einen einzigartigen Abdruck verleiht.<\/p>\n<p><strong>Das elegante Design der Flasche<\/strong><br \/>\nDer Flakon VERSACE Eros ist ein wahres Symbol f\u00fcr Luxus und Macht. Das Design zeichnet sich durch elegante Linien und goldene Details mit dem ber\u00fchmten Versace-Quallenlogo aus. Das tiefblaue Glas erinnert an den starken und raffinierten Charakter des Duftes.<\/p>\n<p><strong>F\u00fcr den mutigen und selbstbewussten<\/strong><br \/>\nMann VERSACE Eros ist f\u00fcr den Mann gedacht, der seine St\u00e4rke, Sinnlichkeit und Entschlossenheit zum Ausdruck bringen m\u00f6chte. Es ist das ideale Parf\u00fcm f\u00fcr alle, die \u00fcberall einen unausl\u00f6schlichen Eindruck hinterlassen m\u00f6chten.<\/p>\n<p><strong>Schlussfolgerung<\/strong><br \/>\nEros Eau de Toilette ist ein intensives und verf\u00fchrerisches Parfum, perfekt f\u00fcr den modernen und selbstbewussten Mann. Mit einer Kombination aus Frische, Sinnlichkeit und W\u00e4rme ist es ideal f\u00fcr diejenigen, die ein Parf\u00fcm suchen, das ihre Pers\u00f6nlichkeit repr\u00e4sentiert.<\/p>\n<p>Verfolgen Sie alle unsere Neuheiten! <a href=\"https:\/\/www.instagram.com\/freeshopswiss\/\" target=\"_blank\" rel=\"noopener\">@freeshopswiss<\/a><\/p>\n","protected":false},"excerpt":{"rendered":"<p><em><strong>VERSACE Eros Eau de Toilette ist ein intensiver<\/strong> und verf\u00fchrerischer Duft mit Noten von Zitrone, Minze, Geranie und Zedernholz. Perfekt f\u00fcr den selbstbewussten und wagemutigen Mann. <\/em><\/p>\n","protected":false},"featured_media":8714,"comment_status":"open","ping_status":"closed","template":"","meta":[],"pwb-brand":[124],"product_brand":[],"product_cat":[84,86,4196],"product_tag":[148,952,147,4368,953,1642],"class_list":{"0":"post-8719","1":"product","2":"type-product","3":"status-publish","4":"has-post-thumbnail","6":"pwb-brand-versace","7":"product_cat-duefte","8":"product_cat-fur-ihn-de","9":"product_cat-dufte-aktion","10":"product_tag-angebot","11":"product_tag-profumi-de","12":"product_tag-eau-de-toilette-de","13":"product_tag-fruehlingsspecial","14":"product_tag-uomo-de","15":"product_tag-mens-fragrances-de","17":"first","18":"instock","19":"sale","20":"taxable","21":"shipping-taxable","22":"purchasable","23":"product-type-variable","24":"has-default-attributes"},"brands":[{"id":124,"name":"Versace","slug":"versace"}],"_links":{"self":[{"href":"https:\/\/www.freeshopfrontiera.ch\/de\/wp-json\/wp\/v2\/product\/8719","targetHints":{"allow":["GET"]}}],"collection":[{"href":"https:\/\/www.freeshopfrontiera.ch\/de\/wp-json\/wp\/v2\/product"}],"about":[{"href":"https:\/\/www.freeshopfrontiera.ch\/de\/wp-json\/wp\/v2\/types\/product"}],"replies":[{"embeddable":true,"href":"https:\/\/www.freeshopfrontiera.ch\/de\/wp-json\/wp\/v2\/comments?post=8719"}],"version-history":[{"count":5,"href":"https:\/\/www.freeshopfrontiera.ch\/de\/wp-json\/wp\/v2\/product\/8719\/revisions"}],"predecessor-version":[{"id":40861,"href":"https:\/\/www.freeshopfrontiera.ch\/de\/wp-json\/wp\/v2\/product\/8719\/revisions\/40861"}],"wp:featuredmedia":[{"embeddable":true,"href":"https:\/\/www.freeshopfrontiera.ch\/de\/wp-json\/wp\/v2\/media\/8714"}],"wp:attachment":[{"href":"https:\/\/www.freeshopfrontiera.ch\/de\/wp-json\/wp\/v2\/media?parent=8719"}],"wp:term":[{"taxonomy":"pwb-brand","embeddable":true,"href":"https:\/\/www.freeshopfrontiera.ch\/de\/wp-json\/wp\/v2\/pwb-brand?post=8719"},{"taxonomy":"product_brand","embeddable":true,"href":"https:\/\/www.freeshopfrontiera.ch\/de\/wp-json\/wp\/v2\/product_brand?post=8719"},{"taxonomy":"product_cat","embeddable":true,"href":"https:\/\/www.freeshopfrontiera.ch\/de\/wp-json\/wp\/v2\/product_cat?post=8719"},{"taxonomy":"product_tag","embeddable":true,"href":"https:\/\/www.freeshopfrontiera.ch\/de\/wp-json\/wp\/v2\/product_tag?post=8719"}],"curies":[{"name":"wp","href":"https:\/\/api.w.org\/{rel}","templated":true}]}}