{"id":8896,"date":"2024-11-27T14:38:37","date_gmt":"2024-11-27T14:38:37","guid":{"rendered":"https:\/\/freeshopswiss.alesca.org\/shop\/af-authentic-moment-fuer-maenner\/"},"modified":"2025-07-29T10:56:03","modified_gmt":"2025-07-29T10:56:03","slug":"af-authentic-moment-fuer-maenner","status":"publish","type":"product","link":"https:\/\/www.freeshopfrontiera.ch\/de\/shop\/af-authentic-moment-fuer-maenner\/","title":{"rendered":"A&amp;F Authentic Moment f\u00fcr M\u00e4nner"},"content":{"rendered":"<p><strong>A&amp;F Authentic Moment For Men: Eine Essenz aus Stil und Eleganz<\/strong><\/p>\n<p>Abercrombie &amp; Fitch ist eine Marke, die f\u00fcr ihre F\u00e4higkeit bekannt ist, den Geist von l\u00e4ssigem und zeitgen\u00f6ssischem Luxus einzufangen. Mit <strong>dem Authentic Moment For Men Eau de Toilette<\/strong> bietet das Haus einen frischen und intensiven Duft, der f\u00fcr den modernen und dynamischen Mann konzipiert wurde. Dieser Duft ist ideal f\u00fcr diejenigen, die einen Duft suchen, der ihre Pers\u00f6nlichkeit widerspiegelt, mit einem Hauch von Eleganz und einer starken Energieladung.<\/p>\n<p><strong>Die olfaktorischen Noten von Abercrombie &amp; Fitch Authentic Moment For Men<\/strong><\/p>\n<p>Die Kopfnoten von <strong>A&amp;F Authentic Moment For Men<\/strong> sind frisch und zitrusartig. <strong>Bergamotte<\/strong> und <strong>Grapefruit<\/strong> sorgen f\u00fcr eine Explosion der Frische, die sofort ins Auge sticht. Diese Zitrusakzente werden von einem w\u00fcrzigen Herzen begleitet, in dem Noten von <strong>schwarzem Pfeffer<\/strong> und <strong>Kardamom<\/strong> vorherrschen. Diese Inhaltsstoffe verleihen dem Parf\u00fcm eine starke, aber gleichzeitig raffinierte Pers\u00f6nlichkeit. Die Basisnoten, darunter <strong>Zedernholz<\/strong> und <strong>Moschus<\/strong>, verleihen Tiefe und verweilen viele Stunden auf der Haut, was diesen Duft perfekt f\u00fcr jede Tageszeit macht.<\/p>\n<p><strong>Ein Parfum f\u00fcr den Mann von heute<\/strong><\/p>\n<p><strong>Authentic Moment For Men Eau de Toilette<\/strong> wurde f\u00fcr den Mann entwickelt, der ein Parf\u00fcm sucht, das zu seinem aktiven und anspruchsvollen Lebensstil passt. Der Duft ist vielseitig einsetzbar, perfekt f\u00fcr das B\u00fcro, einen eleganten Abend oder einen l\u00e4ssigen Tag. Seine anf\u00e4ngliche Frische verwandelt sich in einen intensiveren und umh\u00fcllenden Trail, der ein angenehmes Gef\u00fchl von Sicherheit und Klasse hinterl\u00e4sst.<\/p>\n<p><strong>Schlankes und modernes Flaschendesign<\/strong><\/p>\n<p>Der <strong>Flakon von Authentic Moment For Men<\/strong> ist elegant und minimalistisch. Das transparente Glas enth\u00fcllt die bernsteinfarbene Farbe des Parf\u00fcms, w\u00e4hrend die Metallkappe einen Hauch von dezentem Luxus verleiht. Das n\u00fcchterne und essentielle Design harmoniert perfekt mit der Identit\u00e4t der Marke Abercrombie &amp; Fitch.<\/p>\n<p><strong>Warum sollten Sie sich f\u00fcr Abercrombie &amp; Fitch Authentic Moment For Men entscheiden?<\/strong><\/p>\n<p>A&amp;F Authentic Moment For Men ist ein Duft, der Frische und Intensit\u00e4t vereint und f\u00fcr den modernen Mann entwickelt wurde, der nicht unbemerkt bleiben m\u00f6chte. Dank seiner ausgewogenen Zusammensetzung und Haltbarkeit ist es ideal f\u00fcr alle, die einen vielseitigen und raffinierten Duft suchen. Wenn Sie ein Parf\u00fcm suchen, das Ihre Pers\u00f6nlichkeit ausdr\u00fcckt und Sie zu jeder Tageszeit begleitet, ist <strong>Abercrombie &amp; Fitch Authentic Moment For Men Eau de Toilette<\/strong> die richtige Wahl.<\/p>\n<p>Verfolgen Sie alle unsere Neuigkeiten! <a href=\"https:\/\/www.instagram.com\/freeshopswiss\/\" target=\"_blank\" rel=\"noopener\">@freeshopswiss<\/a><\/p>\n","protected":false},"excerpt":{"rendered":"<div class=\"flex-shrink-0 flex flex-col relative items-end\">\n<div>\n<div class=\"pt-0\">\n<div class=\"gizmo-bot-avatar flex h-8 w-8 items-center justify-center overflow-hidden rounded-full\">\n<div class=\"relative p-1 rounded-sm flex items-center justify-center bg-token-main-surface-primary text-token-text-primary h-8 w-8\"><em><strong>Abercrombie &amp; Fitch Authentic Moment For Men Eau de Toilette ist ein frischer<\/strong> und intensiver Duft mit Noten von Bergamotte, schwarzem Pfeffer und Zedernholz. Ideal f\u00fcr den modernen Mann, vereint es Eleganz und Energie in einem vielseitigen und lang anhaltenden Parf\u00fcm. <\/em><\/div>\n<\/div>\n<\/div>\n<\/div>\n<\/div>\n","protected":false},"featured_media":8888,"comment_status":"open","ping_status":"closed","template":"","meta":[],"pwb-brand":[288],"product_brand":[],"product_cat":[84,86],"product_tag":[952,147,953,1642],"class_list":{"0":"post-8896","1":"product","2":"type-product","3":"status-publish","4":"has-post-thumbnail","6":"pwb-brand-abercrombiefitch","7":"product_cat-duefte","8":"product_cat-fur-ihn-de","9":"product_tag-profumi-de","10":"product_tag-eau-de-toilette-de","11":"product_tag-uomo-de","12":"product_tag-mens-fragrances-de","14":"first","15":"outofstock","16":"taxable","17":"shipping-taxable","18":"product-type-variable","19":"has-default-attributes"},"brands":[{"id":288,"name":"Abercrombie&amp;Fitch","slug":"abercrombiefitch"}],"_links":{"self":[{"href":"https:\/\/www.freeshopfrontiera.ch\/de\/wp-json\/wp\/v2\/product\/8896","targetHints":{"allow":["GET"]}}],"collection":[{"href":"https:\/\/www.freeshopfrontiera.ch\/de\/wp-json\/wp\/v2\/product"}],"about":[{"href":"https:\/\/www.freeshopfrontiera.ch\/de\/wp-json\/wp\/v2\/types\/product"}],"replies":[{"embeddable":true,"href":"https:\/\/www.freeshopfrontiera.ch\/de\/wp-json\/wp\/v2\/comments?post=8896"}],"version-history":[{"count":1,"href":"https:\/\/www.freeshopfrontiera.ch\/de\/wp-json\/wp\/v2\/product\/8896\/revisions"}],"predecessor-version":[{"id":33938,"href":"https:\/\/www.freeshopfrontiera.ch\/de\/wp-json\/wp\/v2\/product\/8896\/revisions\/33938"}],"wp:featuredmedia":[{"embeddable":true,"href":"https:\/\/www.freeshopfrontiera.ch\/de\/wp-json\/wp\/v2\/media\/8888"}],"wp:attachment":[{"href":"https:\/\/www.freeshopfrontiera.ch\/de\/wp-json\/wp\/v2\/media?parent=8896"}],"wp:term":[{"taxonomy":"pwb-brand","embeddable":true,"href":"https:\/\/www.freeshopfrontiera.ch\/de\/wp-json\/wp\/v2\/pwb-brand?post=8896"},{"taxonomy":"product_brand","embeddable":true,"href":"https:\/\/www.freeshopfrontiera.ch\/de\/wp-json\/wp\/v2\/product_brand?post=8896"},{"taxonomy":"product_cat","embeddable":true,"href":"https:\/\/www.freeshopfrontiera.ch\/de\/wp-json\/wp\/v2\/product_cat?post=8896"},{"taxonomy":"product_tag","embeddable":true,"href":"https:\/\/www.freeshopfrontiera.ch\/de\/wp-json\/wp\/v2\/product_tag?post=8896"}],"curies":[{"name":"wp","href":"https:\/\/api.w.org\/{rel}","templated":true}]}}