{"id":8928,"date":"2024-11-27T15:06:51","date_gmt":"2024-11-27T15:06:51","guid":{"rendered":"https:\/\/freeshopswiss.alesca.org\/shop\/af-authentic-fuer-maenner\/"},"modified":"2025-07-29T10:55:52","modified_gmt":"2025-07-29T10:55:52","slug":"af-authentic-fuer-maenner","status":"publish","type":"product","link":"https:\/\/www.freeshopfrontiera.ch\/de\/shop\/af-authentic-fuer-maenner\/","title":{"rendered":"A&amp;F Authentic f\u00fcr M\u00e4nner"},"content":{"rendered":"<p><strong>A&amp;F Authentic For Men Eau de Toilette: Ein Duft von Stil und Frische<\/strong><\/p>\n<p>Abercrombie &amp; Fitch steht f\u00fcr Eleganz und Frische. Mit <strong>Authentic For Men Eau de Toilette<\/strong> bietet die Marke einen einzigartigen und dynamischen Duft, der f\u00fcr den Mann entwickelt wurde, der ein vielseitiges, anspruchsvolles und durchsetzungsf\u00e4higes Parf\u00fcm sucht. Dieser Duft f\u00e4ngt die Essenz der zeitgen\u00f6ssischen M\u00e4nnlichkeit ein und ist damit ideal f\u00fcr jeden Anlass.<\/p>\n<p><strong>Die olfaktorischen Noten von Abercrombie &amp; Fitch Authentic For Men<\/strong><\/p>\n<p>Die Kopfnoten von <strong>Authentic For Men<\/strong> sind frisch und zitrusartig. Die Kombination aus <strong>Bergamotte<\/strong> und <strong>Limette<\/strong> schafft einen prickelnden Auftakt, der Energie und Vitalit\u00e4t freisetzt. Das Herz des Duftes zeichnet sich durch eine w\u00fcrzige und aromatische Mischung mit Noten von <strong>Kardamom<\/strong> und <strong>schwarzem Pfeffer<\/strong> aus, die eine w\u00e4rmere und raffiniertere Dimension hinzuf\u00fcgen. Die Basisnoten, die <strong>sich aus Zedernholz<\/strong>, <strong>Amber<\/strong> und <strong>Moschus<\/strong> zusammensetzen, verleihen eine intensive und anhaltende Spur, die ein Gef\u00fchl von Frische hinterl\u00e4sst, das \u00fcber die Zeit anh\u00e4lt.<\/p>\n<p><strong>Ein vielseitiges Parf\u00fcm f\u00fcr den modernen Mann<\/strong><\/p>\n<p>Abercrombie &amp; <strong>Fitch Authentic For Men Eau de Toilette<\/strong> ist perfekt f\u00fcr den Mann, der einen vielseitigen Duft sucht. Dank seiner Frische und seines starken Charakters kann er zu jeder Tageszeit getragen werden. Ideal f\u00fcr das B\u00fcro, aber auch f\u00fcr einen informellen Abend, passt sich dieses Parf\u00fcm leicht an verschiedene Situationen an und beh\u00e4lt dabei immer einen Hauch von Eleganz und Raffinesse.<\/p>\n<p><strong>Elegantes Flaschendesign<\/strong><\/p>\n<p>Die <strong>Flasche Authentic For Men<\/strong> ist schlicht und doch elegant. Es besteht aus transparentem Glas und enth\u00fcllt die bernsteinfarbene Farbe des Parf\u00fcms, w\u00e4hrend die Metallkappe einen Hauch von dezentem Luxus verleiht. Das n\u00fcchterne Design der Flasche spiegelt die Philosophie der Marke mit einem klaren und zeitgem\u00e4\u00dfen Stil perfekt wider.<\/p>\n<p><strong>Warum A&amp;F Authentic For Men w\u00e4hlen?<\/strong><\/p>\n<p>Wenn Sie auf der Suche nach einem Duft sind, der Frische und Tiefe vereint, ist <strong>A&amp;F Authentic For Men Eau de Toilette<\/strong> die perfekte Wahl. Mit seinen Zitrus- und Gew\u00fcrznoten bietet es einen modernen und lang anhaltenden Duft, ideal f\u00fcr den Mann, der einen Duft sucht, der seine Pers\u00f6nlichkeit zum Ausdruck bringt. Dank seiner Vielseitigkeit eignet er sich perfekt f\u00fcr jede Tageszeit und bewahrt eine Aura zeitloser Eleganz.<\/p>\n<p>Verfolgen Sie alle unsere Neuigkeiten! <a href=\"https:\/\/www.instagram.com\/freeshopswiss\/\" target=\"_blank\" rel=\"noopener\">@freeshopswiss<\/a><\/p>\n","protected":false},"excerpt":{"rendered":"<p><em><strong>Abercrombie &amp; Fitch Authentic For Men Eau de Toilette<\/strong> ist ein frischer und raffinierter Duft mit Noten von Bergamotte, Kardamom und Zedernholz. Perfekt f\u00fcr den modernen und dynamischen Mann. <\/em><\/p>\n","protected":false},"featured_media":8906,"comment_status":"open","ping_status":"closed","template":"","meta":[],"pwb-brand":[288],"product_brand":[],"product_cat":[84,86],"product_tag":[952,147,4368,953,1642],"class_list":{"0":"post-8928","1":"product","2":"type-product","3":"status-publish","4":"has-post-thumbnail","6":"pwb-brand-abercrombiefitch","7":"product_cat-duefte","8":"product_cat-fur-ihn-de","9":"product_tag-profumi-de","10":"product_tag-eau-de-toilette-de","11":"product_tag-fruehlingsspecial","12":"product_tag-uomo-de","13":"product_tag-mens-fragrances-de","15":"first","16":"instock","17":"sale","18":"taxable","19":"shipping-taxable","20":"purchasable","21":"product-type-variable","22":"has-default-attributes"},"brands":[{"id":288,"name":"Abercrombie&amp;Fitch","slug":"abercrombiefitch"}],"_links":{"self":[{"href":"https:\/\/www.freeshopfrontiera.ch\/de\/wp-json\/wp\/v2\/product\/8928","targetHints":{"allow":["GET"]}}],"collection":[{"href":"https:\/\/www.freeshopfrontiera.ch\/de\/wp-json\/wp\/v2\/product"}],"about":[{"href":"https:\/\/www.freeshopfrontiera.ch\/de\/wp-json\/wp\/v2\/types\/product"}],"replies":[{"embeddable":true,"href":"https:\/\/www.freeshopfrontiera.ch\/de\/wp-json\/wp\/v2\/comments?post=8928"}],"version-history":[{"count":1,"href":"https:\/\/www.freeshopfrontiera.ch\/de\/wp-json\/wp\/v2\/product\/8928\/revisions"}],"predecessor-version":[{"id":33937,"href":"https:\/\/www.freeshopfrontiera.ch\/de\/wp-json\/wp\/v2\/product\/8928\/revisions\/33937"}],"wp:featuredmedia":[{"embeddable":true,"href":"https:\/\/www.freeshopfrontiera.ch\/de\/wp-json\/wp\/v2\/media\/8906"}],"wp:attachment":[{"href":"https:\/\/www.freeshopfrontiera.ch\/de\/wp-json\/wp\/v2\/media?parent=8928"}],"wp:term":[{"taxonomy":"pwb-brand","embeddable":true,"href":"https:\/\/www.freeshopfrontiera.ch\/de\/wp-json\/wp\/v2\/pwb-brand?post=8928"},{"taxonomy":"product_brand","embeddable":true,"href":"https:\/\/www.freeshopfrontiera.ch\/de\/wp-json\/wp\/v2\/product_brand?post=8928"},{"taxonomy":"product_cat","embeddable":true,"href":"https:\/\/www.freeshopfrontiera.ch\/de\/wp-json\/wp\/v2\/product_cat?post=8928"},{"taxonomy":"product_tag","embeddable":true,"href":"https:\/\/www.freeshopfrontiera.ch\/de\/wp-json\/wp\/v2\/product_tag?post=8928"}],"curies":[{"name":"wp","href":"https:\/\/api.w.org\/{rel}","templated":true}]}}