{"id":8977,"date":"2024-11-27T15:51:55","date_gmt":"2024-11-27T15:51:55","guid":{"rendered":"https:\/\/freeshopswiss.alesca.org\/shop\/ysl-schwarzes-opium\/"},"modified":"2024-11-27T15:51:55","modified_gmt":"2024-11-27T15:51:55","slug":"ysl-schwarzes-opium","status":"publish","type":"product","link":"https:\/\/www.freeshopfrontiera.ch\/de\/shop\/ysl-schwarzes-opium\/","title":{"rendered":"YSL Schwarzes Opium"},"content":{"rendered":"<p><strong>YSL Black Opium Eau de Parfum: Der Duft von Verf\u00fchrung und Modernit\u00e4t<\/strong><\/p>\n<p><strong>Yves Saint Laurent Black Opium Eau de Parfum<\/strong> ist ein Duft, der Sinnlichkeit und Modernit\u00e4t verk\u00f6rpert. Dieses 2014 erstmals auf den Markt gebrachte Parf\u00fcm ist zu einer Ikone der franz\u00f6sischen Marke geworden, die f\u00fcr ihre umh\u00fcllende Intensit\u00e4t und ihren k\u00fchnen Charakter gesch\u00e4tzt wird. Black Opium wurde f\u00fcr die Frau entwickelt, die es liebt, aufzufallen, mit einem Duft, der eine unwiderstehliche und anhaltende Spur hinterl\u00e4sst.  <\/p>\n<p><strong>Die olfaktorischen Noten von Yves Saint Laurent Black Opium<\/strong><\/p>\n<p>Die Anfangsnoten des <strong>Black Opium Eau de Parfum<\/strong> sind dank der Kombination von <strong>rosa Pfeffer<\/strong> und <strong>Orangenbl\u00fcte<\/strong> frisch und prickelnd und sorgen f\u00fcr einen lebendigen und umh\u00fcllenden Auftakt. Das Herz des Duftes wird vom <strong>Kaffee<\/strong> dominiert, der ihm einen tiefen und w\u00fcrzigen Charakter verleiht, kombiniert mit <strong>Sambac-Jasmin<\/strong> , der eine blumige und sinnliche Note hinzuf\u00fcgt. Die Basisnoten mit <strong>Vanille<\/strong>, <strong>Patchouli<\/strong> und <strong>Zedernholz<\/strong> bilden eine warme und umh\u00fcllende Basis, die dem Parf\u00fcm eine lange Dauer und eine anhaltende Spur verleiht.  <\/p>\n<p><strong>Ein mutiges und sinnliches Parf\u00fcm f\u00fcr Frauen<\/strong><\/p>\n<p><strong>Black Opium Eau de Parfum<\/strong> ist f\u00fcr die moderne, selbstbewusste und mutige Frau konzipiert. Der Duft ist ideal f\u00fcr den Abend, f\u00fcr besondere Anl\u00e4sse oder wenn Sie einen starken Eindruck hinterlassen m\u00f6chten. Seine einzigartige Komposition, die Frische, S\u00fc\u00dfe und Intensit\u00e4t vereint, macht es perfekt f\u00fcr alle, die ein Parf\u00fcm suchen, das Sinnlichkeit ausdr\u00fcckt, ohne zu aufdringlich zu sein.  <\/p>\n<p><strong>Das elegante Design der Flasche<\/strong><\/p>\n<p>Die Flasche <strong>Black Opium Eau de Parfum<\/strong> ist elegant und modern. Seine kreisf\u00f6rmige Form, Symbol der Marke Yves Saint Laurent, zeichnet sich durch ein mattschwarzes Glas mit einer goldenen und gl\u00e4nzenden Kappe aus, die an den geheimnisvollen und verf\u00fchrerischen Charakter des Duftes erinnert. Das Design des Flakons ist so gestaltet, dass es die raffinierte und k\u00fchne Seele des Parf\u00fcms widerspiegelt.  <\/p>\n<p><strong>Warum YSL Black Opium Eau de Parfum w\u00e4hlen?<\/strong><\/p>\n<p>Wenn Sie auf der Suche nach einem Duft sind, der Intensit\u00e4t und S\u00fc\u00dfe vereint, ist <strong>Black Opium Eau de Parfum<\/strong> die perfekte Wahl. Mit seinen Noten von Kaffee, Vanille und Orangenbl\u00fcte ist es ein einzigartiger Duft, der Ihnen das Gef\u00fchl gibt, etwas Besonderes zu sein. Seine lange Lebensdauer und sein hartn\u00e4ckiger Weg machen es ideal f\u00fcr Frauen, die einen unausl\u00f6schlichen Eindruck hinterlassen m\u00f6chten. Yves Saint Laurent Black Opium ist perfekt f\u00fcr die elegantesten Abende oder f\u00fcr jeden Moment, der einen Hauch von Verf\u00fchrung erfordert.   <\/p>\n<p>Verfolgen Sie alle unsere Neuigkeiten! <a href=\"https:\/\/www.instagram.com\/freeshopswiss\/\" target=\"_blank\" rel=\"noopener\">@freeshopswiss<\/a><\/p>\n","protected":false},"excerpt":{"rendered":"<p><em><strong>Yves Saint Laurent Black Opium Eau de Parfum<\/strong> ist ein intensiver und verf\u00fchrerischer Duft mit Noten von Kaffee, Jasmin, Vanille und Patchouli, ideal f\u00fcr die mutige und anspruchsvolle Frau.<\/em><\/p>\n","protected":false},"featured_media":8971,"comment_status":"open","ping_status":"closed","template":"","meta":[],"pwb-brand":[268],"product_brand":[],"product_cat":[84,111,98],"product_tag":[790,952,254,293,259],"class_list":{"0":"post-8977","1":"product","2":"type-product","3":"status-publish","4":"has-post-thumbnail","6":"pwb-brand-yves-saint-laurent","7":"product_cat-duefte","8":"product_cat-fur-sie-de","9":"product_cat-hohepunkte","10":"product_tag-womens-fragrances-de","11":"product_tag-profumi-de","12":"product_tag-eau-de-parfum-de","13":"product_tag-frau","14":"product_tag-parfume","16":"first","17":"instock","18":"sale","19":"taxable","20":"shipping-taxable","21":"purchasable","22":"product-type-variable","23":"has-default-attributes"},"brands":[{"id":268,"name":"Yves Saint Laurent","slug":"yves-saint-laurent"}],"_links":{"self":[{"href":"https:\/\/www.freeshopfrontiera.ch\/de\/wp-json\/wp\/v2\/product\/8977","targetHints":{"allow":["GET"]}}],"collection":[{"href":"https:\/\/www.freeshopfrontiera.ch\/de\/wp-json\/wp\/v2\/product"}],"about":[{"href":"https:\/\/www.freeshopfrontiera.ch\/de\/wp-json\/wp\/v2\/types\/product"}],"replies":[{"embeddable":true,"href":"https:\/\/www.freeshopfrontiera.ch\/de\/wp-json\/wp\/v2\/comments?post=8977"}],"version-history":[{"count":0,"href":"https:\/\/www.freeshopfrontiera.ch\/de\/wp-json\/wp\/v2\/product\/8977\/revisions"}],"wp:featuredmedia":[{"embeddable":true,"href":"https:\/\/www.freeshopfrontiera.ch\/de\/wp-json\/wp\/v2\/media\/8971"}],"wp:attachment":[{"href":"https:\/\/www.freeshopfrontiera.ch\/de\/wp-json\/wp\/v2\/media?parent=8977"}],"wp:term":[{"taxonomy":"pwb-brand","embeddable":true,"href":"https:\/\/www.freeshopfrontiera.ch\/de\/wp-json\/wp\/v2\/pwb-brand?post=8977"},{"taxonomy":"product_brand","embeddable":true,"href":"https:\/\/www.freeshopfrontiera.ch\/de\/wp-json\/wp\/v2\/product_brand?post=8977"},{"taxonomy":"product_cat","embeddable":true,"href":"https:\/\/www.freeshopfrontiera.ch\/de\/wp-json\/wp\/v2\/product_cat?post=8977"},{"taxonomy":"product_tag","embeddable":true,"href":"https:\/\/www.freeshopfrontiera.ch\/de\/wp-json\/wp\/v2\/product_tag?post=8977"}],"curies":[{"name":"wp","href":"https:\/\/api.w.org\/{rel}","templated":true}]}}