{"id":9004,"date":"2024-11-28T08:27:35","date_gmt":"2024-11-28T08:27:35","guid":{"rendered":"https:\/\/freeshopswiss.alesca.org\/shop\/ysl-schwarzes-opium-le-parfum\/"},"modified":"2024-11-28T08:27:35","modified_gmt":"2024-11-28T08:27:35","slug":"ysl-schwarzes-opium-le-parfum","status":"publish","type":"product","link":"https:\/\/www.freeshopfrontiera.ch\/de\/shop\/ysl-schwarzes-opium-le-parfum\/","title":{"rendered":"YSL Schwarzes Opium Le Parfum"},"content":{"rendered":"<p><strong>YSL Black Opium Le Parfum: Der Duft von Verf\u00fchrung und Eleganz<\/strong><\/p>\n<p><strong>Yves Saint Laurent Black Opium Le Parfum<\/strong> ist ein exklusiver Duft, der die Essenz von Sinnlichkeit und Luxus darstellt. Diese intensivere Version des ber\u00fchmten Black Opium, die 2020 auf den Markt kam, zeichnet sich durch ihre F\u00fclle und ihren unwiderstehlichen Charakter aus. Perfekt f\u00fcr die moderne Frau, die einen kr\u00e4ftigen, raffinierten und lang anhaltenden Duft sucht, ist <strong>Black Opium Le Parfum<\/strong> ideal f\u00fcr besondere Anl\u00e4sse.  <\/p>\n<p><strong>Die olfaktorischen Noten von YSL Black Opium Le Parfum<\/strong><\/p>\n<p>Die Anfangsnoten von <strong>Black Opium Le Parfum<\/strong> sind intensiver als in der Originalversion. Der Duft er\u00f6ffnet mit <strong>schwarzem Kaffee<\/strong>, der einen k\u00fchnen und umh\u00fcllenden Start ergibt. Das Herz des Parf\u00fcms wird durch ein blumiges Bouquet aus <strong>Jasmin, Sambac<\/strong> und <strong>Orangenbl\u00fcte<\/strong> bereichert, das eine sinnliche und feminine Note verleiht. Die Basisnoten mit <strong>Bourbon-Vanille<\/strong>, <strong>Patchouli<\/strong> und <strong>Amber<\/strong> schaffen eine warme, reichhaltige und anhaltende Basis, die eine unverwechselbare Spur hinterl\u00e4sst.   <\/p>\n<p><strong>Ein intensives Parf\u00fcm f\u00fcr die mutige Frau<\/strong><\/p>\n<p><strong>Yves Saint Laurent Black Opium Le Parfum<\/strong> wurde f\u00fcr die Frau entwickelt, die intensive und sinnliche Parfums liebt. Mit seiner konzentrierteren und umh\u00fcllenden Komposition ist dieser Duft perfekt f\u00fcr den Abend und f\u00fcr besondere Anl\u00e4sse. Die Intensit\u00e4t des Kaffees und der Vanille macht diese Version noch faszinierender und einzigartiger und vermittelt ein Gef\u00fchl von Luxus und Raffinesse.  <\/p>\n<p><strong>Das elegante Design der Flasche<\/strong><\/p>\n<p>Der <strong>Flakon von Black Opium Le Parfum<\/strong> beh\u00e4lt das charakteristische runde Design von Black Opium bei, aber mit einer raffinierteren Note. Das mattschwarze Glas und die goldene Kappe spiegeln die Eleganz und Intensit\u00e4t des Duftes wider. Der Flakon, elegant und modern, ist perfekt f\u00fcr einen Duft, der sich durch seine Exklusivit\u00e4t und seinen verf\u00fchrerischen Charakter auszeichnet.  <\/p>\n<p><strong>Warum YSL Black Opium Le Parfum w\u00e4hlen?<\/strong><\/p>\n<p>Wenn Sie auf der Suche nach einem Duft sind, der Intensit\u00e4t, Sinnlichkeit und Raffinesse vereint, ist <strong>Black Opium Le Parfum<\/strong> die perfekte Wahl. Seine reichhaltige und umh\u00fcllende Komposition ist ideal f\u00fcr die moderne Frau, die auffallen m\u00f6chte. Dank seiner Langlebigkeit und seiner anhaltenden Spur wird Sie dieser Duft den ganzen Abend \u00fcber begleiten und jeden Moment zu etwas Besonderem und Unvergesslichem machen. Yves Saint Laurent <strong>Black Opium Le Parfum<\/strong> ist die perfekte Essenz f\u00fcr alle, die auf der Suche nach einem einzigartigen, kr\u00e4ftigen und raffinierten Duft sind.   <\/p>\n<p>Verfolgen Sie alle unsere Neuigkeiten! <a href=\"https:\/\/www.instagram.com\/freeshopswiss\/\" target=\"_blank\" rel=\"noopener\">@freeshopswiss<\/a><\/p>\n","protected":false},"excerpt":{"rendered":"<p><em><strong>Yves Saint Laurent Black Opium Le Parfum<\/strong> ist ein intensiver und verf\u00fchrerischer Duft mit Noten von Kaffee, Jasmin, Vanille und Patchouli, perfekt f\u00fcr die mutige und anspruchsvolle Frau.<\/em><\/p>\n","protected":false},"featured_media":8996,"comment_status":"open","ping_status":"closed","template":"","meta":[],"pwb-brand":[268],"product_brand":[],"product_cat":[84,111,98],"product_tag":[790,952,254,293,259],"class_list":{"0":"post-9004","1":"product","2":"type-product","3":"status-publish","4":"has-post-thumbnail","6":"pwb-brand-yves-saint-laurent","7":"product_cat-duefte","8":"product_cat-fur-sie-de","9":"product_cat-hohepunkte","10":"product_tag-womens-fragrances-de","11":"product_tag-profumi-de","12":"product_tag-eau-de-parfum-de","13":"product_tag-frau","14":"product_tag-parfume","16":"first","17":"instock","18":"sale","19":"taxable","20":"shipping-taxable","21":"purchasable","22":"product-type-variable","23":"has-default-attributes"},"brands":[{"id":268,"name":"Yves Saint Laurent","slug":"yves-saint-laurent"}],"_links":{"self":[{"href":"https:\/\/www.freeshopfrontiera.ch\/de\/wp-json\/wp\/v2\/product\/9004","targetHints":{"allow":["GET"]}}],"collection":[{"href":"https:\/\/www.freeshopfrontiera.ch\/de\/wp-json\/wp\/v2\/product"}],"about":[{"href":"https:\/\/www.freeshopfrontiera.ch\/de\/wp-json\/wp\/v2\/types\/product"}],"replies":[{"embeddable":true,"href":"https:\/\/www.freeshopfrontiera.ch\/de\/wp-json\/wp\/v2\/comments?post=9004"}],"version-history":[{"count":0,"href":"https:\/\/www.freeshopfrontiera.ch\/de\/wp-json\/wp\/v2\/product\/9004\/revisions"}],"wp:featuredmedia":[{"embeddable":true,"href":"https:\/\/www.freeshopfrontiera.ch\/de\/wp-json\/wp\/v2\/media\/8996"}],"wp:attachment":[{"href":"https:\/\/www.freeshopfrontiera.ch\/de\/wp-json\/wp\/v2\/media?parent=9004"}],"wp:term":[{"taxonomy":"pwb-brand","embeddable":true,"href":"https:\/\/www.freeshopfrontiera.ch\/de\/wp-json\/wp\/v2\/pwb-brand?post=9004"},{"taxonomy":"product_brand","embeddable":true,"href":"https:\/\/www.freeshopfrontiera.ch\/de\/wp-json\/wp\/v2\/product_brand?post=9004"},{"taxonomy":"product_cat","embeddable":true,"href":"https:\/\/www.freeshopfrontiera.ch\/de\/wp-json\/wp\/v2\/product_cat?post=9004"},{"taxonomy":"product_tag","embeddable":true,"href":"https:\/\/www.freeshopfrontiera.ch\/de\/wp-json\/wp\/v2\/product_tag?post=9004"}],"curies":[{"name":"wp","href":"https:\/\/api.w.org\/{rel}","templated":true}]}}