{"id":9029,"date":"2024-11-28T12:11:18","date_gmt":"2024-11-28T12:11:18","guid":{"rendered":"https:\/\/freeshopswiss.alesca.org\/shop\/schwarzes-opium-ueber-rot\/"},"modified":"2024-11-28T12:11:18","modified_gmt":"2024-11-28T12:11:18","slug":"schwarzes-opium-ueber-rot","status":"publish","type":"product","link":"https:\/\/www.freeshopfrontiera.ch\/de\/shop\/schwarzes-opium-ueber-rot\/","title":{"rendered":"Schwarzes Opium \u00fcber Rot"},"content":{"rendered":"<h1>YSL Black Opium \u00fcber Rot: Eleganz und Leidenschaft in einer Flasche<\/h1>\n<p><strong>Yves Saint Laurent<\/strong> ist einer der bekanntesten Namen in der Welt der Mode und Sch\u00f6nheit. Der Duft <strong>Black Opium Over Red Eau de Parfum<\/strong> stellt eine mutige Weiterentwicklung der Black Opium-Linie dar und bietet eine perfekte Kombination aus Sinnlichkeit und Raffinesse. Die neue Version zeichnet sich durch eine h\u00f6here Intensit\u00e4t aus, die den Geist einer starken und kultivierten Frau verk\u00f6rpert.  <\/p>\n<h2>Ein olfaktorischer Panzer: die Noten des Duftes<\/h2>\n<p><strong>Over Red<\/strong> er\u00f6ffnet mit einer reichhaltigen und umh\u00fcllenden Mischung aus <strong>schwarzem Kaffee<\/strong> und <strong>Vanille<\/strong>, die dem Duft ein sofortiges Gef\u00fchl von W\u00e4rme und Komfort verleiht. Im Laufe der Zeit tauchen Noten von <strong>Orangenbl\u00fcten<\/strong> und <strong>rosa Pfeffer<\/strong> auf, die eine frische und lebendige Note verleihen. Die Kombination <strong>aus Zedernholz<\/strong> und <strong>Patchouli<\/strong> bereichert die Komposition und schafft eine tiefe und geheimnisvolle Basis. Den weichen und umh\u00fcllenden Abgang gibt <strong>die Tonkabohne<\/strong>, die eine unwiderstehliche Spur hinterl\u00e4sst.   <\/p>\n<h2>Ein eleganter und verf\u00fchrerischer Flakon<\/h2>\n<p>Die Verpackung von <strong>Black Opium Over Red<\/strong> bleibt nicht unbemerkt. Die Flasche mit ihrem markanten zylinderf\u00f6rmigen Design ist in einem eleganten <strong>tiefen Rot<\/strong> \u00fcberzogen, das Leidenschaft und St\u00e4rke hervorruft. Das schimmernde Glas f\u00e4ngt das Licht auf faszinierende Weise ein und macht die Flasche nicht nur zu einem Beh\u00e4lter, sondern zu einem echten Objekt der Begierde.  <\/p>\n<h2>Der ideale Duft f\u00fcr jeden besonderen Anlass<\/h2>\n<p>Dieses Eau de Parfum ist perfekt f\u00fcr den Abend oder f\u00fcr Veranstaltungen, bei denen Sie einen unausl\u00f6schlichen Eindruck hinterlassen m\u00f6chten. Seine <strong>Intensit\u00e4t und Reichhaltigkeit<\/strong> machen ihn geeignet f\u00fcr besondere Anl\u00e4sse, bei denen jedes Detail z\u00e4hlt. Die anhaltende Spur von Black Opium Over Red ist in der Lage, ein <strong>Gef\u00fchl von Luxus<\/strong> zu hinterlassen, das den Tr\u00e4ger den ganzen Tag \u00fcber begleitet.  <\/p>\n<h2>Warum Yves Saint Laurent Black Opium Over Red w\u00e4hlen?<\/h2>\n<p><strong>Over Red<\/strong> ist die perfekte Wahl f\u00fcr alle, die einen Duft suchen, der <strong>Leidenschaft, Eleganz und K\u00fchnheit<\/strong> vereint. Mit seiner einzigartigen Balance zwischen S\u00fc\u00dfe und Intensit\u00e4t repr\u00e4sentiert dieses Eau de Parfum die moderne, selbstbewusste Frau, die immer bereit ist zu gl\u00e4nzen. Ein Parf\u00fcm, das seine Pr\u00e4senz in jeder Umgebung best\u00e4tigt.  <\/p>\n<p>Verfolgen Sie alle unsere Neuigkeiten! <a href=\"https:\/\/www.instagram.com\/freeshopswiss\/\" target=\"_blank\" rel=\"noopener\">@freeshopswiss<\/a><\/p>\n","protected":false},"excerpt":{"rendered":"<p><em><strong>Yves Saint Laurent Black Opium Over Red Eau de Parfum<\/strong> ist ein sinnlicher und kr\u00e4ftiger Duft, der Noten von Kaffee, rosa Pfeffer, Jasmin und Vanille kombiniert. Mit seinem eleganten Design und seinem umh\u00fcllenden Charakter ist es perfekt f\u00fcr eine selbstbewusste und anspruchsvolle Frau. <\/em><\/p>\n","protected":false},"featured_media":9021,"comment_status":"open","ping_status":"closed","template":"","meta":[],"pwb-brand":[268],"product_brand":[],"product_cat":[84,111,98],"product_tag":[790,952,254,293],"class_list":{"0":"post-9029","1":"product","2":"type-product","3":"status-publish","4":"has-post-thumbnail","6":"pwb-brand-yves-saint-laurent","7":"product_cat-duefte","8":"product_cat-fur-sie-de","9":"product_cat-hohepunkte","10":"product_tag-womens-fragrances-de","11":"product_tag-profumi-de","12":"product_tag-eau-de-parfum-de","13":"product_tag-frau","15":"first","16":"instock","17":"sale","18":"taxable","19":"shipping-taxable","20":"purchasable","21":"product-type-variable","22":"has-default-attributes"},"brands":[{"id":268,"name":"Yves Saint Laurent","slug":"yves-saint-laurent"}],"_links":{"self":[{"href":"https:\/\/www.freeshopfrontiera.ch\/de\/wp-json\/wp\/v2\/product\/9029","targetHints":{"allow":["GET"]}}],"collection":[{"href":"https:\/\/www.freeshopfrontiera.ch\/de\/wp-json\/wp\/v2\/product"}],"about":[{"href":"https:\/\/www.freeshopfrontiera.ch\/de\/wp-json\/wp\/v2\/types\/product"}],"replies":[{"embeddable":true,"href":"https:\/\/www.freeshopfrontiera.ch\/de\/wp-json\/wp\/v2\/comments?post=9029"}],"version-history":[{"count":0,"href":"https:\/\/www.freeshopfrontiera.ch\/de\/wp-json\/wp\/v2\/product\/9029\/revisions"}],"wp:featuredmedia":[{"embeddable":true,"href":"https:\/\/www.freeshopfrontiera.ch\/de\/wp-json\/wp\/v2\/media\/9021"}],"wp:attachment":[{"href":"https:\/\/www.freeshopfrontiera.ch\/de\/wp-json\/wp\/v2\/media?parent=9029"}],"wp:term":[{"taxonomy":"pwb-brand","embeddable":true,"href":"https:\/\/www.freeshopfrontiera.ch\/de\/wp-json\/wp\/v2\/pwb-brand?post=9029"},{"taxonomy":"product_brand","embeddable":true,"href":"https:\/\/www.freeshopfrontiera.ch\/de\/wp-json\/wp\/v2\/product_brand?post=9029"},{"taxonomy":"product_cat","embeddable":true,"href":"https:\/\/www.freeshopfrontiera.ch\/de\/wp-json\/wp\/v2\/product_cat?post=9029"},{"taxonomy":"product_tag","embeddable":true,"href":"https:\/\/www.freeshopfrontiera.ch\/de\/wp-json\/wp\/v2\/product_tag?post=9029"}],"curies":[{"name":"wp","href":"https:\/\/api.w.org\/{rel}","templated":true}]}}