{"id":9044,"date":"2024-11-28T13:50:07","date_gmt":"2024-11-28T13:50:07","guid":{"rendered":"https:\/\/freeshopswiss.alesca.org\/shop\/ysl-lhomme-cologne-bleue\/"},"modified":"2024-11-28T13:50:07","modified_gmt":"2024-11-28T13:50:07","slug":"ysl-lhomme-cologne-bleue","status":"publish","type":"product","link":"https:\/\/www.freeshopfrontiera.ch\/de\/shop\/ysl-lhomme-cologne-bleue\/","title":{"rendered":"YSL L&#8217;Homme Cologne Bleue"},"content":{"rendered":"<div class=\"flex-1 overflow-hidden\">\n<div class=\"h-full\">\n<div class=\"react-scroll-to-bottom--css-wdrjj-79elbk h-full\">\n<div class=\"react-scroll-to-bottom--css-wdrjj-1n7m0yu\">\n<div class=\"flex flex-col text-sm md:pb-9\">\n<article class=\"w-full scroll-mb-[var(--thread-trailing-height,150px)] text-token-text-primary focus-visible:outline-2 focus-visible:outline-offset-[-4px]\" dir=\"auto\" data-testid=\"conversation-turn-5\" data-scroll-anchor=\"true\">\n<div class=\"m-auto text-base py-[18px] px-3 md:px-4 w-full md:px-5 lg:px-4 xl:px-5\">\n<div class=\"mx-auto flex flex-1 gap-4 text-base md:gap-5 lg:gap-6 md:max-w-3xl\">\n<div class=\"group\/conversation-turn relative flex w-full min-w-0 flex-col agent-turn\">\n<div class=\"flex-col gap-1 md:gap-3\">\n<div class=\"flex max-w-full flex-col flex-grow\">\n<div class=\"min-h-8 text-message flex w-full flex-col items-end gap-2 whitespace-normal break-words [.text-message+&amp;]:mt-5\" dir=\"auto\" data-message-author-role=\"assistant\" data-message-id=\"a37467f1-b3f8-470c-a7c8-aa1ed6f8dc93\" data-message-model-slug=\"gpt-4o-mini\">\n<div class=\"flex w-full flex-col gap-1 empty:hidden first:pt-[3px]\">\n<div class=\"markdown prose w-full break-words dark:prose-invert light\">\n<p><strong>YSL L&#8217;Homme Cologne Bleue: Eine frische und maskuline Essenz<\/strong><\/p>\n<p>Yves Saint Laurent ist ein Synonym f\u00fcr Eleganz und Raffinesse. Seine Kollektion an D\u00fcften f\u00fcr M\u00e4nner verzaubert auch heute noch mit raffinierten Kreationen. <strong>L&#8217;Homme Cologne Bleue Eau de Toilette<\/strong> ist ein Parf\u00fcm, das die Essenz von Frische und Modernit\u00e4t einf\u00e4ngt, ideal f\u00fcr den Mann, der sich mit Eleganz abheben m\u00f6chte. <\/p>\n<h3>Der Duft: eine moderne Interpretation von Frische<\/h3>\n<p>L&#8217;Homme Cologne Bleue ist eine Neuinterpretation der traditionellen Frische des Eau de Cologne, angereichert mit aromatischen und maskulinen Noten. Der Duft er\u00f6ffnet mit einer Explosion von Zitrusfr\u00fcchten, insbesondere Zitrone und Bergamotte, die ihm einen frischen und lebendigen Start verleihen. Das Herz des Parf\u00fcms offenbart eine Kombination aus Lavendel und Geranie, die eine blumige und dennoch ausgewogene Note hinzuf\u00fcgen, perfekt f\u00fcr den dynamischen und modernen Mann. Schlie\u00dflich ist die Basis des Parf\u00fcms in Moschus und Edelh\u00f6lzer geh\u00fcllt, die Tiefe und ein Gef\u00fchl von dauerhafter Eleganz verleihen.   <\/p>\n<h3>Eleganz und Vielseitigkeit f\u00fcr jeden Anlass<\/h3>\n<p>Dieses Eau de Toilette ist ideal f\u00fcr den t\u00e4glichen Gebrauch, dank seiner Frische, die es perfekt f\u00fcr alle Jahreszeiten macht. Seine Vielseitigkeit erm\u00f6glicht es, ihn sowohl w\u00e4hrend eines Arbeitstages als auch f\u00fcr einen informellen Abend zu tragen, ohne jemals aufdringlich zu sein. L&#8217;Homme Cologne Bleue ist f\u00fcr den modernen Mann konzipiert, der Einfachheit sch\u00e4tzt, aber nie auf Stil verzichtet.  <\/p>\n<h3>Das Design: eine raffinierte Flasche<\/h3>\n<p>Der Flakon von<strong> YSL L&#8217;Homme Cologne Bleue<\/strong> spiegelt die Reinheit und Eleganz des Duftes wider. Mit klaren Linien und einem minimalistischen Design erinnert das hellblaue Glas an das Konzept der Frische, w\u00e4hrend das YSL-Logo einen Hauch von Klasse verleiht. Dieses Parfum ist nicht nur ein Duft, sondern auch ein Designobjekt, das sich perfekt in jede Beauty-Produktkollektion einf\u00fcgt.  <\/p>\n<h3>Fazit: Ein unvergesslicher Duft<\/h3>\n<p>Yves Saint Laurent L&#8217;Homme Cologne Bleue Eau de Toilette ist ein Must-Have f\u00fcr alle, die einen frischen, raffinierten und vielseitigen Duft suchen. Perfekt f\u00fcr den Mann, der seine Pers\u00f6nlichkeit durch ein elegantes und modernes Parf\u00fcm ausdr\u00fccken m\u00f6chte. Mit seiner einzigartigen Kombination aus frischen, blumigen und holzigen Noten wird dieser Duft zu einem zeitlosen Klassiker.  <\/p>\n<\/div>\n<\/div>\n<\/div>\n<\/div>\n<div class=\"mb-2 flex gap-3 empty:hidden -ml-2\">\n<div class=\"items-center justify-start rounded-xl p-1 flex\"><\/div>\n<\/div>\n<\/div>\n<\/div>\n<\/div>\n<\/div>\n<\/article>\n<\/div>\n<\/div>\n<\/div>\n<\/div>\n<\/div>\n<div class=\"md:pt-0 dark:border-white\/20 md:border-transparent md:dark:border-transparent w-full\">\n<div>\n<div class=\"m-auto text-base px-3 md:px-4 w-full md:px-5 lg:px-4 xl:px-5\">\n<div class=\"mx-auto flex flex-1 gap-4 text-base md:gap-5 lg:gap-6 md:max-w-3xl\">\n<form class=\"w-full\" aria-haspopup=\"dialog\" aria-expanded=\"false\" aria-controls=\"radix-:r20:\" data-state=\"closed\">\n<div class=\"relative flex h-full max-w-full flex-1 flex-col\">\n<div class=\"group relative flex w-full items-center\">\n<div id=\"composer-background\" class=\"flex w-full cursor-text flex-col rounded-3xl px-2.5 py-1 transition-colors contain-inline-size bg-[#f4f4f4] dark:bg-token-main-surface-secondary\">\n<div class=\"flex h-[44px] items-center justify-between\">Verfolgen Sie alle unsere Neuigkeiten! <a href=\"https:\/\/www.instagram.com\/freeshopswiss\/\" target=\"_blank\" rel=\"noopener\">@freeshopswiss <\/a><\/div>\n<\/div>\n<\/div>\n<\/div>\n<\/form>\n<\/div>\n<\/div>\n<div class=\"relative w-full px-2 py-2 text-center text-xs text-token-text-secondary empty:hidden md:px-[60px]\">\n<div class=\"min-h-4\">\n<div><\/div>\n<\/div>\n<\/div>\n<\/div>\n<\/div>\n","protected":false},"excerpt":{"rendered":"<p><em><strong>Yves Saint Laurent L&#8217;Homme Cologne Bleue Eau de Toilette<\/strong> ist ein frischer und raffinierter Duft mit Noten von Zitrusfr\u00fcchten, Lavendel und Edelh\u00f6lzern. Perfekt f\u00fcr den modernen und dynamischen Mann. <\/em><\/p>\n","protected":false},"featured_media":9036,"comment_status":"open","ping_status":"closed","template":"","meta":[],"pwb-brand":[268],"product_brand":[],"product_cat":[84,86],"product_tag":[952,147,1642],"class_list":{"0":"post-9044","1":"product","2":"type-product","3":"status-publish","4":"has-post-thumbnail","6":"pwb-brand-yves-saint-laurent","7":"product_cat-duefte","8":"product_cat-fur-ihn-de","9":"product_tag-profumi-de","10":"product_tag-eau-de-toilette-de","11":"product_tag-mens-fragrances-de","13":"first","14":"outofstock","15":"sale","16":"taxable","17":"shipping-taxable","18":"purchasable","19":"product-type-simple"},"brands":[{"id":268,"name":"Yves Saint Laurent","slug":"yves-saint-laurent"}],"_links":{"self":[{"href":"https:\/\/www.freeshopfrontiera.ch\/de\/wp-json\/wp\/v2\/product\/9044","targetHints":{"allow":["GET"]}}],"collection":[{"href":"https:\/\/www.freeshopfrontiera.ch\/de\/wp-json\/wp\/v2\/product"}],"about":[{"href":"https:\/\/www.freeshopfrontiera.ch\/de\/wp-json\/wp\/v2\/types\/product"}],"replies":[{"embeddable":true,"href":"https:\/\/www.freeshopfrontiera.ch\/de\/wp-json\/wp\/v2\/comments?post=9044"}],"version-history":[{"count":0,"href":"https:\/\/www.freeshopfrontiera.ch\/de\/wp-json\/wp\/v2\/product\/9044\/revisions"}],"wp:featuredmedia":[{"embeddable":true,"href":"https:\/\/www.freeshopfrontiera.ch\/de\/wp-json\/wp\/v2\/media\/9036"}],"wp:attachment":[{"href":"https:\/\/www.freeshopfrontiera.ch\/de\/wp-json\/wp\/v2\/media?parent=9044"}],"wp:term":[{"taxonomy":"pwb-brand","embeddable":true,"href":"https:\/\/www.freeshopfrontiera.ch\/de\/wp-json\/wp\/v2\/pwb-brand?post=9044"},{"taxonomy":"product_brand","embeddable":true,"href":"https:\/\/www.freeshopfrontiera.ch\/de\/wp-json\/wp\/v2\/product_brand?post=9044"},{"taxonomy":"product_cat","embeddable":true,"href":"https:\/\/www.freeshopfrontiera.ch\/de\/wp-json\/wp\/v2\/product_cat?post=9044"},{"taxonomy":"product_tag","embeddable":true,"href":"https:\/\/www.freeshopfrontiera.ch\/de\/wp-json\/wp\/v2\/product_tag?post=9044"}],"curies":[{"name":"wp","href":"https:\/\/api.w.org\/{rel}","templated":true}]}}