{"id":9335,"date":"2024-12-20T09:09:17","date_gmt":"2024-12-20T09:09:17","guid":{"rendered":"https:\/\/freeshopswiss.alesca.org\/shop\/boss-bottled-absolu\/"},"modified":"2025-07-29T09:45:07","modified_gmt":"2025-07-29T09:45:07","slug":"boss-bottled-absolu","status":"publish","type":"product","link":"https:\/\/www.freeshopfrontiera.ch\/de\/shop\/boss-bottled-absolu\/","title":{"rendered":"Boss Bottled Absolu"},"content":{"rendered":"<p><strong>Hugo Boss Boss Bottled Absolu Parfum Intense: Die Essenz des Luxus<\/strong><\/p>\n<p>Hugo Boss ist eine der bekanntesten Marken in der Mode- und Parf\u00fcmeriewelt, und seine Parf\u00fcmkollektion steht f\u00fcr Eleganz und Raffinesse. Unter den beliebtesten D\u00fcften der Marke sticht <strong>Boss Bottled Absolu Parfum Intense<\/strong> als Ausdruck von Luxus und Verfeinerung hervor, perfekt f\u00fcr den modernen und selbstbewussten Mann.<\/p>\n<p><strong>Ein Intensiver und Raffinierter Duft<\/strong><\/p>\n<p>Boss Bottled Absolu Parfum Intense ist eine konzentriertere Version des ber\u00fchmten Boss Bottled Parf\u00fcms. Die Komposition ist mit warmen und umh\u00fcllenden Noten angereichert, die es ideal f\u00fcr abendliche Anl\u00e4sse machen. Der Duft beginnt mit der intensiven Frische von gr\u00fcnen \u00c4pfeln, gefolgt von einem aromatischen Herz aus Gew\u00fcrzen, das ein Gef\u00fchl von Energie und Vitalit\u00e4t vermittelt.<\/p>\n<p><strong>Herz- und Basisnoten<\/strong><\/p>\n<p>Das Herz von Boss Bottled Absolu Parfum Intense wird von holzigen Noten aus Zeder und Vetiver dominiert, die Tiefe und Charakter verleihen. Die Basis ist in einer Mischung aus Moschus und Vanille geh\u00fcllt, die eine anhaltende und verf\u00fchrerische Spur hinterl\u00e4sst, die Stunden anh\u00e4lt. Diese Balance zwischen Frische und Intensit\u00e4t macht ihn sowohl f\u00fcr den Tag als auch f\u00fcr den Abend geeignet.<\/p>\n<p><strong>Zeitlose Eleganz<\/strong><\/p>\n<p>Die Flasche von Boss Bottled Absolu Parfum Intense ist elegant und raffiniert und spiegelt perfekt den Stil der Marke wider. Das klare, moderne Design ist mit goldenen Akzenten versehen, die einen Hauch von Luxus verleihen. Dieser Duft ist f\u00fcr den Mann gemacht, der einen vielseitigen Duft sucht, aber niemals auf Klasse und Intensit\u00e4t verzichtet.<\/p>\n<p><strong>Perfekt f\u00fcr Jeden Anlass<\/strong><\/p>\n<p>Bottled Absolu ist ideal f\u00fcr jeden Anlass, vom romantischen Abendessen bis hin zum besonderen Abend. Die ausgewogene und intensive Komposition macht ihn perfekt f\u00fcr einen Mann, der einen bleibenden Eindruck hinterlassen m\u00f6chte.<br \/>\nZusammenfassend l\u00e4sst sich sagen, dass <strong>Bottled Absolu<\/strong> die perfekte Wahl f\u00fcr diejenigen ist, die einen Duft suchen, der Macht, Eleganz und Pers\u00f6nlichkeit ausstrahlt.<\/p>\n<p>Verfolgen Sie alle unsere Neuigkeiten! <a href=\"https:\/\/www.instagram.com\/freeshopswiss\/\" target=\"_blank\" rel=\"noopener\">@freeshopswiss<\/a><\/p>\n","protected":false},"excerpt":{"rendered":"<p><em><strong>Hugo Boss Boss Bottled Absolu Parfum Intense<\/strong> ist ein raffinierter Duft, der frische gr\u00fcne Apfelnote mit einem w\u00fcrzigen, holzigen Herz kombiniert. Perfekt f\u00fcr den Mann, der Intensit\u00e4t und Eleganz bei jedem Anlass sucht. <\/em><\/p>\n","protected":false},"featured_media":9329,"comment_status":"open","ping_status":"closed","template":"","meta":[],"pwb-brand":[260],"product_brand":[],"product_cat":[84,86],"product_tag":[952,254,953,1642],"class_list":{"0":"post-9335","1":"product","2":"type-product","3":"status-publish","4":"has-post-thumbnail","6":"pwb-brand-hugo-boss","7":"product_cat-duefte","8":"product_cat-fur-ihn-de","9":"product_tag-profumi-de","10":"product_tag-eau-de-parfum-de","11":"product_tag-uomo-de","12":"product_tag-mens-fragrances-de","14":"first","15":"outofstock","16":"taxable","17":"shipping-taxable","18":"product-type-variable","19":"has-default-attributes"},"brands":[{"id":260,"name":"Hugo Boss","slug":"hugo-boss"}],"_links":{"self":[{"href":"https:\/\/www.freeshopfrontiera.ch\/de\/wp-json\/wp\/v2\/product\/9335","targetHints":{"allow":["GET"]}}],"collection":[{"href":"https:\/\/www.freeshopfrontiera.ch\/de\/wp-json\/wp\/v2\/product"}],"about":[{"href":"https:\/\/www.freeshopfrontiera.ch\/de\/wp-json\/wp\/v2\/types\/product"}],"replies":[{"embeddable":true,"href":"https:\/\/www.freeshopfrontiera.ch\/de\/wp-json\/wp\/v2\/comments?post=9335"}],"version-history":[{"count":2,"href":"https:\/\/www.freeshopfrontiera.ch\/de\/wp-json\/wp\/v2\/product\/9335\/revisions"}],"predecessor-version":[{"id":33929,"href":"https:\/\/www.freeshopfrontiera.ch\/de\/wp-json\/wp\/v2\/product\/9335\/revisions\/33929"}],"wp:featuredmedia":[{"embeddable":true,"href":"https:\/\/www.freeshopfrontiera.ch\/de\/wp-json\/wp\/v2\/media\/9329"}],"wp:attachment":[{"href":"https:\/\/www.freeshopfrontiera.ch\/de\/wp-json\/wp\/v2\/media?parent=9335"}],"wp:term":[{"taxonomy":"pwb-brand","embeddable":true,"href":"https:\/\/www.freeshopfrontiera.ch\/de\/wp-json\/wp\/v2\/pwb-brand?post=9335"},{"taxonomy":"product_brand","embeddable":true,"href":"https:\/\/www.freeshopfrontiera.ch\/de\/wp-json\/wp\/v2\/product_brand?post=9335"},{"taxonomy":"product_cat","embeddable":true,"href":"https:\/\/www.freeshopfrontiera.ch\/de\/wp-json\/wp\/v2\/product_cat?post=9335"},{"taxonomy":"product_tag","embeddable":true,"href":"https:\/\/www.freeshopfrontiera.ch\/de\/wp-json\/wp\/v2\/product_tag?post=9335"}],"curies":[{"name":"wp","href":"https:\/\/api.w.org\/{rel}","templated":true}]}}