{"id":10092,"date":"2025-02-05T09:52:18","date_gmt":"2025-02-05T09:52:18","guid":{"rendered":"https:\/\/freeshopswiss.alesca.org\/?post_type=product&#038;p=10092"},"modified":"2025-12-15T08:21:34","modified_gmt":"2025-12-15T08:21:34","slug":"narciso-rodriguez-pour-elle-copia","status":"publish","type":"product","link":"https:\/\/www.freeshopfrontiera.ch\/fr\/shop\/narciso-rodriguez-pour-elle-copia\/","title":{"rendered":"NARCISO RODRIGUEZ For Her EdP"},"content":{"rendered":"<p><strong>NARCISO For Her EdP : \u00c9l\u00e9gance et F\u00e9minit\u00e9 dans Chaque Essence<\/strong><\/p>\n<p>La collection Narciso Rodriguez for Her repr\u00e9sente l\u2019\u00e2me de la f\u00e9minit\u00e9 et du raffinement \u00e0 travers des parfums simples mais essentiels. Un hommage \u00e0 la beaut\u00e9 int\u00e9rieure de chaque femme, cette ligne met en avant le pouvoir s\u00e9duisant du musc, un \u00e9l\u00e9ment distinctif qui impr\u00e8gne chaque variante olfactive.<\/p>\n<p>Chaque parfum de la ligne for Her de Narciso Rodriguez a \u00e9t\u00e9 con\u00e7u pour accompagner la femme dans un voyage sensoriel unique. Le c\u0153ur du musc, dans ses multiples nuances, enveloppe celle qui le porte d\u2019une douce aura de sensualit\u00e9. Les notes olfactives sont \u00e9quilibr\u00e9es pour maintenir une harmonie parfaite entre fra\u00eecheur et intensit\u00e9, cr\u00e9ant un parfum qui reste subtilement sur la peau tout au long de la journ\u00e9e.<\/p>\n<p>Le design des flacons refl\u00e8te l\u2019esth\u00e9tique minimaliste et raffin\u00e9e de Narciso Rodriguez, avec des lignes \u00e9l\u00e9gantes et des mat\u00e9riaux de haute qualit\u00e9 qui soulignent la puret\u00e9 et l\u2019\u00e9l\u00e9gance du produit. Chaque d\u00e9tail est pens\u00e9 pour accentuer l\u2019unicit\u00e9 et l\u2019intensit\u00e9 des parfums, faisant de la ligne for Her non seulement un choix olfactif, mais aussi un symbole de style et d\u2019exclusivit\u00e9.<\/p>\n<p>Narciso Rodriguez for Her est le parfum id\u00e9al pour la femme moderne qui souhaite exprimer sa sensualit\u00e9 avec discr\u00e9tion et classe. Parfait pour toutes les occasions, du quotidien aux \u00e9v\u00e9nements sp\u00e9ciaux, ce parfum est un compagnon fid\u00e8le qui met en valeur la beaut\u00e9 naturelle de chaque femme, ajoutant une touche de myst\u00e8re et de charme.<\/p>\n<p>Choisissez NARCISO For Her EdP pour une exp\u00e9rience olfactive qui transforme chaque instant en une opportunit\u00e9 d\u2019exprimer votre f\u00e9minit\u00e9 et votre style personnel. D\u00e9couvrez le pouvoir d\u2019un parfum qui capture l\u2019essence de la femme moderne avec gr\u00e2ce et raffinement.<\/p>\n<p>&nbsp;<\/p>\n<p>Suivez toutes nos actualit\u00e9s ! <a href=\"https:\/\/www.instagram.com\/freeshopswiss\/\" target=\"_blank\" rel=\"noopener\">@freeshopswiss<\/a><\/p>\n","protected":false},"excerpt":{"rendered":"<p><em><strong>L\u2019Eau de Toilette NARCISO RODRIGUEZ For Her<\/strong> est un parfum frais et sensuel, aux notes d\u2019osmanthus, de musc et de bois de c\u00e8dre. \u00c9l\u00e9gant et raffin\u00e9, il est parfait pour toutes les occasions, offrant une longue dur\u00e9e de vie et un sillage inoubliable. <\/em><\/p>\n","protected":false},"featured_media":10107,"comment_status":"open","ping_status":"closed","template":"","meta":[],"pwb-brand":[284],"product_brand":[],"product_cat":[96,138,87,109],"product_tag":[252,296,4348,5050,789,278,97],"class_list":{"0":"post-10092","1":"product","2":"type-product","3":"status-publish","4":"has-post-thumbnail","6":"pwb-brand-narciso-rodriguez","7":"product_cat-evidence","8":"product_cat-offre","9":"product_cat-parfums","10":"product_cat-pour-elle","11":"product_tag-eau-de-parfum-fr","12":"product_tag-femme","13":"product_tag-fete-des-femmes","14":"product_tag-fete-des-meres","15":"product_tag-womens-fragrances-fr","16":"product_tag-offre","17":"product_tag-parfums","19":"first","20":"instock","21":"sale","22":"taxable","23":"shipping-taxable","24":"purchasable","25":"product-type-variable","26":"has-default-attributes"},"brands":[{"id":284,"name":"Narciso Rodriguez","slug":"narciso-rodriguez"}],"_links":{"self":[{"href":"https:\/\/www.freeshopfrontiera.ch\/fr\/wp-json\/wp\/v2\/product\/10092","targetHints":{"allow":["GET"]}}],"collection":[{"href":"https:\/\/www.freeshopfrontiera.ch\/fr\/wp-json\/wp\/v2\/product"}],"about":[{"href":"https:\/\/www.freeshopfrontiera.ch\/fr\/wp-json\/wp\/v2\/types\/product"}],"replies":[{"embeddable":true,"href":"https:\/\/www.freeshopfrontiera.ch\/fr\/wp-json\/wp\/v2\/comments?post=10092"}],"version-history":[{"count":5,"href":"https:\/\/www.freeshopfrontiera.ch\/fr\/wp-json\/wp\/v2\/product\/10092\/revisions"}],"predecessor-version":[{"id":37845,"href":"https:\/\/www.freeshopfrontiera.ch\/fr\/wp-json\/wp\/v2\/product\/10092\/revisions\/37845"}],"wp:featuredmedia":[{"embeddable":true,"href":"https:\/\/www.freeshopfrontiera.ch\/fr\/wp-json\/wp\/v2\/media\/10107"}],"wp:attachment":[{"href":"https:\/\/www.freeshopfrontiera.ch\/fr\/wp-json\/wp\/v2\/media?parent=10092"}],"wp:term":[{"taxonomy":"pwb-brand","embeddable":true,"href":"https:\/\/www.freeshopfrontiera.ch\/fr\/wp-json\/wp\/v2\/pwb-brand?post=10092"},{"taxonomy":"product_brand","embeddable":true,"href":"https:\/\/www.freeshopfrontiera.ch\/fr\/wp-json\/wp\/v2\/product_brand?post=10092"},{"taxonomy":"product_cat","embeddable":true,"href":"https:\/\/www.freeshopfrontiera.ch\/fr\/wp-json\/wp\/v2\/product_cat?post=10092"},{"taxonomy":"product_tag","embeddable":true,"href":"https:\/\/www.freeshopfrontiera.ch\/fr\/wp-json\/wp\/v2\/product_tag?post=10092"}],"curies":[{"name":"wp","href":"https:\/\/api.w.org\/{rel}","templated":true}]}}