{"id":10214,"date":"2025-02-05T13:34:40","date_gmt":"2025-02-05T13:34:40","guid":{"rendered":"https:\/\/freeshopswiss.alesca.org\/?post_type=product&#038;p=10214"},"modified":"2026-04-13T13:29:58","modified_gmt":"2026-04-13T13:29:58","slug":"clinique-happy-parfum-vapo-100ml","status":"publish","type":"product","link":"https:\/\/www.freeshopfrontiera.ch\/fr\/shop\/clinique-happy-parfum-vapo-100ml\/","title":{"rendered":"CLINIQUE Happy 100ml"},"content":{"rendered":"<p><strong>CLINIQUE Happy Eau de Parfum 100ml<\/strong> est le parfum qui incarne la joie et le bien-\u00eatre, avec une touche d\u2019agrumes et une profusion de fleurs cr\u00e9ant un m\u00e9lange d\u2019\u00e9motions excitantes. Lanc\u00e9 en 1997, c\u2019est toujours l\u2019un de nos best-sellers, offrant une \u00e9nergie fra\u00eeche et vibrante qui enveloppe les sens.<\/p>\n<p>Les notes de t\u00eate de pamplemousse rouge rubis et de mandarine apportent une fra\u00eecheur p\u00e9tillante, tandis que le c\u0153ur floral d&rsquo;orchid\u00e9e Morning Dew, de lys et de magnolia procure une sensation de d\u00e9licatesse et de sensualit\u00e9. Les notes de fond de musc ajoutent une douceur qui dure toute la journ\u00e9e, cr\u00e9ant une sensation de bien-\u00eatre continu.<\/p>\n<p>Ce parfum est parfait pour chaque femme qui cherche de l\u2019\u00e9nergie, de la positivit\u00e9 et de la fra\u00eecheur dans sa routine quotidienne. Avec une famille olfactive agrum\u00e9e et florale, ses notes de t\u00eate de pamplemousse rouge rubis et de mandarine se m\u00e9langent au c\u0153ur d&rsquo;orchid\u00e9e Morning Dew, de lys et de magnolia, et se terminent par la douceur du musc. Un parfum qui vous enveloppe de bonheur et vous apporte fra\u00eecheur et positivit\u00e9 \u00e0 chaque instant de la journ\u00e9e.<\/p>\n<p><a href=\"https:\/\/www.instagram.com\/freeshopswiss\/\" target=\"_blank\" rel=\"noopener\">@freeshopswiss<\/a><\/p>\n","protected":false},"excerpt":{"rendered":"<p>Eau de Parfum<\/p>\n","protected":false},"featured_media":10248,"comment_status":"open","ping_status":"closed","template":"","meta":[],"pwb-brand":[372],"product_brand":[],"product_cat":[96,87,109],"product_tag":[252,296,789,97,4367],"class_list":{"0":"post-10214","1":"product","2":"type-product","3":"status-publish","4":"has-post-thumbnail","6":"pwb-brand-clinique","7":"product_cat-evidence","8":"product_cat-parfums","9":"product_cat-pour-elle","10":"product_tag-eau-de-parfum-fr","11":"product_tag-femme","12":"product_tag-womens-fragrances-fr","13":"product_tag-parfums","14":"product_tag-special-printemps","16":"first","17":"instock","18":"sale","19":"taxable","20":"shipping-taxable","21":"purchasable","22":"product-type-simple"},"brands":[{"id":372,"name":"Clinique","slug":"clinique"}],"_links":{"self":[{"href":"https:\/\/www.freeshopfrontiera.ch\/fr\/wp-json\/wp\/v2\/product\/10214","targetHints":{"allow":["GET"]}}],"collection":[{"href":"https:\/\/www.freeshopfrontiera.ch\/fr\/wp-json\/wp\/v2\/product"}],"about":[{"href":"https:\/\/www.freeshopfrontiera.ch\/fr\/wp-json\/wp\/v2\/types\/product"}],"replies":[{"embeddable":true,"href":"https:\/\/www.freeshopfrontiera.ch\/fr\/wp-json\/wp\/v2\/comments?post=10214"}],"version-history":[{"count":6,"href":"https:\/\/www.freeshopfrontiera.ch\/fr\/wp-json\/wp\/v2\/product\/10214\/revisions"}],"predecessor-version":[{"id":18656,"href":"https:\/\/www.freeshopfrontiera.ch\/fr\/wp-json\/wp\/v2\/product\/10214\/revisions\/18656"}],"wp:featuredmedia":[{"embeddable":true,"href":"https:\/\/www.freeshopfrontiera.ch\/fr\/wp-json\/wp\/v2\/media\/10248"}],"wp:attachment":[{"href":"https:\/\/www.freeshopfrontiera.ch\/fr\/wp-json\/wp\/v2\/media?parent=10214"}],"wp:term":[{"taxonomy":"pwb-brand","embeddable":true,"href":"https:\/\/www.freeshopfrontiera.ch\/fr\/wp-json\/wp\/v2\/pwb-brand?post=10214"},{"taxonomy":"product_brand","embeddable":true,"href":"https:\/\/www.freeshopfrontiera.ch\/fr\/wp-json\/wp\/v2\/product_brand?post=10214"},{"taxonomy":"product_cat","embeddable":true,"href":"https:\/\/www.freeshopfrontiera.ch\/fr\/wp-json\/wp\/v2\/product_cat?post=10214"},{"taxonomy":"product_tag","embeddable":true,"href":"https:\/\/www.freeshopfrontiera.ch\/fr\/wp-json\/wp\/v2\/product_tag?post=10214"}],"curies":[{"name":"wp","href":"https:\/\/api.w.org\/{rel}","templated":true}]}}