{"id":10370,"date":"2025-02-05T16:29:19","date_gmt":"2025-02-05T16:29:19","guid":{"rendered":"https:\/\/freeshopswiss.alesca.org\/?post_type=product&#038;p=10370"},"modified":"2025-03-13T10:03:00","modified_gmt":"2025-03-13T10:03:00","slug":"salvatore-ferragamo-f-by-black-ferragamo-pour-homme-eau-de-toilette","status":"publish","type":"product","link":"https:\/\/www.freeshopfrontiera.ch\/fr\/shop\/salvatore-ferragamo-f-by-black-ferragamo-pour-homme-eau-de-toilette\/","title":{"rendered":"SALVATORE FERRAGAMO F by Black Ferragamo 100ml"},"content":{"rendered":"<p>Salvatore Ferragamo F by Black Ferragamo pour Homme est un parfum sophistiqu\u00e9 et audacieux, con\u00e7u pour l&rsquo;homme moderne qui souhaite exprimer son style avec raffinement et force. Lanc\u00e9 pour la premi\u00e8re fois en 2009, ce parfum incarne une \u00e9nergie intense, parfaite pour ceux qui recherchent un m\u00e9lange d&rsquo;\u00e9l\u00e9gance, de myst\u00e8re et de s\u00e9duction.<\/p>\n<p>La composition commence de mani\u00e8re vivante et enveloppante, avec des notes fra\u00eeches de pamplemousse et de cardamome qui captent imm\u00e9diatement l&rsquo;attention. Le c\u0153ur de la fragrance se d\u00e9voile ensuite avec une explosion d&rsquo;ar\u00f4mes \u00e9pic\u00e9s et bois\u00e9s, gr\u00e2ce \u00e0 la combinaison de g\u00e9ranium, lavande et poivre noir. La base, riche et profonde, est marqu\u00e9e par la chaleur de l&rsquo;ambre, de la vanille et du bois de c\u00e8dre, offrant une sensualit\u00e9 durable et une touche d&rsquo;\u00e9l\u00e9gance intemporelle.<\/p>\n<p>Le flacon de F by Black Ferragamo pour Homme se distingue par son design raffin\u00e9, avec des lignes \u00e9pur\u00e9es et une interpr\u00e9tation moderne du style classique Ferragamo. La couleur noire et les finitions dor\u00e9es font du flacon un accessoire luxueux qui compl\u00e8te parfaitement la fragrance.<\/p>\n<p>Id\u00e9al pour l&rsquo;homme qui aime oser sans compromettre la classe, Salvatore Ferragamo F by Black Ferragamo est parfait pour toutes les occasions, du jour \u00e0 la nuit, ajoutant une touche de charme et de myst\u00e8re \u00e0 chaque instant.<\/p>\n<p>Suivez toutes nos actualit\u00e9s ! <a href=\"https:\/\/www.instagram.com\/freeshopswiss\/\" target=\"_blank\" rel=\"noopener\">@freeshopswiss<\/a><\/p>\n","protected":false},"excerpt":{"rendered":"<p><strong>Eau de Toilette<\/strong><\/p>\n","protected":false},"featured_media":10373,"comment_status":"open","ping_status":"closed","template":"","meta":[],"pwb-brand":[374],"product_brand":[],"product_cat":[87,89],"product_tag":[141,1629,143,97],"class_list":{"0":"post-10370","1":"product","2":"type-product","3":"status-publish","4":"has-post-thumbnail","6":"pwb-brand-salvatore-ferragamo","7":"product_cat-parfums","8":"product_cat-pour-lui","9":"product_tag-eau-de-toilette-fr","10":"product_tag-mens-fragrances-fr","11":"product_tag-homme","12":"product_tag-parfums","14":"first","15":"instock","16":"sale","17":"taxable","18":"shipping-taxable","19":"purchasable","20":"product-type-simple"},"brands":[{"id":374,"name":"Salvatore Ferragamo","slug":"salvatore-ferragamo"}],"_links":{"self":[{"href":"https:\/\/www.freeshopfrontiera.ch\/fr\/wp-json\/wp\/v2\/product\/10370","targetHints":{"allow":["GET"]}}],"collection":[{"href":"https:\/\/www.freeshopfrontiera.ch\/fr\/wp-json\/wp\/v2\/product"}],"about":[{"href":"https:\/\/www.freeshopfrontiera.ch\/fr\/wp-json\/wp\/v2\/types\/product"}],"replies":[{"embeddable":true,"href":"https:\/\/www.freeshopfrontiera.ch\/fr\/wp-json\/wp\/v2\/comments?post=10370"}],"version-history":[{"count":4,"href":"https:\/\/www.freeshopfrontiera.ch\/fr\/wp-json\/wp\/v2\/product\/10370\/revisions"}],"predecessor-version":[{"id":18651,"href":"https:\/\/www.freeshopfrontiera.ch\/fr\/wp-json\/wp\/v2\/product\/10370\/revisions\/18651"}],"wp:featuredmedia":[{"embeddable":true,"href":"https:\/\/www.freeshopfrontiera.ch\/fr\/wp-json\/wp\/v2\/media\/10373"}],"wp:attachment":[{"href":"https:\/\/www.freeshopfrontiera.ch\/fr\/wp-json\/wp\/v2\/media?parent=10370"}],"wp:term":[{"taxonomy":"pwb-brand","embeddable":true,"href":"https:\/\/www.freeshopfrontiera.ch\/fr\/wp-json\/wp\/v2\/pwb-brand?post=10370"},{"taxonomy":"product_brand","embeddable":true,"href":"https:\/\/www.freeshopfrontiera.ch\/fr\/wp-json\/wp\/v2\/product_brand?post=10370"},{"taxonomy":"product_cat","embeddable":true,"href":"https:\/\/www.freeshopfrontiera.ch\/fr\/wp-json\/wp\/v2\/product_cat?post=10370"},{"taxonomy":"product_tag","embeddable":true,"href":"https:\/\/www.freeshopfrontiera.ch\/fr\/wp-json\/wp\/v2\/product_tag?post=10370"}],"curies":[{"name":"wp","href":"https:\/\/api.w.org\/{rel}","templated":true}]}}