{"id":10385,"date":"2025-02-05T17:02:35","date_gmt":"2025-02-05T17:02:35","guid":{"rendered":"https:\/\/freeshopswiss.alesca.org\/?post_type=product&#038;p=10385"},"modified":"2026-04-29T10:56:35","modified_gmt":"2026-04-29T10:56:35","slug":"gianni-versace-eros-parfum-vapo-new-100m","status":"publish","type":"product","link":"https:\/\/www.freeshopfrontiera.ch\/fr\/shop\/gianni-versace-eros-parfum-vapo-new-100m\/","title":{"rendered":"VERSACE Eros Parfum 100m"},"content":{"rendered":"<p><strong>VERSACE Eros Parfum Vapo 100ml \u2013 Eau de Parfum pour Homme<\/strong><\/p>\n<p>D\u00e9couvrez l\u2019essence unique et s\u00e9duisante du <em>Gianni Versace Eros Parfum<\/em>, un parfum qui incarne la passion, la force et l\u2019intensit\u00e9. Avec sa fragrance riche et enveloppante, cette eau de parfum de 100ml est un v\u00e9ritable hommage au mythe de la beaut\u00e9 et du pouvoir.<\/p>\n<p>Les notes fra\u00eeches et fruit\u00e9es de menthe, de citron et de pomme verte se m\u00ealent parfaitement \u00e0 un c\u0153ur de f\u00e8ve tonka, d\u2019ambroxan et de g\u00e9ranium, cr\u00e9ant une sensation d\u2019\u00e9l\u00e9gance et de sensualit\u00e9. La base profonde et persistante, avec du patchouli, de la vanille et du bois de c\u00e8dre, laisse une trace irr\u00e9sistible, enveloppante et myst\u00e9rieuse.<\/p>\n<p>\u00c9l\u00e9gant dans son flacon raffin\u00e9, <em>Eros Parfum<\/em> est con\u00e7u pour l\u2019homme confiant, charismatique et \u00e0 la personnalit\u00e9 inoubliable. Un parfum qui vous accompagnera lors de chaque moment sp\u00e9cial, laissant une empreinte de luxe et de sophistication. Parfait pour le soir, les occasions \u00e9l\u00e9gantes ou comme parfum signature au quotidien.<\/p>\n<p>Suivez toutes nos actualit\u00e9s! <a href=\"https:\/\/www.instagram.com\/freeshopswiss\/\" target=\"_blank\" rel=\"noopener\">@freeshopswiss<\/a><\/p>\n","protected":false},"excerpt":{"rendered":"<p><strong>Eau de Parfum<\/strong><\/p>\n","protected":false},"featured_media":10465,"comment_status":"open","ping_status":"closed","template":"","meta":[],"pwb-brand":[124],"product_brand":[],"product_cat":[87,109],"product_tag":[252,1629,97],"class_list":{"0":"post-10385","1":"product","2":"type-product","3":"status-publish","4":"has-post-thumbnail","6":"pwb-brand-versace","7":"product_cat-parfums","8":"product_cat-pour-elle","9":"product_tag-eau-de-parfum-fr","10":"product_tag-mens-fragrances-fr","11":"product_tag-parfums","13":"first","14":"instock","15":"sale","16":"taxable","17":"shipping-taxable","18":"purchasable","19":"product-type-simple"},"brands":[{"id":124,"name":"Versace","slug":"versace"}],"_links":{"self":[{"href":"https:\/\/www.freeshopfrontiera.ch\/fr\/wp-json\/wp\/v2\/product\/10385","targetHints":{"allow":["GET"]}}],"collection":[{"href":"https:\/\/www.freeshopfrontiera.ch\/fr\/wp-json\/wp\/v2\/product"}],"about":[{"href":"https:\/\/www.freeshopfrontiera.ch\/fr\/wp-json\/wp\/v2\/types\/product"}],"replies":[{"embeddable":true,"href":"https:\/\/www.freeshopfrontiera.ch\/fr\/wp-json\/wp\/v2\/comments?post=10385"}],"version-history":[{"count":5,"href":"https:\/\/www.freeshopfrontiera.ch\/fr\/wp-json\/wp\/v2\/product\/10385\/revisions"}],"predecessor-version":[{"id":40829,"href":"https:\/\/www.freeshopfrontiera.ch\/fr\/wp-json\/wp\/v2\/product\/10385\/revisions\/40829"}],"wp:featuredmedia":[{"embeddable":true,"href":"https:\/\/www.freeshopfrontiera.ch\/fr\/wp-json\/wp\/v2\/media\/10465"}],"wp:attachment":[{"href":"https:\/\/www.freeshopfrontiera.ch\/fr\/wp-json\/wp\/v2\/media?parent=10385"}],"wp:term":[{"taxonomy":"pwb-brand","embeddable":true,"href":"https:\/\/www.freeshopfrontiera.ch\/fr\/wp-json\/wp\/v2\/pwb-brand?post=10385"},{"taxonomy":"product_brand","embeddable":true,"href":"https:\/\/www.freeshopfrontiera.ch\/fr\/wp-json\/wp\/v2\/product_brand?post=10385"},{"taxonomy":"product_cat","embeddable":true,"href":"https:\/\/www.freeshopfrontiera.ch\/fr\/wp-json\/wp\/v2\/product_cat?post=10385"},{"taxonomy":"product_tag","embeddable":true,"href":"https:\/\/www.freeshopfrontiera.ch\/fr\/wp-json\/wp\/v2\/product_tag?post=10385"}],"curies":[{"name":"wp","href":"https:\/\/api.w.org\/{rel}","templated":true}]}}