{"id":10441,"date":"2025-02-06T09:19:05","date_gmt":"2025-02-06T09:19:05","guid":{"rendered":"https:\/\/freeshopswiss.alesca.org\/?post_type=product&#038;p=10441"},"modified":"2026-05-04T15:21:29","modified_gmt":"2026-05-04T15:21:29","slug":"gianni-versace-pour-homme-eau-de-toilette","status":"publish","type":"product","link":"https:\/\/www.freeshopfrontiera.ch\/fr\/shop\/gianni-versace-pour-homme-eau-de-toilette\/","title":{"rendered":"GIANNI VERSACE pour Homme 100ml"},"content":{"rendered":"<p><strong>GIANNI VERSACE pour Homme Eau de Toilette (Medusa) 100ml \u2013 Parfum Homme \u00c9l\u00e9gant et Raffin\u00e9<\/strong><\/p>\n<p>D\u00e9couvrez l\u2019essence de la masculinit\u00e9 moderne avec <em>Gianni Versace pour Homme<\/em>, une eau de toilette qui incarne \u00e9l\u00e9gance, raffinement et puissance. Avec son flacon orn\u00e9 de la l\u00e9gendaire M\u00e9duse, symbole de la marque, ce parfum de 100ml est un hommage \u00e0 la sensualit\u00e9 et \u00e0 la force de l&rsquo;homme contemporain.<\/p>\n<p>Les notes fra\u00eeches et agrum\u00e9es de citron, de bergamote et de n\u00e9roli cr\u00e9ent une sensation de vivacit\u00e9 et d\u2019\u00e9nergie, id\u00e9ale pour un d\u00e9part dynamique et frais. Le c\u0153ur r\u00e9v\u00e8le une combinaison envo\u00fbtante de sauge, de jasmin et de poivre noir, donnant au parfum une personnalit\u00e9 audacieuse et fascinante. La base, douce et persistante, se d\u00e9ploie avec un m\u00e9lange raffin\u00e9 de musc, de bois de c\u00e8dre et d\u2019ambre, ajoutant profondeur et chaleur, et laissant une tra\u00een\u00e9e \u00e9l\u00e9gante et sophistiqu\u00e9e qui dure longtemps.<\/p>\n<p>Le flacon, avec son design sophistiqu\u00e9 et la M\u00e9duse au centre, capture l\u2019id\u00e9e de luxe et de style qui d\u00e9finit la marque Versace. Parfait pour l\u2019homme qui souhaite faire une d\u00e9claration de classe tout en conservant une touche d\u2019\u00e9nergie et de fra\u00eecheur.<\/p>\n<p><em>Gianni Versace pour Homme<\/em> est un parfum polyvalent qui s\u2019adapte \u00e0 chaque moment de la journ\u00e9e, des r\u00e9unions d\u2019affaires aux rendez-vous en soir\u00e9e, en passant par les moments de d\u00e9tente. Un parfum qui vous accompagne non seulement, mais vous d\u00e9finit, laissant une empreinte d\u2019\u00e9l\u00e9gance et de puissance o\u00f9 que vous alliez.<\/p>\n<p>Suivez toutes nos actualit\u00e9s ! <a href=\"https:\/\/www.instagram.com\/freeshopswiss\/\" target=\"_blank\" rel=\"noopener\">@freeshopswiss<\/a><\/p>\n","protected":false},"excerpt":{"rendered":"<p><em><strong>Eau de Toilette<\/strong><\/em><\/p>\n","protected":false},"featured_media":10447,"comment_status":"open","ping_status":"closed","template":"","meta":[],"pwb-brand":[124],"product_brand":[],"product_cat":[96,87,89],"product_tag":[141,1629,97],"class_list":{"0":"post-10441","1":"product","2":"type-product","3":"status-publish","4":"has-post-thumbnail","6":"pwb-brand-versace","7":"product_cat-evidence","8":"product_cat-parfums","9":"product_cat-pour-lui","10":"product_tag-eau-de-toilette-fr","11":"product_tag-mens-fragrances-fr","12":"product_tag-parfums","14":"first","15":"outofstock","16":"sale","17":"taxable","18":"shipping-taxable","19":"purchasable","20":"product-type-simple"},"brands":[{"id":124,"name":"Versace","slug":"versace"}],"_links":{"self":[{"href":"https:\/\/www.freeshopfrontiera.ch\/fr\/wp-json\/wp\/v2\/product\/10441","targetHints":{"allow":["GET"]}}],"collection":[{"href":"https:\/\/www.freeshopfrontiera.ch\/fr\/wp-json\/wp\/v2\/product"}],"about":[{"href":"https:\/\/www.freeshopfrontiera.ch\/fr\/wp-json\/wp\/v2\/types\/product"}],"replies":[{"embeddable":true,"href":"https:\/\/www.freeshopfrontiera.ch\/fr\/wp-json\/wp\/v2\/comments?post=10441"}],"version-history":[{"count":6,"href":"https:\/\/www.freeshopfrontiera.ch\/fr\/wp-json\/wp\/v2\/product\/10441\/revisions"}],"predecessor-version":[{"id":18642,"href":"https:\/\/www.freeshopfrontiera.ch\/fr\/wp-json\/wp\/v2\/product\/10441\/revisions\/18642"}],"wp:featuredmedia":[{"embeddable":true,"href":"https:\/\/www.freeshopfrontiera.ch\/fr\/wp-json\/wp\/v2\/media\/10447"}],"wp:attachment":[{"href":"https:\/\/www.freeshopfrontiera.ch\/fr\/wp-json\/wp\/v2\/media?parent=10441"}],"wp:term":[{"taxonomy":"pwb-brand","embeddable":true,"href":"https:\/\/www.freeshopfrontiera.ch\/fr\/wp-json\/wp\/v2\/pwb-brand?post=10441"},{"taxonomy":"product_brand","embeddable":true,"href":"https:\/\/www.freeshopfrontiera.ch\/fr\/wp-json\/wp\/v2\/product_brand?post=10441"},{"taxonomy":"product_cat","embeddable":true,"href":"https:\/\/www.freeshopfrontiera.ch\/fr\/wp-json\/wp\/v2\/product_cat?post=10441"},{"taxonomy":"product_tag","embeddable":true,"href":"https:\/\/www.freeshopfrontiera.ch\/fr\/wp-json\/wp\/v2\/product_tag?post=10441"}],"curies":[{"name":"wp","href":"https:\/\/api.w.org\/{rel}","templated":true}]}}