{"id":10841,"date":"2025-02-06T15:52:19","date_gmt":"2025-02-06T15:52:19","guid":{"rendered":"https:\/\/freeshopswiss.alesca.org\/?post_type=product&#038;p=10841"},"modified":"2025-03-12T13:25:49","modified_gmt":"2025-03-12T13:25:49","slug":"gucci-bloom-eau-de-parfum-vapo-100ml","status":"publish","type":"product","link":"https:\/\/www.freeshopfrontiera.ch\/fr\/shop\/gucci-bloom-eau-de-parfum-vapo-100ml\/","title":{"rendered":"GUCCI Bloom 100ml"},"content":{"rendered":"<p><strong>Gucci Bloom Eau de Parfum<\/strong> Vapo est une fragrance enveloppante, \u00e9l\u00e9gante et extraordinairement f\u00e9minine, con\u00e7ue pour c\u00e9l\u00e9brer la beaut\u00e9 naturelle et la libert\u00e9 de chaque femme. Ce parfum, cr\u00e9\u00e9 par Alessandro Michele pour la maison Gucci, est un hommage aux fleurs et \u00e0 leur capacit\u00e9 d&rsquo;\u00e9voquer des \u00e9motions, des souvenirs et des sensations de vitalit\u00e9.<\/p>\n<p>Gucci Bloom incarne une vision de f\u00e9minit\u00e9 pleine de gr\u00e2ce et d&rsquo;ind\u00e9pendance, parfaite pour une femme qui n&rsquo;a pas peur d&rsquo;exprimer son authenticit\u00e9 et sa sensualit\u00e9. La composition s&rsquo;ouvre sur des notes fra\u00eeches et d\u00e9licates de jasmin, symbole de puret\u00e9 et d&rsquo;\u00e9l\u00e9gance, cr\u00e9ant imm\u00e9diatement une sensation de luminosit\u00e9 et de fra\u00eecheur.<\/p>\n<p>Le c\u0153ur de la fragrance est domin\u00e9 par un m\u00e9lange luxueux de tub\u00e9reuse, fleur royale par excellence, et d&rsquo;iris, qui ajoute une touche de raffinement, tandis que les notes de fond s&rsquo;enrichissent d&rsquo;un accord r\u00e9confortant de bois de santal et de musc, offrant profondeur et persistance. Ces \u00e9l\u00e9ments se combinent pour cr\u00e9er une tra\u00een\u00e9e qui dure toute la journ\u00e9e, laissant une sensation d&rsquo;\u00e9l\u00e9gance intemporelle. Le flacon, au design raffin\u00e9 et minimaliste, est r\u00e9alis\u00e9 en verre rose p\u00e2le \u00e9l\u00e9gant, avec un bouchon dor\u00e9 qui refl\u00e8te la beaut\u00e9 et la sophistication de la marque Gucci.<\/p>\n<p>Le design essentiel et d\u00e9licat du flacon refl\u00e8te l&rsquo;\u00e2me du parfum, qui se pr\u00e9sente comme une v\u00e9ritable d\u00e9claration de f\u00e9minit\u00e9 moderne et d&rsquo;une beaut\u00e9 sans compromis. Gucci Bloom est le parfum id\u00e9al pour la femme qui recherche une exp\u00e9rience olfactive unique, capable d&rsquo;\u00e9voquer des sensations de fra\u00eecheur, de sensualit\u00e9 et de classe, parfait pour un usage quotidien ou des occasions sp\u00e9ciales. Avec sa composition riche et sophistiqu\u00e9e, il est id\u00e9al pour laisser une tra\u00een\u00e9e envo\u00fbtante qui capte l&rsquo;attention sans \u00eatre envahissante. Un parfum qui c\u00e9l\u00e8bre l&rsquo;individualit\u00e9, le courage d&rsquo;\u00eatre soi-m\u00eame et la beaut\u00e9 de la nature dans toute son authenticit\u00e9.<\/p>\n<p>&nbsp;<\/p>\n<p>Suivez toutes nos actualit\u00e9s ! <a href=\"https:\/\/www.instagram.com\/freeshopswiss\/\" target=\"_blank\" rel=\"noopener\">@freeshopswiss<\/a><\/p>\n","protected":false},"excerpt":{"rendered":"<p><em><strong>Eau de Toilette<\/strong><\/em><\/p>\n","protected":false},"featured_media":10856,"comment_status":"open","ping_status":"closed","template":"","meta":[],"pwb-brand":[270],"product_brand":[],"product_cat":[96,87,89],"product_tag":[252,296,789,278,97],"class_list":{"0":"post-10841","1":"product","2":"type-product","3":"status-publish","4":"has-post-thumbnail","6":"pwb-brand-gucci","7":"product_cat-evidence","8":"product_cat-parfums","9":"product_cat-pour-lui","10":"product_tag-eau-de-parfum-fr","11":"product_tag-femme","12":"product_tag-womens-fragrances-fr","13":"product_tag-offre","14":"product_tag-parfums","16":"first","17":"instock","18":"sale","19":"taxable","20":"shipping-taxable","21":"purchasable","22":"product-type-simple"},"brands":[{"id":270,"name":"Gucci","slug":"gucci"}],"_links":{"self":[{"href":"https:\/\/www.freeshopfrontiera.ch\/fr\/wp-json\/wp\/v2\/product\/10841","targetHints":{"allow":["GET"]}}],"collection":[{"href":"https:\/\/www.freeshopfrontiera.ch\/fr\/wp-json\/wp\/v2\/product"}],"about":[{"href":"https:\/\/www.freeshopfrontiera.ch\/fr\/wp-json\/wp\/v2\/types\/product"}],"replies":[{"embeddable":true,"href":"https:\/\/www.freeshopfrontiera.ch\/fr\/wp-json\/wp\/v2\/comments?post=10841"}],"version-history":[{"count":6,"href":"https:\/\/www.freeshopfrontiera.ch\/fr\/wp-json\/wp\/v2\/product\/10841\/revisions"}],"predecessor-version":[{"id":18453,"href":"https:\/\/www.freeshopfrontiera.ch\/fr\/wp-json\/wp\/v2\/product\/10841\/revisions\/18453"}],"wp:featuredmedia":[{"embeddable":true,"href":"https:\/\/www.freeshopfrontiera.ch\/fr\/wp-json\/wp\/v2\/media\/10856"}],"wp:attachment":[{"href":"https:\/\/www.freeshopfrontiera.ch\/fr\/wp-json\/wp\/v2\/media?parent=10841"}],"wp:term":[{"taxonomy":"pwb-brand","embeddable":true,"href":"https:\/\/www.freeshopfrontiera.ch\/fr\/wp-json\/wp\/v2\/pwb-brand?post=10841"},{"taxonomy":"product_brand","embeddable":true,"href":"https:\/\/www.freeshopfrontiera.ch\/fr\/wp-json\/wp\/v2\/product_brand?post=10841"},{"taxonomy":"product_cat","embeddable":true,"href":"https:\/\/www.freeshopfrontiera.ch\/fr\/wp-json\/wp\/v2\/product_cat?post=10841"},{"taxonomy":"product_tag","embeddable":true,"href":"https:\/\/www.freeshopfrontiera.ch\/fr\/wp-json\/wp\/v2\/product_tag?post=10841"}],"curies":[{"name":"wp","href":"https:\/\/api.w.org\/{rel}","templated":true}]}}