{"id":10868,"date":"2025-02-06T16:25:28","date_gmt":"2025-02-06T16:25:28","guid":{"rendered":"https:\/\/freeshopswiss.alesca.org\/?post_type=product&#038;p=10868"},"modified":"2026-05-11T11:32:06","modified_gmt":"2026-05-11T11:32:06","slug":"marc-jacobs-daisy-eau-so-fresh-eau-de-toilette-vapo","status":"publish","type":"product","link":"https:\/\/www.freeshopfrontiera.ch\/fr\/shop\/marc-jacobs-daisy-eau-so-fresh-eau-de-toilette-vapo\/","title":{"rendered":"MARC JACOBS Daisy Eau So Fresh 30ml"},"content":{"rendered":"<p><strong>Marc Jacobs Daisy Eau So Fresh Eau de Toilette<\/strong> est une fragrance douce et rafra\u00eechissante, id\u00e9ale pour une femme qui aime un parfum l\u00e9ger, vibrant et romantique.<\/p>\n<p>La composition s&rsquo;ouvre sur une explosion de notes fruit\u00e9es, avec des framboises, du pamplemousse rouge, de la poire et de l\u00e9g\u00e8res touches vertes, cr\u00e9ant une sensation imm\u00e9diate de fra\u00eecheur et de joie. Le c\u0153ur du parfum est compos\u00e9 de notes florales \u00e9l\u00e9gantes de jasmin, de roses sauvages, de violettes, de fleurs de pommier raffin\u00e9es et de litchi, ajoutant une touche romantique et d\u00e9licate. La base est enrichie d&rsquo;un m\u00e9lange sensuel de musc, de prunes m\u00fbres et de bois de c\u00e8dre chaud, donnant au parfum une profondeur raffin\u00e9e et enveloppante.<\/p>\n<p>Le flacon, avec son design \u00e0 la fois \u00e9l\u00e9gant et ludique, est orn\u00e9 d&rsquo;un bouchon d\u00e9cor\u00e9 de fleurs blanches et dor\u00e9es, symbolisant la fra\u00eecheur et la vivacit\u00e9 d&rsquo;un jardin en fleurs. Marc Jacobs Daisy Eau So Fresh est id\u00e9al pour ceux qui recherchent un parfum l\u00e9ger, vivant et sophistiqu\u00e9, parfait pour un usage quotidien ou des occasions sp\u00e9ciales. Son \u00e9quilibre de fra\u00eecheur, de f\u00e9minit\u00e9 et de sophistication en fait un choix intemporel, en particulier pour les journ\u00e9es plus chaudes, lorsque la l\u00e9g\u00e8ret\u00e9 d&rsquo;un parfum frais est la plus d\u00e9sirable.<\/p>\n<p>&nbsp;<\/p>\n<p>Suivez toutes nos actualit\u00e9s ! <a href=\"https:\/\/www.instagram.com\/freeshopswiss\/\" target=\"_blank\" rel=\"noopener\">@freeshopswiss<\/a><\/p>\n","protected":false},"excerpt":{"rendered":"<p><em><strong>Eau de Toilette<\/strong><\/em><\/p>\n","protected":false},"featured_media":10882,"comment_status":"open","ping_status":"closed","template":"","meta":[],"pwb-brand":[286],"product_brand":[],"product_cat":[96,87,109],"product_tag":[141,296,789,278,97],"class_list":{"0":"post-10868","1":"product","2":"type-product","3":"status-publish","4":"has-post-thumbnail","6":"pwb-brand-marc-jacobs","7":"product_cat-evidence","8":"product_cat-parfums","9":"product_cat-pour-elle","10":"product_tag-eau-de-toilette-fr","11":"product_tag-femme","12":"product_tag-womens-fragrances-fr","13":"product_tag-offre","14":"product_tag-parfums","16":"first","17":"outofstock","18":"sale","19":"taxable","20":"shipping-taxable","21":"purchasable","22":"product-type-simple"},"brands":[{"id":286,"name":"Marc Jacobs","slug":"marc-jacobs"}],"_links":{"self":[{"href":"https:\/\/www.freeshopfrontiera.ch\/fr\/wp-json\/wp\/v2\/product\/10868","targetHints":{"allow":["GET"]}}],"collection":[{"href":"https:\/\/www.freeshopfrontiera.ch\/fr\/wp-json\/wp\/v2\/product"}],"about":[{"href":"https:\/\/www.freeshopfrontiera.ch\/fr\/wp-json\/wp\/v2\/types\/product"}],"replies":[{"embeddable":true,"href":"https:\/\/www.freeshopfrontiera.ch\/fr\/wp-json\/wp\/v2\/comments?post=10868"}],"version-history":[{"count":6,"href":"https:\/\/www.freeshopfrontiera.ch\/fr\/wp-json\/wp\/v2\/product\/10868\/revisions"}],"predecessor-version":[{"id":18457,"href":"https:\/\/www.freeshopfrontiera.ch\/fr\/wp-json\/wp\/v2\/product\/10868\/revisions\/18457"}],"wp:featuredmedia":[{"embeddable":true,"href":"https:\/\/www.freeshopfrontiera.ch\/fr\/wp-json\/wp\/v2\/media\/10882"}],"wp:attachment":[{"href":"https:\/\/www.freeshopfrontiera.ch\/fr\/wp-json\/wp\/v2\/media?parent=10868"}],"wp:term":[{"taxonomy":"pwb-brand","embeddable":true,"href":"https:\/\/www.freeshopfrontiera.ch\/fr\/wp-json\/wp\/v2\/pwb-brand?post=10868"},{"taxonomy":"product_brand","embeddable":true,"href":"https:\/\/www.freeshopfrontiera.ch\/fr\/wp-json\/wp\/v2\/product_brand?post=10868"},{"taxonomy":"product_cat","embeddable":true,"href":"https:\/\/www.freeshopfrontiera.ch\/fr\/wp-json\/wp\/v2\/product_cat?post=10868"},{"taxonomy":"product_tag","embeddable":true,"href":"https:\/\/www.freeshopfrontiera.ch\/fr\/wp-json\/wp\/v2\/product_tag?post=10868"}],"curies":[{"name":"wp","href":"https:\/\/api.w.org\/{rel}","templated":true}]}}