{"id":10912,"date":"2025-02-07T08:35:30","date_gmt":"2025-02-07T08:35:30","guid":{"rendered":"https:\/\/freeshopswiss.alesca.org\/shop\/moschino-toy-2-pearl-eau-de-parfum\/"},"modified":"2025-03-12T13:33:45","modified_gmt":"2025-03-12T13:33:45","slug":"moschino-toy-2-pearl-eau-de-parfum","status":"publish","type":"product","link":"https:\/\/www.freeshopfrontiera.ch\/fr\/shop\/moschino-toy-2-pearl-eau-de-parfum\/","title":{"rendered":"MOSCHINO Toy 2 Pearl"},"content":{"rendered":"<p data-start=\"0\" data-end=\"495\"><strong data-start=\"0\" data-end=\"38\">MOSCHINO Toy 2 Pearl Eau de Parfum<\/strong> est une fragrance \u00e0 la fois fra\u00eeche, sophistiqu\u00e9e et irr\u00e9sistible, qui incarne l&rsquo;\u00e9l\u00e9gance avec une touche ludique et unique. Cette eau de parfum fait partie de la collection embl\u00e9matique Toy de Moschino, une ligne qui m\u00e9lange subtilement fra\u00eecheur et f\u00e9minit\u00e9 moderne, tout en conservant une personnalit\u00e9 forte et originale. Toy 2 Pearl capte l&rsquo;essence m\u00eame de la f\u00e9minit\u00e9 moderne, cr\u00e9ant un \u00e9quilibre parfait entre des notes florales, fruit\u00e9es et bois\u00e9es.<\/p>\n<p data-start=\"497\" data-end=\"995\">D\u00e8s l&rsquo;ouverture, <strong data-start=\"514\" data-end=\"538\">MOSCHINO Toy 2 Pearl<\/strong> offre une explosion d&rsquo;\u00e9nergie et de fra\u00eecheur avec des notes p\u00e9tillantes de <strong data-start=\"615\" data-end=\"630\">pomme verte<\/strong> et de <strong data-start=\"637\" data-end=\"650\">mandarine<\/strong>, qui captent imm\u00e9diatement l&rsquo;attention par leur vivacit\u00e9 et leur c\u00f4t\u00e9 rafra\u00eechissant. Ces notes fruit\u00e9es s\u2019harmonisent parfaitement avec un c\u0153ur floral compos\u00e9 de <strong data-start=\"814\" data-end=\"824\">jasmin<\/strong> et de <strong data-start=\"831\" data-end=\"847\">rose blanche<\/strong>, des fleurs d\u00e9licates et lumineuses qui apportent une touche de f\u00e9minit\u00e9 et de l\u00e9g\u00e8ret\u00e9, cr\u00e9ant une sensation de douceur et d\u2019\u00e9l\u00e9gance instantan\u00e9e.<\/p>\n<p data-start=\"997\" data-end=\"1542\">La profondeur de cette fragrance se r\u00e9v\u00e8le dans ses <strong data-start=\"1049\" data-end=\"1066\">notes de fond<\/strong>, o\u00f9 le <strong data-start=\"1074\" data-end=\"1088\">musc blanc<\/strong> et le <strong data-start=\"1095\" data-end=\"1113\">bois de santal<\/strong> se m\u00ealent pour apporter une touche chaleureuse et sensuelle.<\/p>\n<p data-start=\"2032\" data-end=\"2744\" data-is-last-node=\"\" data-is-only-node=\"\"><strong data-start=\"2032\" data-end=\"2056\">MOSCHINO Toy 2 Pearl<\/strong> est le parfum id\u00e9al pour la femme qui cherche \u00e0 s&rsquo;exprimer \u00e0 travers une fragrance originale, fra\u00eeche et captivante, tout en \u00e9tant \u00e9l\u00e9gante et raffin\u00e9e. Parfait pour toutes les occasions, ce parfum s\u2019adapte \u00e0 tous les moments de la journ\u00e9e, du bureau \u00e0 une rencontre sp\u00e9ciale, en passant par les moments de d\u00e9tente entre amis. Gr\u00e2ce \u00e0 sa combinaison parfaite de notes fruit\u00e9es, florales et bois\u00e9es, il est une invitation \u00e0 se d\u00e9marquer avec gr\u00e2ce et audace. Cette fragrance unique, \u00e0 la fois sophistiqu\u00e9e et pleine de fra\u00eecheur, est une d\u00e9claration de style et de personnalit\u00e9, un choix parfait pour celles qui souhaitent faire une impression durable tout en restant l\u00e9g\u00e8res et modernes.<\/p>\n<p>Suivez toutes nos nouveaut\u00e9s! <a href=\"https:\/\/www.instagram.com\/freeshopswiss\/\" target=\"_blank\" rel=\"noopener\">@freeshopswiss<\/a><\/p>\n","protected":false},"excerpt":{"rendered":"<p><em><strong data-start=\"0\" data-end=\"38\"> Eau de Parfum<\/strong><\/em><\/p>\n","protected":false},"featured_media":10717,"comment_status":"open","ping_status":"closed","template":"","meta":[],"pwb-brand":[379],"product_brand":[],"product_cat":[87,109],"product_tag":[252,296,789,97,4367],"class_list":{"0":"post-10912","1":"product","2":"type-product","3":"status-publish","4":"has-post-thumbnail","6":"pwb-brand-moschino","7":"product_cat-parfums","8":"product_cat-pour-elle","9":"product_tag-eau-de-parfum-fr","10":"product_tag-femme","11":"product_tag-womens-fragrances-fr","12":"product_tag-parfums","13":"product_tag-special-printemps","15":"first","16":"instock","17":"sale","18":"taxable","19":"shipping-taxable","20":"purchasable","21":"product-type-variable","22":"has-default-attributes"},"brands":[{"id":379,"name":"Moschino","slug":"moschino"}],"_links":{"self":[{"href":"https:\/\/www.freeshopfrontiera.ch\/fr\/wp-json\/wp\/v2\/product\/10912","targetHints":{"allow":["GET"]}}],"collection":[{"href":"https:\/\/www.freeshopfrontiera.ch\/fr\/wp-json\/wp\/v2\/product"}],"about":[{"href":"https:\/\/www.freeshopfrontiera.ch\/fr\/wp-json\/wp\/v2\/types\/product"}],"replies":[{"embeddable":true,"href":"https:\/\/www.freeshopfrontiera.ch\/fr\/wp-json\/wp\/v2\/comments?post=10912"}],"version-history":[{"count":3,"href":"https:\/\/www.freeshopfrontiera.ch\/fr\/wp-json\/wp\/v2\/product\/10912\/revisions"}],"predecessor-version":[{"id":18458,"href":"https:\/\/www.freeshopfrontiera.ch\/fr\/wp-json\/wp\/v2\/product\/10912\/revisions\/18458"}],"wp:featuredmedia":[{"embeddable":true,"href":"https:\/\/www.freeshopfrontiera.ch\/fr\/wp-json\/wp\/v2\/media\/10717"}],"wp:attachment":[{"href":"https:\/\/www.freeshopfrontiera.ch\/fr\/wp-json\/wp\/v2\/media?parent=10912"}],"wp:term":[{"taxonomy":"pwb-brand","embeddable":true,"href":"https:\/\/www.freeshopfrontiera.ch\/fr\/wp-json\/wp\/v2\/pwb-brand?post=10912"},{"taxonomy":"product_brand","embeddable":true,"href":"https:\/\/www.freeshopfrontiera.ch\/fr\/wp-json\/wp\/v2\/product_brand?post=10912"},{"taxonomy":"product_cat","embeddable":true,"href":"https:\/\/www.freeshopfrontiera.ch\/fr\/wp-json\/wp\/v2\/product_cat?post=10912"},{"taxonomy":"product_tag","embeddable":true,"href":"https:\/\/www.freeshopfrontiera.ch\/fr\/wp-json\/wp\/v2\/product_tag?post=10912"}],"curies":[{"name":"wp","href":"https:\/\/api.w.org\/{rel}","templated":true}]}}