{"id":11097,"date":"2025-02-07T11:53:00","date_gmt":"2025-02-07T11:53:00","guid":{"rendered":"https:\/\/freeshopswiss.alesca.org\/shop\/jp-gaultier-le-male-eau-de-parfum\/"},"modified":"2025-04-23T09:15:04","modified_gmt":"2025-04-23T09:15:04","slug":"jp-gaultier-le-male-eau-de-parfum","status":"publish","type":"product","link":"https:\/\/www.freeshopfrontiera.ch\/fr\/shop\/jp-gaultier-le-male-eau-de-parfum\/","title":{"rendered":"JEAN PAUL GAULTIER Le Male Elixir"},"content":{"rendered":"<p><strong>JEAN PAUL GAULTIER Le Male Elixir Eau de Parfum<\/strong> est une \u0153uvre olfactive qui r\u00e9interpr\u00e8te audacieusement la c\u00e9l\u00e8bre fragrance Le Male, lui donnant une nouvelle intensit\u00e9. Cette version raffin\u00e9e et puissante est pens\u00e9e pour l\u2019homme qui recherche un parfum unique, audacieux et s\u00e9duisant, capable de laisser une trace m\u00e9morable.<\/p>\n<p>Le parfum s\u2019ouvre sur des notes fra\u00eeches et \u00e9pic\u00e9es de menthe, enrichies d\u2019une touche de bergamote qui accentue sa fra\u00eecheur. La menthe se m\u00eale \u00e0 un c\u0153ur riche et enveloppant de lavande et de vanille, apportant confort et sensualit\u00e9 tout en conservant une forte personnalit\u00e9. Le fond du parfum se d\u00e9veloppe sur des notes plus chaudes et sensuelles de bois de santal, d\u2019ambre et de musc, qui conf\u00e8rent profondeur et long\u00e9vit\u00e9 \u00e0 la fragrance. Le flacon, iconique dans sa forme de buste masculin, est un symbole d\u2019\u00e9l\u00e9gance et de provocation, \u00e0 l\u2019image du parfum qu\u2019il renferme.<\/p>\n<p>JP GAULTIER Le Male Elixir est id\u00e9al pour l\u2019homme s\u00fbr de lui, qui aime oser sans renoncer \u00e0 la sophistication. Parfait pour des occasions sp\u00e9ciales et des soir\u00e9es \u00e9l\u00e9gantes, tout en \u00e9tant suffisamment polyvalent pour \u00eatre port\u00e9 au quotidien.<\/p>\n<p>Follow us!\u00a0<a href=\"https:\/\/www.instagram.com\/freeshopswiss\/\" target=\"_blank\" rel=\"noopener\">@freeshopswiss<\/a><\/p>\n<p>&nbsp;<\/p>\n<p>&nbsp;<\/p>\n","protected":false},"excerpt":{"rendered":"<p><em><strong>Eau de Toilette<\/strong><\/em><\/p>\n","protected":false},"featured_media":11033,"comment_status":"open","ping_status":"closed","template":"","meta":[],"pwb-brand":[373],"product_brand":[],"product_cat":[87,89],"product_tag":[1629,143,97],"class_list":{"0":"post-11097","1":"product","2":"type-product","3":"status-publish","4":"has-post-thumbnail","6":"pwb-brand-jean-paul-gaultier","7":"product_cat-parfums","8":"product_cat-pour-lui","9":"product_tag-mens-fragrances-fr","10":"product_tag-homme","11":"product_tag-parfums","13":"first","14":"instock","15":"sale","16":"taxable","17":"shipping-taxable","18":"purchasable","19":"product-type-variable","20":"has-default-attributes"},"brands":[{"id":373,"name":"Jean Paul Gaultier","slug":"jean-paul-gaultier"}],"_links":{"self":[{"href":"https:\/\/www.freeshopfrontiera.ch\/fr\/wp-json\/wp\/v2\/product\/11097","targetHints":{"allow":["GET"]}}],"collection":[{"href":"https:\/\/www.freeshopfrontiera.ch\/fr\/wp-json\/wp\/v2\/product"}],"about":[{"href":"https:\/\/www.freeshopfrontiera.ch\/fr\/wp-json\/wp\/v2\/types\/product"}],"replies":[{"embeddable":true,"href":"https:\/\/www.freeshopfrontiera.ch\/fr\/wp-json\/wp\/v2\/comments?post=11097"}],"version-history":[{"count":6,"href":"https:\/\/www.freeshopfrontiera.ch\/fr\/wp-json\/wp\/v2\/product\/11097\/revisions"}],"predecessor-version":[{"id":27864,"href":"https:\/\/www.freeshopfrontiera.ch\/fr\/wp-json\/wp\/v2\/product\/11097\/revisions\/27864"}],"wp:featuredmedia":[{"embeddable":true,"href":"https:\/\/www.freeshopfrontiera.ch\/fr\/wp-json\/wp\/v2\/media\/11033"}],"wp:attachment":[{"href":"https:\/\/www.freeshopfrontiera.ch\/fr\/wp-json\/wp\/v2\/media?parent=11097"}],"wp:term":[{"taxonomy":"pwb-brand","embeddable":true,"href":"https:\/\/www.freeshopfrontiera.ch\/fr\/wp-json\/wp\/v2\/pwb-brand?post=11097"},{"taxonomy":"product_brand","embeddable":true,"href":"https:\/\/www.freeshopfrontiera.ch\/fr\/wp-json\/wp\/v2\/product_brand?post=11097"},{"taxonomy":"product_cat","embeddable":true,"href":"https:\/\/www.freeshopfrontiera.ch\/fr\/wp-json\/wp\/v2\/product_cat?post=11097"},{"taxonomy":"product_tag","embeddable":true,"href":"https:\/\/www.freeshopfrontiera.ch\/fr\/wp-json\/wp\/v2\/product_tag?post=11097"}],"curies":[{"name":"wp","href":"https:\/\/api.w.org\/{rel}","templated":true}]}}