{"id":11113,"date":"2025-02-07T13:11:47","date_gmt":"2025-02-07T13:11:47","guid":{"rendered":"https:\/\/freeshopswiss.alesca.org\/?post_type=product&#038;p=11113"},"modified":"2025-03-12T13:15:34","modified_gmt":"2025-03-12T13:15:34","slug":"viktorrolf-flowerbomb-eau-parfum-vapo-100ml","status":"publish","type":"product","link":"https:\/\/www.freeshopfrontiera.ch\/fr\/shop\/viktorrolf-flowerbomb-eau-parfum-vapo-100ml\/","title":{"rendered":"VIKTOR&#038;ROLF Flowerbomb 100ml"},"content":{"rendered":"<p><strong>VIKTOR&amp;ROLF Flowerbomb Eau de Parfum<\/strong> est un parfum sensuel et envo\u00fbtant qui capture l&rsquo;essence de la f\u00e9minit\u00e9 avec \u00e9l\u00e9gance et puissance. Cr\u00e9\u00e9e pour la femme qui souhaite laisser une empreinte ind\u00e9l\u00e9bile, cette fragrance florale orientale est une explosion de fleurs qui transforme chaque moment en une exp\u00e9rience unique et m\u00e9morable. Le parfum s&rsquo;ouvre sur un m\u00e9lange d\u00e9licat de bergamote et de th\u00e9, apportant fra\u00eecheur et luminosit\u00e9 \u00e0 la composition.<\/p>\n<p>Le c\u0153ur de Flowerbomb est un bouquet opulent de fleurs : jasmin, gard\u00e9nia, orchid\u00e9e et rose, cr\u00e9ant une sensation de luxe et de raffinement, unissant les notes florales de mani\u00e8re harmonieuse et sophistiqu\u00e9e. La base est chaude et enveloppante, avec des accents de patchouli, vanille et musc, qui ajoutent de la profondeur et de la sensualit\u00e9 \u00e0 la fragrance, laissant une trace persistante qui dure dans le temps. Le flacon, un \u00e9l\u00e9gant cylindre en forme de grenade, est un symbole de puissance et de f\u00e9minit\u00e9, refl\u00e9tant le caract\u00e8re audacieux et d\u00e9termin\u00e9 du parfum.<\/p>\n<p>VIKTOR&amp;ROLF Flowerbomb est parfait pour toutes les occasions sp\u00e9ciales, tout en \u00e9tant suffisamment polyvalent pour \u00eatre port\u00e9 au quotidien, id\u00e9al pour la femme qui recherche une fragrance sophistiqu\u00e9e et inoubliable, refl\u00e9tant sa personnalit\u00e9 unique.<\/p>\n<p>Suivez toutes nos actualit\u00e9s ! <a href=\"https:\/\/www.instagram.com\/freeshopswiss\/\" target=\"_blank\" rel=\"noopener\">@freeshopswiss<\/a><\/p>\n","protected":false},"excerpt":{"rendered":"<p><em><strong>Eau de Parfum<\/strong><\/em><\/p>\n","protected":false},"featured_media":27042,"comment_status":"open","ping_status":"closed","template":"","meta":[],"pwb-brand":[384],"product_brand":[],"product_cat":[96,87,109],"product_tag":[252,296,789,278,97],"class_list":{"0":"post-11113","1":"product","2":"type-product","3":"status-publish","4":"has-post-thumbnail","6":"pwb-brand-viktorrolf","7":"product_cat-evidence","8":"product_cat-parfums","9":"product_cat-pour-elle","10":"product_tag-eau-de-parfum-fr","11":"product_tag-femme","12":"product_tag-womens-fragrances-fr","13":"product_tag-offre","14":"product_tag-parfums","16":"first","17":"outofstock","18":"sale","19":"taxable","20":"shipping-taxable","21":"purchasable","22":"product-type-simple"},"brands":[{"id":384,"name":"VIKTOR&amp;ROLF","slug":"viktorrolf"}],"_links":{"self":[{"href":"https:\/\/www.freeshopfrontiera.ch\/fr\/wp-json\/wp\/v2\/product\/11113","targetHints":{"allow":["GET"]}}],"collection":[{"href":"https:\/\/www.freeshopfrontiera.ch\/fr\/wp-json\/wp\/v2\/product"}],"about":[{"href":"https:\/\/www.freeshopfrontiera.ch\/fr\/wp-json\/wp\/v2\/types\/product"}],"replies":[{"embeddable":true,"href":"https:\/\/www.freeshopfrontiera.ch\/fr\/wp-json\/wp\/v2\/comments?post=11113"}],"version-history":[{"count":5,"href":"https:\/\/www.freeshopfrontiera.ch\/fr\/wp-json\/wp\/v2\/product\/11113\/revisions"}],"predecessor-version":[{"id":18434,"href":"https:\/\/www.freeshopfrontiera.ch\/fr\/wp-json\/wp\/v2\/product\/11113\/revisions\/18434"}],"wp:featuredmedia":[{"embeddable":true,"href":"https:\/\/www.freeshopfrontiera.ch\/fr\/wp-json\/wp\/v2\/media\/27042"}],"wp:attachment":[{"href":"https:\/\/www.freeshopfrontiera.ch\/fr\/wp-json\/wp\/v2\/media?parent=11113"}],"wp:term":[{"taxonomy":"pwb-brand","embeddable":true,"href":"https:\/\/www.freeshopfrontiera.ch\/fr\/wp-json\/wp\/v2\/pwb-brand?post=11113"},{"taxonomy":"product_brand","embeddable":true,"href":"https:\/\/www.freeshopfrontiera.ch\/fr\/wp-json\/wp\/v2\/product_brand?post=11113"},{"taxonomy":"product_cat","embeddable":true,"href":"https:\/\/www.freeshopfrontiera.ch\/fr\/wp-json\/wp\/v2\/product_cat?post=11113"},{"taxonomy":"product_tag","embeddable":true,"href":"https:\/\/www.freeshopfrontiera.ch\/fr\/wp-json\/wp\/v2\/product_tag?post=11113"}],"curies":[{"name":"wp","href":"https:\/\/api.w.org\/{rel}","templated":true}]}}