{"id":11163,"date":"2025-02-07T14:04:14","date_gmt":"2025-02-07T14:04:14","guid":{"rendered":"https:\/\/freeshopswiss.alesca.org\/?post_type=product&#038;p=11163"},"modified":"2026-05-11T11:18:39","modified_gmt":"2026-05-11T11:18:39","slug":"paglieri-1876-florentia-eau-de-parfum-100ml","status":"publish","type":"product","link":"https:\/\/www.freeshopfrontiera.ch\/fr\/shop\/paglieri-1876-florentia-eau-de-parfum-100ml\/","title":{"rendered":"PAGLIERI 1876 Florentia 100ml"},"content":{"rendered":"<p><strong>PAGLIERI 1876 Florentia Eau de Parfum<\/strong> est un parfum sophistiqu\u00e9 qui c\u00e9l\u00e8bre l&rsquo;\u00e9l\u00e9gance intemporelle des villes italiennes et la beaut\u00e9 du patrimoine culturel de notre pays. Inspir\u00e9 par la ville de Florence, ce parfum \u00e9voque l&rsquo;art, l&rsquo;histoire et le charme de l&rsquo;architecture de la Renaissance. Son bouquet floral est une symphonie de notes fra\u00eeches et enveloppantes qui racontent l&rsquo;histoire d&rsquo;une promenade dans les jardins fleuris et les rues pav\u00e9es de la ville.<\/p>\n<p>Le parfum s&rsquo;ouvre sur une fra\u00eecheur imm\u00e9diate gr\u00e2ce aux notes de t\u00eate de bergamote et de mandarine, qui introduisent une sensation de luminosit\u00e9 et de vitalit\u00e9. Le c\u0153ur de la fragrance est une rencontre raffin\u00e9e entre l&rsquo;iris et le jasmin, apportant une touche florale riche et sophistiqu\u00e9e. La base, chaude et enveloppante, se d\u00e9veloppe avec des notes de musc blanc et de bois de santal, cr\u00e9ant un sillage sensuel et persistant qui reste sur la peau. Le flacon, \u00e9l\u00e9gant et raffin\u00e9, refl\u00e8te la tradition et le savoir-faire artisanal, avec un design classique \u00e9voquant la beaut\u00e9 et le luxe des anciennes boutiques florentines.<\/p>\n<p>PAGLIERI 1876 Florentia Eau de Parfum est le parfum id\u00e9al pour la femme moderne qui souhaite porter un parfum riche en histoire et en raffinement. Parfait pour toutes les occasions sp\u00e9ciales, il est suffisamment polyvalent pour \u00eatre port\u00e9 aussi bien le jour que le soir, offrant une sensation d&rsquo;\u00e9l\u00e9gance intemporelle.<\/p>\n<p>Suivez toutes nos actualit\u00e9s ! <a href=\"https:\/\/www.instagram.com\/freeshopswiss\/\" target=\"_blank\" rel=\"noopener\">@freeshopswiss<\/a><\/p>\n","protected":false},"excerpt":{"rendered":"<p><em><strong>Eau de Parfum<\/strong><\/em><\/p>\n","protected":false},"featured_media":11173,"comment_status":"open","ping_status":"closed","template":"","meta":[],"pwb-brand":[385],"product_brand":[],"product_cat":[96,87,89],"product_tag":[252,1629,278,97],"class_list":{"0":"post-11163","1":"product","2":"type-product","3":"status-publish","4":"has-post-thumbnail","6":"pwb-brand-paglieri-1876","7":"product_cat-evidence","8":"product_cat-parfums","9":"product_cat-pour-lui","10":"product_tag-eau-de-parfum-fr","11":"product_tag-mens-fragrances-fr","12":"product_tag-offre","13":"product_tag-parfums","15":"first","16":"outofstock","17":"sale","18":"taxable","19":"shipping-taxable","20":"purchasable","21":"product-type-simple"},"brands":[{"id":385,"name":"Paglieri 1876","slug":"paglieri-1876"}],"_links":{"self":[{"href":"https:\/\/www.freeshopfrontiera.ch\/fr\/wp-json\/wp\/v2\/product\/11163","targetHints":{"allow":["GET"]}}],"collection":[{"href":"https:\/\/www.freeshopfrontiera.ch\/fr\/wp-json\/wp\/v2\/product"}],"about":[{"href":"https:\/\/www.freeshopfrontiera.ch\/fr\/wp-json\/wp\/v2\/types\/product"}],"replies":[{"embeddable":true,"href":"https:\/\/www.freeshopfrontiera.ch\/fr\/wp-json\/wp\/v2\/comments?post=11163"}],"version-history":[{"count":4,"href":"https:\/\/www.freeshopfrontiera.ch\/fr\/wp-json\/wp\/v2\/product\/11163\/revisions"}],"predecessor-version":[{"id":18430,"href":"https:\/\/www.freeshopfrontiera.ch\/fr\/wp-json\/wp\/v2\/product\/11163\/revisions\/18430"}],"wp:featuredmedia":[{"embeddable":true,"href":"https:\/\/www.freeshopfrontiera.ch\/fr\/wp-json\/wp\/v2\/media\/11173"}],"wp:attachment":[{"href":"https:\/\/www.freeshopfrontiera.ch\/fr\/wp-json\/wp\/v2\/media?parent=11163"}],"wp:term":[{"taxonomy":"pwb-brand","embeddable":true,"href":"https:\/\/www.freeshopfrontiera.ch\/fr\/wp-json\/wp\/v2\/pwb-brand?post=11163"},{"taxonomy":"product_brand","embeddable":true,"href":"https:\/\/www.freeshopfrontiera.ch\/fr\/wp-json\/wp\/v2\/product_brand?post=11163"},{"taxonomy":"product_cat","embeddable":true,"href":"https:\/\/www.freeshopfrontiera.ch\/fr\/wp-json\/wp\/v2\/product_cat?post=11163"},{"taxonomy":"product_tag","embeddable":true,"href":"https:\/\/www.freeshopfrontiera.ch\/fr\/wp-json\/wp\/v2\/product_tag?post=11163"}],"curies":[{"name":"wp","href":"https:\/\/api.w.org\/{rel}","templated":true}]}}