{"id":11195,"date":"2025-02-07T14:26:54","date_gmt":"2025-02-07T14:26:54","guid":{"rendered":"https:\/\/freeshopswiss.alesca.org\/?post_type=product&#038;p=11195"},"modified":"2025-03-12T12:31:41","modified_gmt":"2025-03-12T12:31:41","slug":"rabanne-invictus-eau-de-toilette-vapo","status":"publish","type":"product","link":"https:\/\/www.freeshopfrontiera.ch\/fr\/shop\/rabanne-invictus-eau-de-toilette-vapo\/","title":{"rendered":"RABANNE Invictus"},"content":{"rendered":"<article class=\"w-full text-token-text-primary focus-visible:outline-2 focus-visible:outline-offset-[-4px]\" dir=\"auto\" data-testid=\"conversation-turn-97\" data-scroll-anchor=\"true\">\n<div class=\"text-base my-auto mx-auto py-[18px] px-6\">\n<div class=\"mx-auto flex flex-1 text-base gap-4 md:gap-5 lg:gap-6 md:max-w-3xl\">\n<div class=\"group\/conversation-turn relative flex w-full min-w-0 flex-col agent-turn @xs\/thread:px-0 @sm\/thread:px-1.5 @md\/thread:px-4\">\n<div class=\"flex-col gap-1 md:gap-3\">\n<div class=\"flex max-w-full flex-col flex-grow\">\n<div class=\"min-h-8 text-message relative flex w-full flex-col items-end gap-2 whitespace-normal break-words text-start [.text-message+&amp;]:mt-5\" dir=\"auto\" data-message-author-role=\"assistant\" data-message-id=\"8c1e23a0-37b2-4450-a0c1-1afb1d9c15ec\" data-message-model-slug=\"gpt-4o-mini\">\n<div class=\"flex w-full flex-col gap-1 empty:hidden first:pt-[3px]\">\n<div class=\"markdown prose w-full break-words dark:prose-invert light\">\n<p data-start=\"0\" data-end=\"435\"><strong data-start=\"0\" data-end=\"41\">PACO RABANNE Invictus Eau de Toilette<\/strong> est une fragrance puissante et audacieuse, con\u00e7ue pour l&rsquo;homme moderne qui incarne la victoire, la force et la d\u00e9termination. Ce parfum c\u00e9l\u00e8bre l&rsquo;esprit combatif de l&rsquo;homme qui ne recule devant aucun d\u00e9fi et cherche \u00e0 conqu\u00e9rir le monde avec une confiance in\u00e9branlable. Invictus est plus qu&rsquo;une simple eau de toilette : c\u2019est un v\u00e9ritable hommage \u00e0 l&rsquo;audace, \u00e0 la passion et \u00e0 la pers\u00e9v\u00e9rance.<\/p>\n<p data-start=\"437\" data-end=\"816\">D\u00e8s l&rsquo;ouverture, le parfum frappe avec une explosion \u00e9nergique et vibrante de <strong data-start=\"515\" data-end=\"531\">pamplemousse<\/strong> et de <strong data-start=\"538\" data-end=\"560\">feuille de laurier<\/strong>, des notes fra\u00eeches et piquantes qui \u00e9veillent instantan\u00e9ment les sens et insufflent une sensation de dynamisme. Ces accords cr\u00e9ent une premi\u00e8re impression saisissante, marqu\u00e9e par une fra\u00eecheur vivifiante qui symbolise l&rsquo;esprit de conqu\u00eate et d&rsquo;aventure.<\/p>\n<p data-start=\"818\" data-end=\"1202\">Le c\u0153ur de <strong data-start=\"829\" data-end=\"841\">Invictus<\/strong> d\u00e9voile un \u00e9quilibre parfait entre des \u00e9l\u00e9ments sportifs et myst\u00e9rieux. Un m\u00e9lange subtil de <strong data-start=\"935\" data-end=\"952\">notes marines<\/strong> et <strong data-start=\"956\" data-end=\"967\">bois\u00e9es<\/strong> se marie \u00e0 la perfection, cr\u00e9ant une composition qui \u00e9voque la force int\u00e9rieure et l&rsquo;\u00e9lan vers l&rsquo;inconnu. Ce c\u0153ur complexe et intrigant traduit la pers\u00e9v\u00e9rance d&rsquo;un homme qui ose repousser ses limites et explorer de nouveaux horizons.<\/p>\n<p data-start=\"1204\" data-end=\"1543\">Enfin, la base de la fragrance repose sur des notes profondes et puissantes de <strong data-start=\"1283\" data-end=\"1291\">musc<\/strong> et de <strong data-start=\"1298\" data-end=\"1315\">bois de ga\u00efac<\/strong>, qui apportent une intensit\u00e9 et une sensualit\u00e9 durable. Ces accords bois\u00e9s et musqu\u00e9s laissent un sillage profond et myst\u00e9rieux, symbolisant une \u00e9l\u00e9gance brute et indomptable, parfait pour un homme qui veut marquer les esprits.<\/p>\n<p data-start=\"1545\" data-end=\"1969\">Le flacon <strong data-start=\"1555\" data-end=\"1567\">Invictus<\/strong>, inspir\u00e9 de la forme d&rsquo;un troph\u00e9e, est un v\u00e9ritable symbole de succ\u00e8s, de triomphe et de victoire. Ce design moderne et audacieux incarne le pouvoir et la conqu\u00eate, rappelant que chaque homme est un champion, pr\u00eat \u00e0 relever les d\u00e9fis de la vie. Avec sa forme \u00e9l\u00e9gante, il fait de ce parfum un objet de d\u00e9sir, bien plus qu\u2019un simple flacon, mais un symbole de la r\u00e9ussite et de la puissance int\u00e9rieure.<\/p>\n<p data-start=\"1971\" data-end=\"2541\" data-is-last-node=\"\" data-is-only-node=\"\"><strong data-start=\"1971\" data-end=\"2012\">PACO RABANNE Invictus Eau de Toilette<\/strong> est le parfum id\u00e9al pour l\u2019homme qui cherche \u00e0 laisser une empreinte ind\u00e9l\u00e9bile. Que ce soit pour affronter les d\u00e9fis quotidiens ou pour marquer les grandes occasions, ce parfum est le compagnon parfait de l\u2019homme d\u00e9termin\u00e9. Sa fragrance, \u00e0 la fois fra\u00eeche, bois\u00e9e et musqu\u00e9e, en fait un choix versatile, qui s\u2019adapte aussi bien aux moments de succ\u00e8s qu\u2019aux \u00e9v\u00e9nements sp\u00e9ciaux. Invictus incarne la confiance en soi, l\u2019esprit de conqu\u00eate et la d\u00e9termination, des qualit\u00e9s qui font de lui un v\u00e9ritable alli\u00e9 pour l&rsquo;homme moderne.<\/p>\n<\/div>\n<\/div>\n<\/div>\n<\/div>\n<div class=\"mb-2 flex gap-3 -ml-2\" tabindex=\"0\">\n<div class=\"flex items-center justify-start rounded-xl p-1\">\n<div class=\"flex items-center\"><\/div>\n<\/div>\n<\/div>\n<\/div>\n<\/div>\n<\/div>\n<\/div>\n<\/article>\n<p>Suivez toutes nos actualit\u00e9s! <a href=\"https:\/\/www.instagram.com\/freeshopswiss\/\" target=\"_blank\" rel=\"noopener\">@freeshopswiss<\/a><\/p>\n","protected":false},"excerpt":{"rendered":"<p><strong>Eau de Toilette<\/strong><\/p>\n","protected":false},"featured_media":11205,"comment_status":"open","ping_status":"closed","template":"","meta":[],"pwb-brand":[378],"product_brand":[],"product_cat":[87,89],"product_tag":[141,1629,143,97],"class_list":{"0":"post-11195","1":"product","2":"type-product","3":"status-publish","4":"has-post-thumbnail","6":"pwb-brand-rabanne","7":"product_cat-parfums","8":"product_cat-pour-lui","9":"product_tag-eau-de-toilette-fr","10":"product_tag-mens-fragrances-fr","11":"product_tag-homme","12":"product_tag-parfums","14":"first","15":"instock","16":"sale","17":"taxable","18":"shipping-taxable","19":"purchasable","20":"product-type-variable","21":"has-default-attributes"},"brands":[{"id":378,"name":"Rabanne","slug":"rabanne"}],"_links":{"self":[{"href":"https:\/\/www.freeshopfrontiera.ch\/fr\/wp-json\/wp\/v2\/product\/11195","targetHints":{"allow":["GET"]}}],"collection":[{"href":"https:\/\/www.freeshopfrontiera.ch\/fr\/wp-json\/wp\/v2\/product"}],"about":[{"href":"https:\/\/www.freeshopfrontiera.ch\/fr\/wp-json\/wp\/v2\/types\/product"}],"replies":[{"embeddable":true,"href":"https:\/\/www.freeshopfrontiera.ch\/fr\/wp-json\/wp\/v2\/comments?post=11195"}],"version-history":[{"count":4,"href":"https:\/\/www.freeshopfrontiera.ch\/fr\/wp-json\/wp\/v2\/product\/11195\/revisions"}],"predecessor-version":[{"id":18431,"href":"https:\/\/www.freeshopfrontiera.ch\/fr\/wp-json\/wp\/v2\/product\/11195\/revisions\/18431"}],"wp:featuredmedia":[{"embeddable":true,"href":"https:\/\/www.freeshopfrontiera.ch\/fr\/wp-json\/wp\/v2\/media\/11205"}],"wp:attachment":[{"href":"https:\/\/www.freeshopfrontiera.ch\/fr\/wp-json\/wp\/v2\/media?parent=11195"}],"wp:term":[{"taxonomy":"pwb-brand","embeddable":true,"href":"https:\/\/www.freeshopfrontiera.ch\/fr\/wp-json\/wp\/v2\/pwb-brand?post=11195"},{"taxonomy":"product_brand","embeddable":true,"href":"https:\/\/www.freeshopfrontiera.ch\/fr\/wp-json\/wp\/v2\/product_brand?post=11195"},{"taxonomy":"product_cat","embeddable":true,"href":"https:\/\/www.freeshopfrontiera.ch\/fr\/wp-json\/wp\/v2\/product_cat?post=11195"},{"taxonomy":"product_tag","embeddable":true,"href":"https:\/\/www.freeshopfrontiera.ch\/fr\/wp-json\/wp\/v2\/product_tag?post=11195"}],"curies":[{"name":"wp","href":"https:\/\/api.w.org\/{rel}","templated":true}]}}