{"id":11363,"date":"2025-02-10T08:20:13","date_gmt":"2025-02-10T08:20:13","guid":{"rendered":"https:\/\/freeshopswiss.alesca.org\/shop\/jp-gaultier-le-male-le-parfum-intense-eau-de-parfum\/"},"modified":"2025-04-23T09:18:59","modified_gmt":"2025-04-23T09:18:59","slug":"jp-gaultier-le-male-le-parfum-intense-eau-de-parfum","status":"publish","type":"product","link":"https:\/\/www.freeshopfrontiera.ch\/fr\/shop\/jp-gaultier-le-male-le-parfum-intense-eau-de-parfum\/","title":{"rendered":"JEAN PAUL GAULTIER Le Male Le Parfum Intense"},"content":{"rendered":"<p data-start=\"0\" data-end=\"341\"><strong data-start=\"0\" data-end=\"62\">Jean Paul Gaultier Le Male Le Parfum Intense Eau de Parfum<\/strong> est une r\u00e9interpr\u00e9tation audacieuse et raffin\u00e9e de l&#8217;embl\u00e9matique parfum <strong data-start=\"136\" data-end=\"147\">Le Male<\/strong>. Cette version intense pousse les limites de la cr\u00e9ation olfactive, offrant une exp\u00e9rience captivante et inoubliable qui rel\u00e8ve le classique \u00e0 un niveau sup\u00e9rieur de sophistication et d&rsquo;audace.<\/p>\n<p data-start=\"343\" data-end=\"827\">D\u00e8s l&rsquo;ouverture, le parfum se distingue par une explosion rafra\u00eechissante de <strong data-start=\"420\" data-end=\"433\">cardamome<\/strong>, une note aromatique \u00e9pic\u00e9e qui s&rsquo;allie \u00e0 l&rsquo;intemporelle <strong data-start=\"491\" data-end=\"502\">lavande<\/strong>, cr\u00e9ant une touche de t\u00eate \u00e0 la fois revigorante et \u00e9l\u00e9gante. Cette combinaison de fra\u00eecheur et de l\u00e9g\u00e8ret\u00e9 s&rsquo;invite avec une \u00e9nergie p\u00e9tillante, \u00e9voquant un homme s\u00fbr de lui, \u00e9nergique et s\u00e9duisant. Ces premi\u00e8res notes \u00e9veillent les sens, offrant un d\u00e9but dynamique et moderne tout en restant fid\u00e8le \u00e0 l\u2019ADN de <strong data-start=\"815\" data-end=\"826\">Le Male<\/strong>.<\/p>\n<p data-start=\"829\" data-end=\"1186\">Au c\u0153ur du parfum, un m\u00e9lange sensuel et cr\u00e9meux de <strong data-start=\"881\" data-end=\"895\">f\u00e8ve tonka<\/strong> et de <strong data-start=\"902\" data-end=\"913\">vanille<\/strong> d\u00e9voile toute la chaleur et la douceur de cette fragrance. La f\u00e8ve tonka, avec ses accents doux et l\u00e9g\u00e8rement bois\u00e9s, se marie parfaitement avec la vanille, ajoutant une profondeur envo\u00fbtante et une touche gourmande qui enveloppe la peau d&rsquo;une chaleur d\u00e9licate et subtile.<\/p>\n<p data-start=\"1188\" data-end=\"1777\">La composition se termine par une base riche et bois\u00e9e, o\u00f9 les notes de <strong data-start=\"1260\" data-end=\"1269\">c\u00e8dre<\/strong> et <strong data-start=\"1273\" data-end=\"1282\">ambre<\/strong> offrent une finition \u00e9l\u00e9gante et persistante. Ces notes apportent une profondeur et une sensualit\u00e9 qui durent sur la peau, cr\u00e9ant un sillage captivant et sophistiqu\u00e9. Ce parfum incarne la puissance de l&rsquo;\u00e9l\u00e9gance masculine, tout en restant sensuel et myst\u00e9rieux.<\/p>\n<p data-start=\"1779\" data-end=\"2128\">Le flacon de <strong data-start=\"1792\" data-end=\"1840\">Jean Paul Gaultier Le Male Le Parfum Intense<\/strong> conserve la silhouette iconique du buste, d\u00e9sormais rehauss\u00e9e d&rsquo;une finition plus sombre et raffin\u00e9e. Cette version plus moderne et plus profonde du flacon symbolise parfaitement la richesse et la puissance de la fragrance, cr\u00e9ant un objet de collection aussi audacieux que son contenu.<\/p>\n<p data-start=\"2130\" data-end=\"2427\" data-is-last-node=\"\" data-is-only-node=\"\">En r\u00e9sum\u00e9, <strong data-start=\"2141\" data-end=\"2189\">Jean Paul Gaultier Le Male Le Parfum Intense<\/strong> est le parfum id\u00e9al pour l&rsquo;homme moderne, qui cherche \u00e0 allier puissance, sensualit\u00e9 et sophistication. Un choix parfait pour ceux qui veulent laisser une impression durable et marquer chaque moment d\u2019une signature olfactive inoubliable.<\/p>\n<p>Follow all our news! <a href=\"https:\/\/www.instagram.com\/freeshopswiss\/\" target=\"_blank\" rel=\"noopener\">@freeshopswiss<\/a><\/p>\n","protected":false},"excerpt":{"rendered":"<p><em><strong>Eau de Parfum<\/strong><\/em><\/p>\n","protected":false},"featured_media":11333,"comment_status":"open","ping_status":"closed","template":"","meta":[],"pwb-brand":[373],"product_brand":[],"product_cat":[87,89],"product_tag":[252,1629,97],"class_list":{"0":"post-11363","1":"product","2":"type-product","3":"status-publish","4":"has-post-thumbnail","6":"pwb-brand-jean-paul-gaultier","7":"product_cat-parfums","8":"product_cat-pour-lui","9":"product_tag-eau-de-parfum-fr","10":"product_tag-mens-fragrances-fr","11":"product_tag-parfums","13":"first","14":"instock","15":"sale","16":"taxable","17":"shipping-taxable","18":"purchasable","19":"product-type-variable","20":"has-default-attributes"},"brands":[{"id":373,"name":"Jean Paul Gaultier","slug":"jean-paul-gaultier"}],"_links":{"self":[{"href":"https:\/\/www.freeshopfrontiera.ch\/fr\/wp-json\/wp\/v2\/product\/11363","targetHints":{"allow":["GET"]}}],"collection":[{"href":"https:\/\/www.freeshopfrontiera.ch\/fr\/wp-json\/wp\/v2\/product"}],"about":[{"href":"https:\/\/www.freeshopfrontiera.ch\/fr\/wp-json\/wp\/v2\/types\/product"}],"replies":[{"embeddable":true,"href":"https:\/\/www.freeshopfrontiera.ch\/fr\/wp-json\/wp\/v2\/comments?post=11363"}],"version-history":[{"count":4,"href":"https:\/\/www.freeshopfrontiera.ch\/fr\/wp-json\/wp\/v2\/product\/11363\/revisions"}],"predecessor-version":[{"id":27869,"href":"https:\/\/www.freeshopfrontiera.ch\/fr\/wp-json\/wp\/v2\/product\/11363\/revisions\/27869"}],"wp:featuredmedia":[{"embeddable":true,"href":"https:\/\/www.freeshopfrontiera.ch\/fr\/wp-json\/wp\/v2\/media\/11333"}],"wp:attachment":[{"href":"https:\/\/www.freeshopfrontiera.ch\/fr\/wp-json\/wp\/v2\/media?parent=11363"}],"wp:term":[{"taxonomy":"pwb-brand","embeddable":true,"href":"https:\/\/www.freeshopfrontiera.ch\/fr\/wp-json\/wp\/v2\/pwb-brand?post=11363"},{"taxonomy":"product_brand","embeddable":true,"href":"https:\/\/www.freeshopfrontiera.ch\/fr\/wp-json\/wp\/v2\/product_brand?post=11363"},{"taxonomy":"product_cat","embeddable":true,"href":"https:\/\/www.freeshopfrontiera.ch\/fr\/wp-json\/wp\/v2\/product_cat?post=11363"},{"taxonomy":"product_tag","embeddable":true,"href":"https:\/\/www.freeshopfrontiera.ch\/fr\/wp-json\/wp\/v2\/product_tag?post=11363"}],"curies":[{"name":"wp","href":"https:\/\/api.w.org\/{rel}","templated":true}]}}