{"id":11405,"date":"2025-02-10T09:06:31","date_gmt":"2025-02-10T09:06:31","guid":{"rendered":"https:\/\/freeshopswiss.alesca.org\/shop\/narciso-rodriguez-for-her-forever-eau-de-parfum\/"},"modified":"2025-12-15T09:09:30","modified_gmt":"2025-12-15T09:09:30","slug":"narciso-rodriguez-for-her-forever-eau-de-parfum","status":"publish","type":"product","link":"https:\/\/www.freeshopfrontiera.ch\/fr\/shop\/narciso-rodriguez-for-her-forever-eau-de-parfum\/","title":{"rendered":"NARCISO RODRIGUEZ For Her Forever EdP"},"content":{"rendered":"<p><strong>Narciso Rodriguez For Her Forever Eau de Parfum<\/strong> est une fragrance unique qui capture l&rsquo;essence de la f\u00e9minit\u00e9 moderne, \u00e9l\u00e9gante et intemporelle. Un parfum qui \u00e9volue et se transforme en harmonie avec la peau, cr\u00e9ant une tra\u00een\u00e9e sophistiqu\u00e9e et enveloppante.<\/p>\n<p>Il s&rsquo;ouvre sur une explosion de fra\u00eecheur, gr\u00e2ce \u00e0 des notes d\u00e9licates de fleurs blanches et d&rsquo;agrumes, offrant un d\u00e9part lumineux et vibrant. Le c\u0153ur de la fragrance est construit autour du musc, symbole de sensualit\u00e9 et d&rsquo;intimit\u00e9, combin\u00e9 avec des accents subtils de bois qui apportent profondeur et chaleur au parfum. La base est compos\u00e9e de notes enveloppantes de vanille et d&rsquo;ambre, conf\u00e9rant une persistance chaude et sensuelle qui s\u00e9duit et dure dans le temps.<\/p>\n<p>Narciso Rodriguez For Her Forever est un hommage \u00e0 la force et \u00e0 la gr\u00e2ce des femmes, capable de s&rsquo;adapter \u00e0 chaque moment de la journ\u00e9e, des rencontres quotidiennes aux soir\u00e9es sp\u00e9ciales. Son \u00e9l\u00e9gance discr\u00e8te et son caract\u00e8re intense en font le parfum id\u00e9al pour celles qui recherchent une essence qui demeure dans le c\u0153ur sans jamais s&rsquo;imposer. Parfait pour toutes les occasions, ce parfum incarne la sophistication et la modernit\u00e9, avec une composition qui c\u00e9l\u00e8bre la f\u00e9minit\u00e9 sous toutes ses formes.<\/p>\n<p>Narciso Rodriguez For Her Forever est une fragrance \u00e9l\u00e9gante et sensuelle, avec des notes fra\u00eeches, musc, vanille, bois et ambre.<\/p>\n<p>&nbsp;<\/p>\n<p>Suivez toutes nos actualit\u00e9s! <a href=\"https:\/\/www.instagram.com\/freeshopswiss\/\" target=\"_blank\" rel=\"noopener\">@freeshopswiss<\/a><\/p>\n","protected":false},"excerpt":{"rendered":"<p><em><strong>Eau de Parfum<\/strong><\/em><\/p>\n","protected":false},"featured_media":10539,"comment_status":"open","ping_status":"closed","template":"","meta":[],"pwb-brand":[284],"product_brand":[],"product_cat":[87,109],"product_tag":[252,296,789,97],"class_list":{"0":"post-11405","1":"product","2":"type-product","3":"status-publish","4":"has-post-thumbnail","6":"pwb-brand-narciso-rodriguez","7":"product_cat-parfums","8":"product_cat-pour-elle","9":"product_tag-eau-de-parfum-fr","10":"product_tag-femme","11":"product_tag-womens-fragrances-fr","12":"product_tag-parfums","14":"first","15":"outofstock","16":"taxable","17":"shipping-taxable","18":"product-type-variable","19":"has-default-attributes"},"brands":[{"id":284,"name":"Narciso Rodriguez","slug":"narciso-rodriguez"}],"_links":{"self":[{"href":"https:\/\/www.freeshopfrontiera.ch\/fr\/wp-json\/wp\/v2\/product\/11405","targetHints":{"allow":["GET"]}}],"collection":[{"href":"https:\/\/www.freeshopfrontiera.ch\/fr\/wp-json\/wp\/v2\/product"}],"about":[{"href":"https:\/\/www.freeshopfrontiera.ch\/fr\/wp-json\/wp\/v2\/types\/product"}],"replies":[{"embeddable":true,"href":"https:\/\/www.freeshopfrontiera.ch\/fr\/wp-json\/wp\/v2\/comments?post=11405"}],"version-history":[{"count":6,"href":"https:\/\/www.freeshopfrontiera.ch\/fr\/wp-json\/wp\/v2\/product\/11405\/revisions"}],"predecessor-version":[{"id":37877,"href":"https:\/\/www.freeshopfrontiera.ch\/fr\/wp-json\/wp\/v2\/product\/11405\/revisions\/37877"}],"wp:featuredmedia":[{"embeddable":true,"href":"https:\/\/www.freeshopfrontiera.ch\/fr\/wp-json\/wp\/v2\/media\/10539"}],"wp:attachment":[{"href":"https:\/\/www.freeshopfrontiera.ch\/fr\/wp-json\/wp\/v2\/media?parent=11405"}],"wp:term":[{"taxonomy":"pwb-brand","embeddable":true,"href":"https:\/\/www.freeshopfrontiera.ch\/fr\/wp-json\/wp\/v2\/pwb-brand?post=11405"},{"taxonomy":"product_brand","embeddable":true,"href":"https:\/\/www.freeshopfrontiera.ch\/fr\/wp-json\/wp\/v2\/product_brand?post=11405"},{"taxonomy":"product_cat","embeddable":true,"href":"https:\/\/www.freeshopfrontiera.ch\/fr\/wp-json\/wp\/v2\/product_cat?post=11405"},{"taxonomy":"product_tag","embeddable":true,"href":"https:\/\/www.freeshopfrontiera.ch\/fr\/wp-json\/wp\/v2\/product_tag?post=11405"}],"curies":[{"name":"wp","href":"https:\/\/api.w.org\/{rel}","templated":true}]}}