{"id":11431,"date":"2025-02-10T09:35:40","date_gmt":"2025-02-10T09:35:40","guid":{"rendered":"https:\/\/freeshopswiss.alesca.org\/shop\/mont-blanc-explorer-men-eau-de-parfum\/"},"modified":"2025-03-12T12:21:01","modified_gmt":"2025-03-12T12:21:01","slug":"mont-blanc-explorer-men-eau-de-parfum","status":"publish","type":"product","link":"https:\/\/www.freeshopfrontiera.ch\/fr\/shop\/mont-blanc-explorer-men-eau-de-parfum\/","title":{"rendered":"MONT BLANC Explorer Men"},"content":{"rendered":"<p data-start=\"0\" data-end=\"460\"><strong data-start=\"0\" data-end=\"41\">MONT BLANC Explorer Men Eau de Parfum<\/strong> est une fragrance masculine exclusive qui incarne l\u2019esprit d\u2019aventure et d\u2019exploration. Cr\u00e9\u00e9e pour l\u2019homme moderne, curieux et audacieux, cette eau de parfum capture l\u2019essence de la libert\u00e9 avec un m\u00e9lange parfait de notes fra\u00eeches et bois\u00e9es. L\u2019\u00e9l\u00e9gance et la sophistication de <strong data-start=\"321\" data-end=\"344\">MONT BLANC Explorer<\/strong> s\u2019expriment dans chaque vaporisation, \u00e9voquant l\u2019image d\u2019un homme intr\u00e9pide, pr\u00eat \u00e0 conqu\u00e9rir de nouveaux horizons.<\/p>\n<p data-start=\"462\" data-end=\"1125\">L\u2019ouverture du parfum est marqu\u00e9e par une explosion de <strong data-start=\"517\" data-end=\"530\">bergamote<\/strong>, de <strong data-start=\"535\" data-end=\"550\">poivre rose<\/strong> et d\u2019accords <strong data-start=\"564\" data-end=\"579\">aromatiques<\/strong> qui apportent une fra\u00eecheur \u00e9clatante, imm\u00e9diatement captivante. Ces premi\u00e8res notes r\u00e9veillent les sens et cr\u00e9ent une sensation de vivacit\u00e9 et de libert\u00e9. Le c\u0153ur de la fragrance, plus profond et structur\u00e9, d\u00e9voile un m\u00e9lange parfait de <strong data-start=\"818\" data-end=\"829\">v\u00e9tiver<\/strong>, de <strong data-start=\"834\" data-end=\"847\">patchouli<\/strong> et de <strong data-start=\"854\" data-end=\"865\">lavande<\/strong>. Cette combinaison apporte une sensation de masculinit\u00e9 audacieuse et raffin\u00e9e, soulignant l\u2019aspect intemporel et aventurier du parfum. Les notes de c\u0153ur cr\u00e9ent une atmosph\u00e8re terreuse et bois\u00e9e, renfor\u00e7ant l&rsquo;id\u00e9e de connexion avec la nature et d&rsquo;exploration.<\/p>\n<p data-start=\"1127\" data-end=\"1492\">La base du parfum est une fusion chaleureuse de <strong data-start=\"1175\" data-end=\"1183\">musc<\/strong> et d\u2019<strong data-start=\"1189\" data-end=\"1198\">ambre<\/strong>, apportant une profondeur envo\u00fbtante et une chaleur enveloppante. Ces accords finaux conf\u00e8rent \u00e0 la fragrance une durabilit\u00e9 exceptionnelle, permettant \u00e0 son sillage de perdurer tout au long de la journ\u00e9e. Le parfum devient ainsi un compagnon de voyage, un symbole d\u2019aventure et de d\u00e9couverte.<\/p>\n<p data-start=\"1494\" data-end=\"2004\"><strong data-start=\"1494\" data-end=\"1535\">MONT BLANC Explorer Men Eau de Parfum<\/strong> est parfait pour toutes les occasions, que ce soit pour une journ\u00e9e au bureau, une soir\u00e9e \u00e9l\u00e9gante ou une escapade en pleine nature. Il s\u2019adapte \u00e0 l\u2019homme moderne, dynamique et sophistiqu\u00e9, qui cherche \u00e0 marquer son empreinte et \u00e0 s\u2019affirmer avec une fragrance distinctive et polyvalente. Son design \u00e9l\u00e9gant et contemporain du flacon, alliant lignes \u00e9pur\u00e9es et mat\u00e9riaux raffin\u00e9s, refl\u00e8te parfaitement l\u2019esprit de l\u2019exploration et de l\u2019\u00e9l\u00e9gance intemporelle du parfum.<\/p>\n<p data-start=\"2006\" data-end=\"2333\" data-is-last-node=\"\" data-is-only-node=\"\">En portant <strong data-start=\"2017\" data-end=\"2040\">MONT BLANC Explorer<\/strong>, chaque homme s\u2019impr\u00e8gne de l\u2019audace et de la libert\u00e9, tout en faisant une d\u00e9claration de style ind\u00e9niable. Ce parfum est un v\u00e9ritable incontournable pour celui qui souhaite se d\u00e9marquer avec classe et affirmer sa personnalit\u00e9 \u00e0 travers une fragrance \u00e0 la fois fra\u00eeche, bois\u00e9e et chaleureuse.<\/p>\n<p>Folllow us! <a href=\"https:\/\/www.instagram.com\/freeshopswiss\/\" target=\"_blank\" rel=\"noopener\">@freeshopswiss<\/a><\/p>\n<p>&nbsp;<\/p>\n<p>&nbsp;<\/p>\n","protected":false},"excerpt":{"rendered":"<p><em><strong>Eau de Parfum<\/strong><\/em><\/p>\n","protected":false},"featured_media":10798,"comment_status":"open","ping_status":"closed","template":"","meta":[],"pwb-brand":[283],"product_brand":[],"product_cat":[87,89],"product_tag":[252,1629,97],"class_list":{"0":"post-11431","1":"product","2":"type-product","3":"status-publish","4":"has-post-thumbnail","6":"pwb-brand-mont-blanc","7":"product_cat-parfums","8":"product_cat-pour-lui","9":"product_tag-eau-de-parfum-fr","10":"product_tag-mens-fragrances-fr","11":"product_tag-parfums","13":"first","14":"instock","15":"taxable","16":"shipping-taxable","17":"product-type-variable","18":"has-default-attributes"},"brands":[{"id":283,"name":"Mont Blanc","slug":"mont-blanc"}],"_links":{"self":[{"href":"https:\/\/www.freeshopfrontiera.ch\/fr\/wp-json\/wp\/v2\/product\/11431","targetHints":{"allow":["GET"]}}],"collection":[{"href":"https:\/\/www.freeshopfrontiera.ch\/fr\/wp-json\/wp\/v2\/product"}],"about":[{"href":"https:\/\/www.freeshopfrontiera.ch\/fr\/wp-json\/wp\/v2\/types\/product"}],"replies":[{"embeddable":true,"href":"https:\/\/www.freeshopfrontiera.ch\/fr\/wp-json\/wp\/v2\/comments?post=11431"}],"version-history":[{"count":3,"href":"https:\/\/www.freeshopfrontiera.ch\/fr\/wp-json\/wp\/v2\/product\/11431\/revisions"}],"predecessor-version":[{"id":18415,"href":"https:\/\/www.freeshopfrontiera.ch\/fr\/wp-json\/wp\/v2\/product\/11431\/revisions\/18415"}],"wp:featuredmedia":[{"embeddable":true,"href":"https:\/\/www.freeshopfrontiera.ch\/fr\/wp-json\/wp\/v2\/media\/10798"}],"wp:attachment":[{"href":"https:\/\/www.freeshopfrontiera.ch\/fr\/wp-json\/wp\/v2\/media?parent=11431"}],"wp:term":[{"taxonomy":"pwb-brand","embeddable":true,"href":"https:\/\/www.freeshopfrontiera.ch\/fr\/wp-json\/wp\/v2\/pwb-brand?post=11431"},{"taxonomy":"product_brand","embeddable":true,"href":"https:\/\/www.freeshopfrontiera.ch\/fr\/wp-json\/wp\/v2\/product_brand?post=11431"},{"taxonomy":"product_cat","embeddable":true,"href":"https:\/\/www.freeshopfrontiera.ch\/fr\/wp-json\/wp\/v2\/product_cat?post=11431"},{"taxonomy":"product_tag","embeddable":true,"href":"https:\/\/www.freeshopfrontiera.ch\/fr\/wp-json\/wp\/v2\/product_tag?post=11431"}],"curies":[{"name":"wp","href":"https:\/\/api.w.org\/{rel}","templated":true}]}}