{"id":11475,"date":"2025-02-10T10:23:05","date_gmt":"2025-02-10T10:23:05","guid":{"rendered":"https:\/\/freeshopswiss.alesca.org\/?post_type=product&#038;p=11475"},"modified":"2025-05-28T08:38:02","modified_gmt":"2025-05-28T08:38:02","slug":"rabanne-1-million-parfum","status":"publish","type":"product","link":"https:\/\/www.freeshopfrontiera.ch\/fr\/shop\/rabanne-1-million-parfum\/","title":{"rendered":"RABANNE 1 Million Eau de Parfum 100ml"},"content":{"rendered":"<p><strong>RABANNE 1 Million Parfum Eau de Parfum<\/strong> est une fragrance audacieuse et sophistiqu\u00e9e pour l&rsquo;homme qui aime se d\u00e9marquer.<\/p>\n<p>La composition commence par une ouverture fra\u00eeche et s\u00e9duisante gr\u00e2ce aux notes de pamplemousse et de mandarine, qui se m\u00ealent \u00e0 un c\u0153ur \u00e9pic\u00e9 de cannelle et de poivre, cr\u00e9ant un parfum enveloppant et intrigant. La base chaude et sensuelle est enrichie de vanille, de bois de c\u00e8dre et d&rsquo;ambre, qui apportent une longue persistance et un caract\u00e8re affirm\u00e9.<\/p>\n<p>Le flacon, symbole de luxe et de puissance, reprend la forme iconique du lingot d&rsquo;or, repr\u00e9sentant parfaitement l&rsquo;\u00e9l\u00e9gance et l&rsquo;\u00e9nergie de cette fragrance. Parfait pour toutes les occasions sp\u00e9ciales, RABANNE 1 Million Parfum est le parfum id\u00e9al pour l&rsquo;homme qui souhaite laisser une impression durable.<\/p>\n<p>Suivez toutes nos actualit\u00e9s ! <a href=\"https:\/\/www.instagram.com\/freeshopswiss\/\" target=\"_blank\" rel=\"noopener\">@freeshopswiss<\/a><\/p>\n","protected":false},"excerpt":{"rendered":"<p><em><strong>Eau de Parfum<\/strong><\/em><\/p>\n","protected":false},"featured_media":40574,"comment_status":"open","ping_status":"closed","template":"","meta":[],"pwb-brand":[378],"product_brand":[],"product_cat":[96,87,89],"product_tag":[252,1629,278,97],"class_list":{"0":"post-11475","1":"product","2":"type-product","3":"status-publish","4":"has-post-thumbnail","6":"pwb-brand-rabanne","7":"product_cat-evidence","8":"product_cat-parfums","9":"product_cat-pour-lui","10":"product_tag-eau-de-parfum-fr","11":"product_tag-mens-fragrances-fr","12":"product_tag-offre","13":"product_tag-parfums","15":"first","16":"instock","17":"sale","18":"taxable","19":"shipping-taxable","20":"purchasable","21":"product-type-simple"},"brands":[{"id":378,"name":"Rabanne","slug":"rabanne"}],"_links":{"self":[{"href":"https:\/\/www.freeshopfrontiera.ch\/fr\/wp-json\/wp\/v2\/product\/11475","targetHints":{"allow":["GET"]}}],"collection":[{"href":"https:\/\/www.freeshopfrontiera.ch\/fr\/wp-json\/wp\/v2\/product"}],"about":[{"href":"https:\/\/www.freeshopfrontiera.ch\/fr\/wp-json\/wp\/v2\/types\/product"}],"replies":[{"embeddable":true,"href":"https:\/\/www.freeshopfrontiera.ch\/fr\/wp-json\/wp\/v2\/comments?post=11475"}],"version-history":[{"count":5,"href":"https:\/\/www.freeshopfrontiera.ch\/fr\/wp-json\/wp\/v2\/product\/11475\/revisions"}],"predecessor-version":[{"id":31410,"href":"https:\/\/www.freeshopfrontiera.ch\/fr\/wp-json\/wp\/v2\/product\/11475\/revisions\/31410"}],"wp:featuredmedia":[{"embeddable":true,"href":"https:\/\/www.freeshopfrontiera.ch\/fr\/wp-json\/wp\/v2\/media\/40574"}],"wp:attachment":[{"href":"https:\/\/www.freeshopfrontiera.ch\/fr\/wp-json\/wp\/v2\/media?parent=11475"}],"wp:term":[{"taxonomy":"pwb-brand","embeddable":true,"href":"https:\/\/www.freeshopfrontiera.ch\/fr\/wp-json\/wp\/v2\/pwb-brand?post=11475"},{"taxonomy":"product_brand","embeddable":true,"href":"https:\/\/www.freeshopfrontiera.ch\/fr\/wp-json\/wp\/v2\/product_brand?post=11475"},{"taxonomy":"product_cat","embeddable":true,"href":"https:\/\/www.freeshopfrontiera.ch\/fr\/wp-json\/wp\/v2\/product_cat?post=11475"},{"taxonomy":"product_tag","embeddable":true,"href":"https:\/\/www.freeshopfrontiera.ch\/fr\/wp-json\/wp\/v2\/product_tag?post=11475"}],"curies":[{"name":"wp","href":"https:\/\/api.w.org\/{rel}","templated":true}]}}