{"id":11675,"date":"2025-02-10T13:52:44","date_gmt":"2025-02-10T13:52:44","guid":{"rendered":"https:\/\/freeshopswiss.alesca.org\/shop\/giorgio-armani-my-way-eau-de-parfum\/"},"modified":"2025-03-13T09:56:00","modified_gmt":"2025-03-13T09:56:00","slug":"giorgio-armani-my-way-eau-de-parfum","status":"publish","type":"product","link":"https:\/\/www.freeshopfrontiera.ch\/fr\/shop\/giorgio-armani-my-way-eau-de-parfum\/","title":{"rendered":"GIORGIO ARMANI My Way"},"content":{"rendered":"<p><strong>Giorgio Armani My Way Eau de Parfum<\/strong> est une fragrance qui incarne la modernit\u00e9 et l\u2019authenticit\u00e9 de la femme contemporaine.<\/p>\n<p>Cr\u00e9\u00e9e pour c\u00e9l\u00e9brer la d\u00e9couverte de soi et l&rsquo;exploration du monde, My Way se d\u00e9ploie en un voyage olfactif qui refl\u00e8te l&rsquo;individualit\u00e9 de celle qui le porte. La composition s&rsquo;ouvre sur une fra\u00eecheur agrum\u00e9e intense, avec la bergamote de Calabre, qui apporte une luminosit\u00e9 p\u00e9tillante et vivante au parfum. Le c\u0153ur du parfum d\u00e9voile un bouquet floral sophistiqu\u00e9 et envo\u00fbtant, o\u00f9 la tub\u00e9reuse et le jasmin se m\u00ealent harmonieusement, cr\u00e9ant un caract\u00e8re sensuel et f\u00e9minin.<\/p>\n<p>La base est enrichie de notes chaudes et enveloppantes de bois de c\u00e8dre et de vanille, qui apportent de la profondeur et laissent une impression durable qui persiste d\u00e9licatement sur la peau. Le flacon de My Way est un symbole d&rsquo;\u00e9l\u00e9gance et de raffinement, avec un design moderne qui refl\u00e8te l&rsquo;id\u00e9e de connexion et d&rsquo;ouverture au monde. Le bouchon dor\u00e9, symbole de la rencontre entre l&rsquo;int\u00e9rieur et l&rsquo;ext\u00e9rieur, \u00e9voque le d\u00e9sir de d\u00e9couvrir, de voyager et de vivre pleinement sa vie. My Way est le parfum id\u00e9al pour la femme qui recherche une fragrance repr\u00e9sentant son authenticit\u00e9, son esprit libre et son d\u00e9sir d&rsquo;explorer de nouveaux horizons.<\/p>\n<p>&nbsp;<\/p>\n<p>Segui tutte le nostre novit\u00e0! <a href=\"https:\/\/www.instagram.com\/freeshopswiss\/\" target=\"_blank\" rel=\"noopener\">@freeshopswiss<\/a><\/p>\n","protected":false},"excerpt":{"rendered":"<p><em><strong>Eau de Parfum<\/strong><\/em><\/p>\n","protected":false},"featured_media":27078,"comment_status":"open","ping_status":"closed","template":"","meta":[],"pwb-brand":[263],"product_brand":[],"product_cat":[96,87,109],"product_tag":[296,5050,789,97,5074,4367],"class_list":{"0":"post-11675","1":"product","2":"type-product","3":"status-publish","4":"has-post-thumbnail","6":"pwb-brand-giorgio-armani","7":"product_cat-evidence","8":"product_cat-parfums","9":"product_cat-pour-elle","10":"product_tag-femme","11":"product_tag-fete-des-meres","12":"product_tag-womens-fragrances-fr","13":"product_tag-parfums","14":"product_tag-parfums-pour-la-fete-des-meres","15":"product_tag-special-printemps","17":"first","18":"instock","19":"sale","20":"taxable","21":"shipping-taxable","22":"purchasable","23":"product-type-variable","24":"has-default-attributes"},"brands":[{"id":263,"name":"Giorgio Armani","slug":"giorgio-armani"}],"_links":{"self":[{"href":"https:\/\/www.freeshopfrontiera.ch\/fr\/wp-json\/wp\/v2\/product\/11675","targetHints":{"allow":["GET"]}}],"collection":[{"href":"https:\/\/www.freeshopfrontiera.ch\/fr\/wp-json\/wp\/v2\/product"}],"about":[{"href":"https:\/\/www.freeshopfrontiera.ch\/fr\/wp-json\/wp\/v2\/types\/product"}],"replies":[{"embeddable":true,"href":"https:\/\/www.freeshopfrontiera.ch\/fr\/wp-json\/wp\/v2\/comments?post=11675"}],"version-history":[{"count":3,"href":"https:\/\/www.freeshopfrontiera.ch\/fr\/wp-json\/wp\/v2\/product\/11675\/revisions"}],"predecessor-version":[{"id":18627,"href":"https:\/\/www.freeshopfrontiera.ch\/fr\/wp-json\/wp\/v2\/product\/11675\/revisions\/18627"}],"wp:featuredmedia":[{"embeddable":true,"href":"https:\/\/www.freeshopfrontiera.ch\/fr\/wp-json\/wp\/v2\/media\/27078"}],"wp:attachment":[{"href":"https:\/\/www.freeshopfrontiera.ch\/fr\/wp-json\/wp\/v2\/media?parent=11675"}],"wp:term":[{"taxonomy":"pwb-brand","embeddable":true,"href":"https:\/\/www.freeshopfrontiera.ch\/fr\/wp-json\/wp\/v2\/pwb-brand?post=11675"},{"taxonomy":"product_brand","embeddable":true,"href":"https:\/\/www.freeshopfrontiera.ch\/fr\/wp-json\/wp\/v2\/product_brand?post=11675"},{"taxonomy":"product_cat","embeddable":true,"href":"https:\/\/www.freeshopfrontiera.ch\/fr\/wp-json\/wp\/v2\/product_cat?post=11675"},{"taxonomy":"product_tag","embeddable":true,"href":"https:\/\/www.freeshopfrontiera.ch\/fr\/wp-json\/wp\/v2\/product_tag?post=11675"}],"curies":[{"name":"wp","href":"https:\/\/api.w.org\/{rel}","templated":true}]}}