{"id":11707,"date":"2025-02-10T14:34:47","date_gmt":"2025-02-10T14:34:47","guid":{"rendered":"https:\/\/freeshopswiss.alesca.org\/?post_type=product&#038;p=11707"},"modified":"2025-03-13T09:55:43","modified_gmt":"2025-03-13T09:55:43","slug":"boucheron-pour-homme","status":"publish","type":"product","link":"https:\/\/www.freeshopfrontiera.ch\/fr\/shop\/boucheron-pour-homme\/","title":{"rendered":"BOUCHERON Pour Homme 100ml"},"content":{"rendered":"<p><strong>Boucheron Pour Homme Eau de Toilette<\/strong> est une fragrance \u00e9l\u00e9gante et raffin\u00e9e, cr\u00e9\u00e9e pour l&rsquo;homme moderne et sophistiqu\u00e9.<\/p>\n<p>Cette eau de toilette associe des notes fra\u00eeches et bois\u00e9es, donnant naissance \u00e0 un parfum riche en caract\u00e8re et parfaitement \u00e9quilibr\u00e9. Les notes de t\u00eate r\u00e9v\u00e8lent un m\u00e9lange frais d&rsquo;agrumes, avec une ouverture vive de citron, de bergamote et de lavande qui cr\u00e9e une sensation imm\u00e9diate de fra\u00eecheur. Le c\u0153ur du parfum est enrichi de touches aromatiques et \u00e9pic\u00e9es gr\u00e2ce \u00e0 la combinaison de cardamome, de poivre et de basilic, qui apportent profondeur et complexit\u00e9 \u00e0 la fragrance. Enfin, la base devient plus chaude et enveloppante avec des notes bois\u00e9es de c\u00e8dre, de v\u00e9tiver et de bois de santal, conf\u00e9rant au parfum une persistance durable et une tra\u00een\u00e9e s\u00e9duisante.<\/p>\n<p>Le flacon de Boucheron Pour Homme, \u00e9l\u00e9gant et distinctif, refl\u00e8te l&rsquo;artisanat joaillier de Boucheron, avec des lignes sobres et raffin\u00e9es qui rappellent l&rsquo;\u00e9l\u00e9gance intemporelle de la marque. Un parfum id\u00e9al pour l&rsquo;homme qui souhaite exprimer son \u00e9l\u00e9gance avec discr\u00e9tion et raffinement, parfait pour toutes les occasions.<\/p>\n<p>Suivez toutes nos actualit\u00e9s ! <a href=\"https:\/\/www.instagram.com\/freeshopswiss\/\" target=\"_blank\" rel=\"noopener\">@freeshopswiss<\/a><\/p>\n","protected":false},"excerpt":{"rendered":"<p><em><strong>Eau de Parfum<\/strong><\/em><\/p>\n","protected":false},"featured_media":11696,"comment_status":"open","ping_status":"closed","template":"","meta":[],"pwb-brand":[386],"product_brand":[],"product_cat":[87,89],"product_tag":[141,1629,143,278,97],"class_list":{"0":"post-11707","1":"product","2":"type-product","3":"status-publish","4":"has-post-thumbnail","6":"pwb-brand-boucheron","7":"product_cat-parfums","8":"product_cat-pour-lui","9":"product_tag-eau-de-toilette-fr","10":"product_tag-mens-fragrances-fr","11":"product_tag-homme","12":"product_tag-offre","13":"product_tag-parfums","15":"first","16":"instock","17":"sale","18":"taxable","19":"shipping-taxable","20":"purchasable","21":"product-type-simple"},"brands":[{"id":386,"name":"Boucheron","slug":"boucheron"}],"_links":{"self":[{"href":"https:\/\/www.freeshopfrontiera.ch\/fr\/wp-json\/wp\/v2\/product\/11707","targetHints":{"allow":["GET"]}}],"collection":[{"href":"https:\/\/www.freeshopfrontiera.ch\/fr\/wp-json\/wp\/v2\/product"}],"about":[{"href":"https:\/\/www.freeshopfrontiera.ch\/fr\/wp-json\/wp\/v2\/types\/product"}],"replies":[{"embeddable":true,"href":"https:\/\/www.freeshopfrontiera.ch\/fr\/wp-json\/wp\/v2\/comments?post=11707"}],"version-history":[{"count":5,"href":"https:\/\/www.freeshopfrontiera.ch\/fr\/wp-json\/wp\/v2\/product\/11707\/revisions"}],"predecessor-version":[{"id":18625,"href":"https:\/\/www.freeshopfrontiera.ch\/fr\/wp-json\/wp\/v2\/product\/11707\/revisions\/18625"}],"wp:featuredmedia":[{"embeddable":true,"href":"https:\/\/www.freeshopfrontiera.ch\/fr\/wp-json\/wp\/v2\/media\/11696"}],"wp:attachment":[{"href":"https:\/\/www.freeshopfrontiera.ch\/fr\/wp-json\/wp\/v2\/media?parent=11707"}],"wp:term":[{"taxonomy":"pwb-brand","embeddable":true,"href":"https:\/\/www.freeshopfrontiera.ch\/fr\/wp-json\/wp\/v2\/pwb-brand?post=11707"},{"taxonomy":"product_brand","embeddable":true,"href":"https:\/\/www.freeshopfrontiera.ch\/fr\/wp-json\/wp\/v2\/product_brand?post=11707"},{"taxonomy":"product_cat","embeddable":true,"href":"https:\/\/www.freeshopfrontiera.ch\/fr\/wp-json\/wp\/v2\/product_cat?post=11707"},{"taxonomy":"product_tag","embeddable":true,"href":"https:\/\/www.freeshopfrontiera.ch\/fr\/wp-json\/wp\/v2\/product_tag?post=11707"}],"curies":[{"name":"wp","href":"https:\/\/api.w.org\/{rel}","templated":true}]}}