{"id":11741,"date":"2025-02-10T15:12:12","date_gmt":"2025-02-10T15:12:12","guid":{"rendered":"https:\/\/freeshopswiss.alesca.org\/shop\/giorgio-armani-si\/"},"modified":"2025-03-13T09:55:24","modified_gmt":"2025-03-13T09:55:24","slug":"giorgio-armani-si","status":"publish","type":"product","link":"https:\/\/www.freeshopfrontiera.ch\/fr\/shop\/giorgio-armani-si\/","title":{"rendered":"GIORGIO ARMANI Si\u00b4"},"content":{"rendered":"<p><strong>Giorgio Armani Si Eau de Parfum<\/strong> est une fragrance \u00e9l\u00e9gante et sophistiqu\u00e9e, cr\u00e9\u00e9e pour la femme moderne et ind\u00e9pendante qui aime vivre pleinement sa libert\u00e9. Ce parfum est un hommage \u00e0 la f\u00e9minit\u00e9, caract\u00e9ris\u00e9 par une parfaite harmonie entre douceur, fra\u00eecheur et intensit\u00e9. Les notes de t\u00eate de cassis et de freesia se m\u00e9langent pour offrir une sensation initiale de fra\u00eecheur et de vivacit\u00e9. Le c\u0153ur du parfum est enrichi d&rsquo;un bouquet floral de rose et de muguet, exprimant une sensualit\u00e9 d\u00e9licate et raffin\u00e9e.<\/p>\n<p>La base de la fragrance est chaude et enveloppante, avec des notes de vanille, de patchouli et de bois d\u2019ambroxan, donnant au parfum une persistance intense et sophistiqu\u00e9e. Le flacon de Si est un symbole d&rsquo;\u00e9l\u00e9gance et de modernit\u00e9, avec son design simple mais distinctif, refl\u00e9tant l&rsquo;esprit de la femme Giorgio Armani.<\/p>\n<p>Si est le parfum id\u00e9al pour toutes les occasions, c\u00e9l\u00e9brant la f\u00e9minit\u00e9 avec gr\u00e2ce et raffinement, alliant fra\u00eecheur et sensualit\u00e9 dans une exp\u00e9rience olfactive unique.<\/p>\n<p>Follow us! <a href=\"https:\/\/www.instagram.com\/freeshopswiss\/\" target=\"_blank\" rel=\"noopener\">@freeshopswiss<\/a><\/p>\n","protected":false},"excerpt":{"rendered":"<p><em><strong>Eau de Parfum<\/strong><\/em><\/p>\n","protected":false},"featured_media":11733,"comment_status":"open","ping_status":"closed","template":"","meta":[],"pwb-brand":[263],"product_brand":[],"product_cat":[87,109],"product_tag":[252,296,5050,789,97,5074],"class_list":{"0":"post-11741","1":"product","2":"type-product","3":"status-publish","4":"has-post-thumbnail","6":"pwb-brand-giorgio-armani","7":"product_cat-parfums","8":"product_cat-pour-elle","9":"product_tag-eau-de-parfum-fr","10":"product_tag-femme","11":"product_tag-fete-des-meres","12":"product_tag-womens-fragrances-fr","13":"product_tag-parfums","14":"product_tag-parfums-pour-la-fete-des-meres","16":"first","17":"instock","18":"sale","19":"taxable","20":"shipping-taxable","21":"purchasable","22":"product-type-variable","23":"has-default-attributes"},"brands":[{"id":263,"name":"Giorgio Armani","slug":"giorgio-armani"}],"_links":{"self":[{"href":"https:\/\/www.freeshopfrontiera.ch\/fr\/wp-json\/wp\/v2\/product\/11741","targetHints":{"allow":["GET"]}}],"collection":[{"href":"https:\/\/www.freeshopfrontiera.ch\/fr\/wp-json\/wp\/v2\/product"}],"about":[{"href":"https:\/\/www.freeshopfrontiera.ch\/fr\/wp-json\/wp\/v2\/types\/product"}],"replies":[{"embeddable":true,"href":"https:\/\/www.freeshopfrontiera.ch\/fr\/wp-json\/wp\/v2\/comments?post=11741"}],"version-history":[{"count":2,"href":"https:\/\/www.freeshopfrontiera.ch\/fr\/wp-json\/wp\/v2\/product\/11741\/revisions"}],"predecessor-version":[{"id":18623,"href":"https:\/\/www.freeshopfrontiera.ch\/fr\/wp-json\/wp\/v2\/product\/11741\/revisions\/18623"}],"wp:featuredmedia":[{"embeddable":true,"href":"https:\/\/www.freeshopfrontiera.ch\/fr\/wp-json\/wp\/v2\/media\/11733"}],"wp:attachment":[{"href":"https:\/\/www.freeshopfrontiera.ch\/fr\/wp-json\/wp\/v2\/media?parent=11741"}],"wp:term":[{"taxonomy":"pwb-brand","embeddable":true,"href":"https:\/\/www.freeshopfrontiera.ch\/fr\/wp-json\/wp\/v2\/pwb-brand?post=11741"},{"taxonomy":"product_brand","embeddable":true,"href":"https:\/\/www.freeshopfrontiera.ch\/fr\/wp-json\/wp\/v2\/product_brand?post=11741"},{"taxonomy":"product_cat","embeddable":true,"href":"https:\/\/www.freeshopfrontiera.ch\/fr\/wp-json\/wp\/v2\/product_cat?post=11741"},{"taxonomy":"product_tag","embeddable":true,"href":"https:\/\/www.freeshopfrontiera.ch\/fr\/wp-json\/wp\/v2\/product_tag?post=11741"}],"curies":[{"name":"wp","href":"https:\/\/api.w.org\/{rel}","templated":true}]}}