{"id":11782,"date":"2025-02-10T15:48:42","date_gmt":"2025-02-10T15:48:42","guid":{"rendered":"https:\/\/freeshopswiss.alesca.org\/shop\/lancome-idole-eau-de-parfum\/"},"modified":"2025-03-13T09:55:08","modified_gmt":"2025-03-13T09:55:08","slug":"lancome-idole-eau-de-parfum","status":"publish","type":"product","link":"https:\/\/www.freeshopfrontiera.ch\/fr\/shop\/lancome-idole-eau-de-parfum\/","title":{"rendered":"LANCOME Idole"},"content":{"rendered":"<p><strong>Lanc\u00f4me Idole Eau de Parfum<\/strong> est une fragrance fra\u00eeche, lumineuse et sophistiqu\u00e9e, con\u00e7ue pour la femme moderne, forte et s\u00fbre d&rsquo;elle. Cr\u00e9\u00e9e pour c\u00e9l\u00e9brer l&rsquo;autod\u00e9termination et l&rsquo;\u00e9mancipation f\u00e9minine, Idole incarne l&rsquo;id\u00e9e d&rsquo;une beaut\u00e9 sans fronti\u00e8res, rendant hommage \u00e0 la fois \u00e0 la f\u00e9minit\u00e9 et \u00e0 la force int\u00e9rieure. Le parfum s&rsquo;ouvre sur des notes de t\u00eate fruit\u00e9es de poire et de bergamote, offrant une sensation de puret\u00e9 et de l\u00e9g\u00e8ret\u00e9.<\/p>\n<p>Le c\u0153ur du parfum pr\u00e9sente un bouquet floral d\u00e9licat, domin\u00e9 par la rose, un symbole d&rsquo;\u00e9l\u00e9gance et de raffinement, qui se m\u00eale au jasmin et \u00e0 l&rsquo;osmanthe, cr\u00e9ant un parfum \u00e0 la fois doux et intense. La base du parfum est douce et enveloppante, avec des notes de musc blanc et de vanille, qui conf\u00e8rent au parfum une longue persistance sur la peau, laissant une trace sensuelle et raffin\u00e9e.<\/p>\n<p>Le flacon, fin et minimaliste, refl\u00e8te la puret\u00e9 et l&rsquo;\u00e9l\u00e9gance d&rsquo;Idole, devenant une ic\u00f4ne de modernit\u00e9 dans le monde des parfums. Idole est la fragrance parfaite pour toute femme qui souhaite exprimer son unicit\u00e9, sa force et sa f\u00e9minit\u00e9 de mani\u00e8re douce mais d\u00e9termin\u00e9e.<\/p>\n<p>&nbsp;<\/p>\n<p>Follow us! <a href=\"https:\/\/www.instagram.com\/freeshopswiss\/\" target=\"_blank\" rel=\"noopener\">@freeshopswiss<\/a><\/p>\n","protected":false},"excerpt":{"rendered":"<p><em><strong>Eau de Parfum<\/strong><\/em><\/p>\n","protected":false},"featured_media":11754,"comment_status":"open","ping_status":"closed","template":"","meta":[],"pwb-brand":[262],"product_brand":[],"product_cat":[87,109],"product_tag":[252,296,789,97],"class_list":{"0":"post-11782","1":"product","2":"type-product","3":"status-publish","4":"has-post-thumbnail","6":"pwb-brand-lancome","7":"product_cat-parfums","8":"product_cat-pour-elle","9":"product_tag-eau-de-parfum-fr","10":"product_tag-femme","11":"product_tag-womens-fragrances-fr","12":"product_tag-parfums","14":"first","15":"instock","16":"sale","17":"taxable","18":"shipping-taxable","19":"purchasable","20":"product-type-variable","21":"has-default-attributes"},"brands":[{"id":262,"name":"Lanc\u00f4me","slug":"lancome"}],"_links":{"self":[{"href":"https:\/\/www.freeshopfrontiera.ch\/fr\/wp-json\/wp\/v2\/product\/11782","targetHints":{"allow":["GET"]}}],"collection":[{"href":"https:\/\/www.freeshopfrontiera.ch\/fr\/wp-json\/wp\/v2\/product"}],"about":[{"href":"https:\/\/www.freeshopfrontiera.ch\/fr\/wp-json\/wp\/v2\/types\/product"}],"replies":[{"embeddable":true,"href":"https:\/\/www.freeshopfrontiera.ch\/fr\/wp-json\/wp\/v2\/comments?post=11782"}],"version-history":[{"count":3,"href":"https:\/\/www.freeshopfrontiera.ch\/fr\/wp-json\/wp\/v2\/product\/11782\/revisions"}],"predecessor-version":[{"id":18621,"href":"https:\/\/www.freeshopfrontiera.ch\/fr\/wp-json\/wp\/v2\/product\/11782\/revisions\/18621"}],"wp:featuredmedia":[{"embeddable":true,"href":"https:\/\/www.freeshopfrontiera.ch\/fr\/wp-json\/wp\/v2\/media\/11754"}],"wp:attachment":[{"href":"https:\/\/www.freeshopfrontiera.ch\/fr\/wp-json\/wp\/v2\/media?parent=11782"}],"wp:term":[{"taxonomy":"pwb-brand","embeddable":true,"href":"https:\/\/www.freeshopfrontiera.ch\/fr\/wp-json\/wp\/v2\/pwb-brand?post=11782"},{"taxonomy":"product_brand","embeddable":true,"href":"https:\/\/www.freeshopfrontiera.ch\/fr\/wp-json\/wp\/v2\/product_brand?post=11782"},{"taxonomy":"product_cat","embeddable":true,"href":"https:\/\/www.freeshopfrontiera.ch\/fr\/wp-json\/wp\/v2\/product_cat?post=11782"},{"taxonomy":"product_tag","embeddable":true,"href":"https:\/\/www.freeshopfrontiera.ch\/fr\/wp-json\/wp\/v2\/product_tag?post=11782"}],"curies":[{"name":"wp","href":"https:\/\/api.w.org\/{rel}","templated":true}]}}