{"id":11817,"date":"2025-02-10T16:32:15","date_gmt":"2025-02-10T16:32:15","guid":{"rendered":"https:\/\/freeshopswiss.alesca.org\/?post_type=product&#038;p=11817"},"modified":"2025-03-13T09:54:32","modified_gmt":"2025-03-13T09:54:32","slug":"burberry-brit-for-him-eau-de-toilette-vapo-100ml","status":"publish","type":"product","link":"https:\/\/www.freeshopfrontiera.ch\/fr\/shop\/burberry-brit-for-him-eau-de-toilette-vapo-100ml\/","title":{"rendered":"BURBERRY Brit For Him 100ml"},"content":{"rendered":"<p><strong>Burberry Brit For Him Eau de Toilette<\/strong> est une fragrance raffin\u00e9e et moderne, con\u00e7ue pour l&rsquo;homme qui appr\u00e9cie l&rsquo;\u00e9l\u00e9gance intemporelle et le style. Lanc\u00e9e en 2004, cette fragrance se caract\u00e9rise par un \u00e9quilibre parfait entre fra\u00eecheur et intensit\u00e9, offrant une exp\u00e9rience olfactive unique.<\/p>\n<p>Les notes de t\u00eate d&rsquo;amande, de lime et de bergamote se fondent pour cr\u00e9er une ouverture fra\u00eeche et fruit\u00e9e, qui \u00e9volue au c\u0153ur avec des \u00e9pices comme la muscade et le c\u00e8dre, conf\u00e9rant au parfum un caract\u00e8re distinctif et sophistiqu\u00e9. La base de la fragrance est chaude et bois\u00e9e, avec des notes de musc, de vanille et de f\u00e8ve tonka, qui donnent au parfum une persistance intense et enveloppante.<\/p>\n<p>Le flacon de Burberry Brit For Him, \u00e9l\u00e9gant et minimaliste, refl\u00e8te le style sobre et luxueux de la marque Burberry, avec son design rappelant le tartan classique, symbole de la tradition britannique. Ce parfum est parfait pour l&rsquo;homme moderne \u00e0 la recherche d&rsquo;une fragrance polyvalente, id\u00e9ale \u00e0 la fois pour le quotidien et les occasions sp\u00e9ciales, laissant toujours une trace d&rsquo;\u00e9l\u00e9gance et de raffinement.<\/p>\n<p>Suivez toutes nos actualit\u00e9s ! <a href=\"https:\/\/www.instagram.com\/freeshopswiss\/\" target=\"_blank\" rel=\"noopener\">@freeshopswiss<\/a><\/p>\n","protected":false},"excerpt":{"rendered":"<p><em><strong>Eau de Toilette<\/strong><\/em><\/p>\n","protected":false},"featured_media":11824,"comment_status":"open","ping_status":"closed","template":"","meta":[],"pwb-brand":[261],"product_brand":[],"product_cat":[87,89],"product_tag":[252,1629,278,97],"class_list":{"0":"post-11817","1":"product","2":"type-product","3":"status-publish","4":"has-post-thumbnail","6":"pwb-brand-burberry","7":"product_cat-parfums","8":"product_cat-pour-lui","9":"product_tag-eau-de-parfum-fr","10":"product_tag-mens-fragrances-fr","11":"product_tag-offre","12":"product_tag-parfums","14":"first","15":"instock","16":"sale","17":"taxable","18":"shipping-taxable","19":"purchasable","20":"product-type-simple"},"brands":[{"id":261,"name":"Burberry","slug":"burberry"}],"_links":{"self":[{"href":"https:\/\/www.freeshopfrontiera.ch\/fr\/wp-json\/wp\/v2\/product\/11817","targetHints":{"allow":["GET"]}}],"collection":[{"href":"https:\/\/www.freeshopfrontiera.ch\/fr\/wp-json\/wp\/v2\/product"}],"about":[{"href":"https:\/\/www.freeshopfrontiera.ch\/fr\/wp-json\/wp\/v2\/types\/product"}],"replies":[{"embeddable":true,"href":"https:\/\/www.freeshopfrontiera.ch\/fr\/wp-json\/wp\/v2\/comments?post=11817"}],"version-history":[{"count":5,"href":"https:\/\/www.freeshopfrontiera.ch\/fr\/wp-json\/wp\/v2\/product\/11817\/revisions"}],"predecessor-version":[{"id":18617,"href":"https:\/\/www.freeshopfrontiera.ch\/fr\/wp-json\/wp\/v2\/product\/11817\/revisions\/18617"}],"wp:featuredmedia":[{"embeddable":true,"href":"https:\/\/www.freeshopfrontiera.ch\/fr\/wp-json\/wp\/v2\/media\/11824"}],"wp:attachment":[{"href":"https:\/\/www.freeshopfrontiera.ch\/fr\/wp-json\/wp\/v2\/media?parent=11817"}],"wp:term":[{"taxonomy":"pwb-brand","embeddable":true,"href":"https:\/\/www.freeshopfrontiera.ch\/fr\/wp-json\/wp\/v2\/pwb-brand?post=11817"},{"taxonomy":"product_brand","embeddable":true,"href":"https:\/\/www.freeshopfrontiera.ch\/fr\/wp-json\/wp\/v2\/product_brand?post=11817"},{"taxonomy":"product_cat","embeddable":true,"href":"https:\/\/www.freeshopfrontiera.ch\/fr\/wp-json\/wp\/v2\/product_cat?post=11817"},{"taxonomy":"product_tag","embeddable":true,"href":"https:\/\/www.freeshopfrontiera.ch\/fr\/wp-json\/wp\/v2\/product_tag?post=11817"}],"curies":[{"name":"wp","href":"https:\/\/api.w.org\/{rel}","templated":true}]}}