{"id":11944,"date":"2025-02-11T09:46:29","date_gmt":"2025-02-11T09:46:29","guid":{"rendered":"https:\/\/freeshopswiss.alesca.org\/?post_type=product&#038;p=11944"},"modified":"2025-03-13T09:51:10","modified_gmt":"2025-03-13T09:51:10","slug":"dolcegabbana-pour-femme-eau-de-parfum-100ml","status":"publish","type":"product","link":"https:\/\/www.freeshopfrontiera.ch\/fr\/shop\/dolcegabbana-pour-femme-eau-de-parfum-100ml\/","title":{"rendered":"DOLCE&#038;GABBANA Pour Femme 100ml"},"content":{"rendered":"<p data-start=\"3099\" data-end=\"4121\"><strong data-start=\"3061\" data-end=\"3103\">Dolce&amp;Gabbana Pour Femme Eau de Parfum<\/strong> est un parfum qui c\u00e9l\u00e8bre la f\u00e9minit\u00e9 de mani\u00e8re sensuelle et raffin\u00e9e.<\/p>\n<p data-start=\"3099\" data-end=\"4121\">Avec une composition \u00e9l\u00e9gante et sophistiqu\u00e9e, le parfum s&rsquo;ouvre sur des notes fra\u00eeches et fruit\u00e9es de mandarine et de n\u00e9roli, offrant un d\u00e9but lumineux et vibrant. Le c\u0153ur est riche et enveloppant, domin\u00e9 par la douceur du jasmin et la cr\u00e9meuse vanille, conf\u00e9rant au parfum une sensualit\u00e9 d\u00e9licate et intense \u00e0 la fois. La base est compos\u00e9e de notes chaudes et enveloppantes de musc et de bois de santal, ajoutant une profondeur sensuelle et durable.<\/p>\n<p data-start=\"3099\" data-end=\"4121\"><strong data-start=\"3628\" data-end=\"3656\">Dolce&amp;Gabbana Pour Femme<\/strong> est le parfum id\u00e9al pour une femme sophistiqu\u00e9e et s\u00fbre d&rsquo;elle, parfait pour les occasions sp\u00e9ciales ou pour tout moment o\u00f9 l&rsquo;on souhaite faire une d\u00e9claration de classe. Le flacon \u00e9l\u00e9gant, simple mais plein de caract\u00e8re, refl\u00e8te la f\u00e9minit\u00e9 intemporelle \u00e9voqu\u00e9e par ce parfum. Un parfum qui ne passe jamais inaper\u00e7u, capable de laisser une trace inoubliable.<\/p>\n<p>Suivez toutes nos actualit\u00e9s ! <a href=\"https:\/\/www.instagram.com\/freeshopswiss\/\" target=\"_blank\" rel=\"noopener\">@freeshopswiss<\/a><\/p>\n","protected":false},"excerpt":{"rendered":"<p><em><strong>Eau de Parfum<\/strong><\/em><\/p>\n","protected":false},"featured_media":11947,"comment_status":"open","ping_status":"closed","template":"","meta":[],"pwb-brand":[272],"product_brand":[],"product_cat":[87,109],"product_tag":[252,296,5050,789,278,97,5074],"class_list":{"0":"post-11944","1":"product","2":"type-product","3":"status-publish","4":"has-post-thumbnail","6":"pwb-brand-dolcegabbana","7":"product_cat-parfums","8":"product_cat-pour-elle","9":"product_tag-eau-de-parfum-fr","10":"product_tag-femme","11":"product_tag-fete-des-meres","12":"product_tag-womens-fragrances-fr","13":"product_tag-offre","14":"product_tag-parfums","15":"product_tag-parfums-pour-la-fete-des-meres","17":"first","18":"instock","19":"sale","20":"taxable","21":"shipping-taxable","22":"purchasable","23":"product-type-simple"},"brands":[{"id":272,"name":"Dolce&amp;Gabbana","slug":"dolcegabbana"}],"_links":{"self":[{"href":"https:\/\/www.freeshopfrontiera.ch\/fr\/wp-json\/wp\/v2\/product\/11944","targetHints":{"allow":["GET"]}}],"collection":[{"href":"https:\/\/www.freeshopfrontiera.ch\/fr\/wp-json\/wp\/v2\/product"}],"about":[{"href":"https:\/\/www.freeshopfrontiera.ch\/fr\/wp-json\/wp\/v2\/types\/product"}],"replies":[{"embeddable":true,"href":"https:\/\/www.freeshopfrontiera.ch\/fr\/wp-json\/wp\/v2\/comments?post=11944"}],"version-history":[{"count":4,"href":"https:\/\/www.freeshopfrontiera.ch\/fr\/wp-json\/wp\/v2\/product\/11944\/revisions"}],"predecessor-version":[{"id":18611,"href":"https:\/\/www.freeshopfrontiera.ch\/fr\/wp-json\/wp\/v2\/product\/11944\/revisions\/18611"}],"wp:featuredmedia":[{"embeddable":true,"href":"https:\/\/www.freeshopfrontiera.ch\/fr\/wp-json\/wp\/v2\/media\/11947"}],"wp:attachment":[{"href":"https:\/\/www.freeshopfrontiera.ch\/fr\/wp-json\/wp\/v2\/media?parent=11944"}],"wp:term":[{"taxonomy":"pwb-brand","embeddable":true,"href":"https:\/\/www.freeshopfrontiera.ch\/fr\/wp-json\/wp\/v2\/pwb-brand?post=11944"},{"taxonomy":"product_brand","embeddable":true,"href":"https:\/\/www.freeshopfrontiera.ch\/fr\/wp-json\/wp\/v2\/product_brand?post=11944"},{"taxonomy":"product_cat","embeddable":true,"href":"https:\/\/www.freeshopfrontiera.ch\/fr\/wp-json\/wp\/v2\/product_cat?post=11944"},{"taxonomy":"product_tag","embeddable":true,"href":"https:\/\/www.freeshopfrontiera.ch\/fr\/wp-json\/wp\/v2\/product_tag?post=11944"}],"curies":[{"name":"wp","href":"https:\/\/api.w.org\/{rel}","templated":true}]}}