{"id":11984,"date":"2025-02-11T10:38:08","date_gmt":"2025-02-11T10:38:08","guid":{"rendered":"https:\/\/freeshopswiss.alesca.org\/?post_type=product&#038;p=11984"},"modified":"2025-03-13T09:50:22","modified_gmt":"2025-03-13T09:50:22","slug":"iceberg-eau-de-iceberg-amber-for-him","status":"publish","type":"product","link":"https:\/\/www.freeshopfrontiera.ch\/fr\/shop\/iceberg-eau-de-iceberg-amber-for-him\/","title":{"rendered":"ICEBERG Eau de Iceberg Amber For Him 100ml"},"content":{"rendered":"<p data-start=\"2895\" data-end=\"3340\"><strong data-start=\"2925\" data-end=\"2981\">Iceberg Eau de Iceberg Amber For Him Eau de Toilette<\/strong> est une fragrance sophistiqu\u00e9e et enveloppante, con\u00e7ue pour l&rsquo;homme moderne et s\u00fbr de lui. Le parfum s&rsquo;ouvre sur des notes fra\u00eeches et p\u00e9tillantes d&rsquo;agrumes, enrichies par une note \u00e9pic\u00e9e de gingembre, cr\u00e9ant un d\u00e9part \u00e9nergisant et stimulant. Le c\u0153ur de la composition r\u00e9v\u00e8le un m\u00e9lange riche de notes bois\u00e9es et orientales, o\u00f9 l&rsquo;ambre et le bois de c\u00e8dre se m\u00ealent, apportant \u00e9l\u00e9gance et chaleur. La base du parfum est caract\u00e9ris\u00e9e par la sensualit\u00e9 du musc et la richesse du bois de santal, qui ajoutent profondeur et long\u00e9vit\u00e9 \u00e0 la fragrance.<\/p>\n<p data-start=\"2895\" data-end=\"3340\"><strong data-start=\"3529\" data-end=\"3569\">Iceberg Eau de Iceberg Amber For Him<\/strong> est parfait pour un homme recherchant une fragrance sophistiqu\u00e9e et intense, adapt\u00e9e \u00e0 toutes les occasions, mais particuli\u00e8rement pour les \u00e9v\u00e9nements en soir\u00e9e ou les moments sp\u00e9ciaux. Le flacon \u00e9l\u00e9gant et minimaliste refl\u00e8te l\u2019essence d\u2019un parfum classe et de grand caract\u00e8re.<\/p>\n<p>Suivez toutes nos actualit\u00e9s ! <a href=\"https:\/\/www.instagram.com\/freeshopswiss\/\" target=\"_blank\" rel=\"noopener\">@freeshopswiss<\/a><\/p>\n","protected":false},"excerpt":{"rendered":"<p><em><strong>Eau de Toilette<\/strong><\/em><\/p>\n","protected":false},"featured_media":11987,"comment_status":"open","ping_status":"closed","template":"","meta":[],"pwb-brand":[387],"product_brand":[],"product_cat":[87,89],"product_tag":[141,1629,143,278,97],"class_list":{"0":"post-11984","1":"product","2":"type-product","3":"status-publish","4":"has-post-thumbnail","6":"pwb-brand-iceberg","7":"product_cat-parfums","8":"product_cat-pour-lui","9":"product_tag-eau-de-toilette-fr","10":"product_tag-mens-fragrances-fr","11":"product_tag-homme","12":"product_tag-offre","13":"product_tag-parfums","15":"first","16":"instock","17":"sale","18":"taxable","19":"shipping-taxable","20":"purchasable","21":"product-type-simple"},"brands":[{"id":387,"name":"Iceberg","slug":"iceberg"}],"_links":{"self":[{"href":"https:\/\/www.freeshopfrontiera.ch\/fr\/wp-json\/wp\/v2\/product\/11984","targetHints":{"allow":["GET"]}}],"collection":[{"href":"https:\/\/www.freeshopfrontiera.ch\/fr\/wp-json\/wp\/v2\/product"}],"about":[{"href":"https:\/\/www.freeshopfrontiera.ch\/fr\/wp-json\/wp\/v2\/types\/product"}],"replies":[{"embeddable":true,"href":"https:\/\/www.freeshopfrontiera.ch\/fr\/wp-json\/wp\/v2\/comments?post=11984"}],"version-history":[{"count":4,"href":"https:\/\/www.freeshopfrontiera.ch\/fr\/wp-json\/wp\/v2\/product\/11984\/revisions"}],"predecessor-version":[{"id":18605,"href":"https:\/\/www.freeshopfrontiera.ch\/fr\/wp-json\/wp\/v2\/product\/11984\/revisions\/18605"}],"wp:featuredmedia":[{"embeddable":true,"href":"https:\/\/www.freeshopfrontiera.ch\/fr\/wp-json\/wp\/v2\/media\/11987"}],"wp:attachment":[{"href":"https:\/\/www.freeshopfrontiera.ch\/fr\/wp-json\/wp\/v2\/media?parent=11984"}],"wp:term":[{"taxonomy":"pwb-brand","embeddable":true,"href":"https:\/\/www.freeshopfrontiera.ch\/fr\/wp-json\/wp\/v2\/pwb-brand?post=11984"},{"taxonomy":"product_brand","embeddable":true,"href":"https:\/\/www.freeshopfrontiera.ch\/fr\/wp-json\/wp\/v2\/product_brand?post=11984"},{"taxonomy":"product_cat","embeddable":true,"href":"https:\/\/www.freeshopfrontiera.ch\/fr\/wp-json\/wp\/v2\/product_cat?post=11984"},{"taxonomy":"product_tag","embeddable":true,"href":"https:\/\/www.freeshopfrontiera.ch\/fr\/wp-json\/wp\/v2\/product_tag?post=11984"}],"curies":[{"name":"wp","href":"https:\/\/api.w.org\/{rel}","templated":true}]}}