{"id":12050,"date":"2025-02-11T12:04:53","date_gmt":"2025-02-11T12:04:53","guid":{"rendered":"https:\/\/freeshopswiss.alesca.org\/?post_type=product&#038;p=12050"},"modified":"2025-03-13T09:48:33","modified_gmt":"2025-03-13T09:48:33","slug":"gucci-guilty-absolute-pour-homme","status":"publish","type":"product","link":"https:\/\/www.freeshopfrontiera.ch\/fr\/shop\/gucci-guilty-absolute-pour-homme\/","title":{"rendered":"GUCCI Guilty Absolute pour Homme 90ml"},"content":{"rendered":"<p data-start=\"2856\" data-end=\"3844\"><strong data-start=\"4447\" data-end=\"4497\">Gucci Guilty Absolute pour Homme Eau de Parfum<\/strong> est une fragrance audacieuse et intense qui incarne l\u2019essence de l\u2019homme moderne : s\u00fbr de lui, anticonformiste et confiant. Le parfum s\u2019ouvre sur une explosion de fra\u00eecheur verte gr\u00e2ce aux notes de feuilles de poivre noir, qui cr\u00e9ent un d\u00e9but intrigant et distinctif, capturant imm\u00e9diatement l\u2019attention.<\/p>\n<p data-start=\"2856\" data-end=\"3844\">Le c\u0153ur de la composition est domin\u00e9 par un m\u00e9lange puissant de bois de cypr\u00e8s et de patchouli, apportant une profondeur bois\u00e9e et terreuse qui \u00e9voque myst\u00e8re et force. L\u2019harmonie entre ces \u00e9l\u00e9ments se d\u00e9veloppe en une sensualit\u00e9 et une d\u00e9termination qui refl\u00e8tent un homme qui sait ce qu\u2019il veut et n\u2019a pas peur de prendre des risques. La base du parfum est domin\u00e9e par le cuir et le v\u00e9tiver, qui ajoutent une chaleur enveloppante et presque animale \u00e0 la fragrance, cr\u00e9ant un contraste parfait avec les premi\u00e8res notes fra\u00eeches et bois\u00e9es.<\/p>\n<p data-start=\"2856\" data-end=\"3844\"><strong data-start=\"5344\" data-end=\"5380\">Gucci Guilty Absolute pour Homme<\/strong> est une fragrance qui laisse une impression durable, parfaite pour l\u2019homme qui souhaite se distinguer et qui recherche un parfum unique, parfaitement adapt\u00e9 \u00e0 sa personnalit\u00e9 forte et d\u00e9cid\u00e9e. Le flacon \u00e9l\u00e9gant et moderne, avec son verre sombre et son bouchon distinctif, refl\u00e8te le caract\u00e8re audacieux et sans compromis du parfum, le rendant id\u00e9al pour des soir\u00e9es \u00e9l\u00e9gantes, des \u00e9v\u00e9nements sp\u00e9ciaux et pour l\u2019homme qui aime se distinguer avec une fragrance qui parle de courage, de confiance et de sensualit\u00e9.<\/p>\n<p>Suivez toutes nos actualit\u00e9s ! <a href=\"https:\/\/www.instagram.com\/freeshopswiss\/\" target=\"_blank\" rel=\"noopener\">@freeshopswiss<\/a><\/p>\n","protected":false},"excerpt":{"rendered":"<p><em><strong>Eau de Parfum<\/strong><\/em><\/p>\n","protected":false},"featured_media":12053,"comment_status":"open","ping_status":"closed","template":"","meta":[],"pwb-brand":[270],"product_brand":[],"product_cat":[87,89],"product_tag":[252,1629,278,97],"class_list":{"0":"post-12050","1":"product","2":"type-product","3":"status-publish","4":"has-post-thumbnail","6":"pwb-brand-gucci","7":"product_cat-parfums","8":"product_cat-pour-lui","9":"product_tag-eau-de-parfum-fr","10":"product_tag-mens-fragrances-fr","11":"product_tag-offre","12":"product_tag-parfums","14":"first","15":"instock","16":"sale","17":"taxable","18":"shipping-taxable","19":"purchasable","20":"product-type-simple"},"brands":[{"id":270,"name":"Gucci","slug":"gucci"}],"_links":{"self":[{"href":"https:\/\/www.freeshopfrontiera.ch\/fr\/wp-json\/wp\/v2\/product\/12050","targetHints":{"allow":["GET"]}}],"collection":[{"href":"https:\/\/www.freeshopfrontiera.ch\/fr\/wp-json\/wp\/v2\/product"}],"about":[{"href":"https:\/\/www.freeshopfrontiera.ch\/fr\/wp-json\/wp\/v2\/types\/product"}],"replies":[{"embeddable":true,"href":"https:\/\/www.freeshopfrontiera.ch\/fr\/wp-json\/wp\/v2\/comments?post=12050"}],"version-history":[{"count":4,"href":"https:\/\/www.freeshopfrontiera.ch\/fr\/wp-json\/wp\/v2\/product\/12050\/revisions"}],"predecessor-version":[{"id":18596,"href":"https:\/\/www.freeshopfrontiera.ch\/fr\/wp-json\/wp\/v2\/product\/12050\/revisions\/18596"}],"wp:featuredmedia":[{"embeddable":true,"href":"https:\/\/www.freeshopfrontiera.ch\/fr\/wp-json\/wp\/v2\/media\/12053"}],"wp:attachment":[{"href":"https:\/\/www.freeshopfrontiera.ch\/fr\/wp-json\/wp\/v2\/media?parent=12050"}],"wp:term":[{"taxonomy":"pwb-brand","embeddable":true,"href":"https:\/\/www.freeshopfrontiera.ch\/fr\/wp-json\/wp\/v2\/pwb-brand?post=12050"},{"taxonomy":"product_brand","embeddable":true,"href":"https:\/\/www.freeshopfrontiera.ch\/fr\/wp-json\/wp\/v2\/product_brand?post=12050"},{"taxonomy":"product_cat","embeddable":true,"href":"https:\/\/www.freeshopfrontiera.ch\/fr\/wp-json\/wp\/v2\/product_cat?post=12050"},{"taxonomy":"product_tag","embeddable":true,"href":"https:\/\/www.freeshopfrontiera.ch\/fr\/wp-json\/wp\/v2\/product_tag?post=12050"}],"curies":[{"name":"wp","href":"https:\/\/api.w.org\/{rel}","templated":true}]}}