{"id":12269,"date":"2025-02-11T16:10:20","date_gmt":"2025-02-11T16:10:20","guid":{"rendered":"https:\/\/freeshopswiss.alesca.org\/?post_type=product&#038;p=12269"},"modified":"2025-03-12T12:02:29","modified_gmt":"2025-03-12T12:02:29","slug":"lanvin-oxygene-homme-eau-de-toilette","status":"publish","type":"product","link":"https:\/\/www.freeshopfrontiera.ch\/fr\/shop\/lanvin-oxygene-homme-eau-de-toilette\/","title":{"rendered":"LANVIN Oxygene Homme 100ml"},"content":{"rendered":"<p data-start=\"2856\" data-end=\"3844\"><strong data-start=\"2963\" data-end=\"3003\">Lanvin Oxyg\u00e8ne Homme Eau de Toilette<\/strong> est un parfum frais et vif qui c\u00e9l\u00e8bre la vitalit\u00e9 et l&rsquo;\u00e9nergie de l&rsquo;homme moderne. Cette eau de toilette s&rsquo;ouvre sur une combinaison rafra\u00eechissante de menthe, d&rsquo;anis et de citron, cr\u00e9ant un d\u00e9part p\u00e9tillant et revigorant qui \u00e9veille les sens.<\/p>\n<p data-start=\"2856\" data-end=\"3844\">Le c\u0153ur de la fragrance est caract\u00e9ris\u00e9 par un m\u00e9lange \u00e9l\u00e9gant de lavande et de g\u00e9ranium, avec une touche d&rsquo;\u00e9pices l\u00e9g\u00e8res, ajoutant complexit\u00e9 et profondeur \u00e0 la composition. Enfin, la base de <strong data-start=\"3443\" data-end=\"3460\">Oxyg\u00e8ne Homme<\/strong> est une fusion raffin\u00e9e de musc blanc, de bois de c\u00e8dre et de benjoin, qui donne au parfum une tra\u00een\u00e9e l\u00e9g\u00e8re mais persistante, au caract\u00e8re affirm\u00e9 et sophistiqu\u00e9.<\/p>\n<p data-start=\"2856\" data-end=\"3844\">Ce parfum est parfait pour l&rsquo;homme qui recherche une fragrance fra\u00eeche, \u00e9l\u00e9gante et dynamique, adapt\u00e9e aussi bien pour le jour que pour la nuit. Avec sa combinaison de fra\u00eecheur et de chaleur, <strong data-start=\"3819\" data-end=\"3843\">Lanvin Oxyg\u00e8ne Homme<\/strong> est une ode \u00e0 la libert\u00e9, \u00e0 la force et \u00e0 l&rsquo;\u00e9nergie masculine.<\/p>\n<p>Suivez toutes nos actualit\u00e9s ! <a href=\"https:\/\/www.instagram.com\/freeshopswiss\/\" target=\"_blank\" rel=\"noopener\">@freeshopswiss<\/a><\/p>\n","protected":false},"excerpt":{"rendered":"<p><em><strong>Eau de Parfum<\/strong><\/em><\/p>\n","protected":false},"featured_media":12272,"comment_status":"open","ping_status":"closed","template":"","meta":[],"pwb-brand":[392],"product_brand":[],"product_cat":[87,89],"product_tag":[141,1629,143,278,97],"class_list":{"0":"post-12269","1":"product","2":"type-product","3":"status-publish","4":"has-post-thumbnail","6":"pwb-brand-lanvin","7":"product_cat-parfums","8":"product_cat-pour-lui","9":"product_tag-eau-de-toilette-fr","10":"product_tag-mens-fragrances-fr","11":"product_tag-homme","12":"product_tag-offre","13":"product_tag-parfums","15":"first","16":"instock","17":"sale","18":"taxable","19":"shipping-taxable","20":"purchasable","21":"product-type-simple"},"brands":[{"id":392,"name":"Lanvin","slug":"lanvin"}],"_links":{"self":[{"href":"https:\/\/www.freeshopfrontiera.ch\/fr\/wp-json\/wp\/v2\/product\/12269","targetHints":{"allow":["GET"]}}],"collection":[{"href":"https:\/\/www.freeshopfrontiera.ch\/fr\/wp-json\/wp\/v2\/product"}],"about":[{"href":"https:\/\/www.freeshopfrontiera.ch\/fr\/wp-json\/wp\/v2\/types\/product"}],"replies":[{"embeddable":true,"href":"https:\/\/www.freeshopfrontiera.ch\/fr\/wp-json\/wp\/v2\/comments?post=12269"}],"version-history":[{"count":5,"href":"https:\/\/www.freeshopfrontiera.ch\/fr\/wp-json\/wp\/v2\/product\/12269\/revisions"}],"predecessor-version":[{"id":18408,"href":"https:\/\/www.freeshopfrontiera.ch\/fr\/wp-json\/wp\/v2\/product\/12269\/revisions\/18408"}],"wp:featuredmedia":[{"embeddable":true,"href":"https:\/\/www.freeshopfrontiera.ch\/fr\/wp-json\/wp\/v2\/media\/12272"}],"wp:attachment":[{"href":"https:\/\/www.freeshopfrontiera.ch\/fr\/wp-json\/wp\/v2\/media?parent=12269"}],"wp:term":[{"taxonomy":"pwb-brand","embeddable":true,"href":"https:\/\/www.freeshopfrontiera.ch\/fr\/wp-json\/wp\/v2\/pwb-brand?post=12269"},{"taxonomy":"product_brand","embeddable":true,"href":"https:\/\/www.freeshopfrontiera.ch\/fr\/wp-json\/wp\/v2\/product_brand?post=12269"},{"taxonomy":"product_cat","embeddable":true,"href":"https:\/\/www.freeshopfrontiera.ch\/fr\/wp-json\/wp\/v2\/product_cat?post=12269"},{"taxonomy":"product_tag","embeddable":true,"href":"https:\/\/www.freeshopfrontiera.ch\/fr\/wp-json\/wp\/v2\/product_tag?post=12269"}],"curies":[{"name":"wp","href":"https:\/\/api.w.org\/{rel}","templated":true}]}}