{"id":12287,"date":"2025-02-11T16:27:02","date_gmt":"2025-02-11T16:27:02","guid":{"rendered":"https:\/\/freeshopswiss.alesca.org\/?post_type=product&#038;p=12287"},"modified":"2025-03-13T09:44:22","modified_gmt":"2025-03-13T09:44:22","slug":"moschino-fresh-couture-eau-de-toilette-vapo-30ml","status":"publish","type":"product","link":"https:\/\/www.freeshopfrontiera.ch\/fr\/shop\/moschino-fresh-couture-eau-de-toilette-vapo-30ml\/","title":{"rendered":"MOSCHINO Fresh Couture 30ml"},"content":{"rendered":"<p data-start=\"0\" data-end=\"310\"><strong>Moschino Fresh Couture Eau de Toilette<\/strong> est un parfum innovant et ludique qui r\u00e9invente l&rsquo;id\u00e9e m\u00eame de fra\u00eecheur. Pr\u00e9sent\u00e9 dans un flacon qui \u00e9voque un nettoyant pour la maison, ce parfum unique capte imm\u00e9diatement l&rsquo;attention par sa conception originale et son m\u00e9lange surprenant de notes fra\u00eeches et fruit\u00e9es.<\/p>\n<p data-start=\"312\" data-end=\"715\">L&rsquo;ouverture du parfum est \u00e9clatante et p\u00e9tillante, avec un accord de mandarine, de pamplemousse et de cassis. Ces notes vibrantes et fruit\u00e9es cr\u00e9ent une sensation de fra\u00eecheur \u00e9nergique et lumineuse, imm\u00e9diatement agr\u00e9able et revigorante. Elles procurent une premi\u00e8re impression de vitalit\u00e9, parfaite pour un d\u00e9but de journ\u00e9e dynamisant ou pour apporter une touche de fra\u00eecheur lors de moments intenses.<\/p>\n<p data-start=\"717\" data-end=\"1104\">Au c\u0153ur de la composition, un bouquet de fleurs blanches, dont le jasmin et la magnolia, enrichit l&rsquo;ensemble avec une dimension d\u00e9licate et f\u00e9minine. Ces notes florales apportent une touche douce et \u00e9l\u00e9gante, \u00e9quilibrant parfaitement l&rsquo;\u00e9nergie des accords fruit\u00e9s initiaux. La fleur de jasmin conf\u00e8re une sensualit\u00e9 subtile, tandis que la magnolia ajoute une fra\u00eecheur douce et raffin\u00e9e.<\/p>\n<p data-start=\"1106\" data-end=\"1534\">La base du parfum se distingue par une fusion chaleureuse et enveloppante de bois de c\u00e8dre, de musc et de patchouli. Ces accords apportent profondeur, sophistication et \u00e9l\u00e9gance, tout en prolongeant la tenue du parfum pour une exp\u00e9rience sensorielle durable. Ensemble, ces notes bois\u00e9es et musqu\u00e9es enveloppent les pr\u00e9c\u00e9dentes touches fruit\u00e9es et florales dans un sillage s\u00e9duisant, tout en conservant une fra\u00eecheur persistante.<\/p>\n<p data-start=\"1536\" data-end=\"2019\" data-is-last-node=\"\" data-is-only-node=\"\">Moschino Fresh Couture est le parfum id\u00e9al pour la femme moderne qui aime se d\u00e9marquer avec une touche d&rsquo;originalit\u00e9 et de fra\u00eecheur, tout en appr\u00e9ciant une note d&rsquo;ironie et de fun. Son c\u00f4t\u00e9 rafra\u00eechissant et sa composition ludique en font une fragrance polyvalente, id\u00e9ale pour chaque moment de la journ\u00e9e. Que ce soit pour une journ\u00e9e de travail ou une sortie entre amis, il laisse une tra\u00een\u00e9e de fra\u00eecheur qui dure dans le temps, tout en offrant un parfum distinctif et m\u00e9morable.<\/p>\n<p>Suivez toutes nos actualit\u00e9s ! <a href=\"https:\/\/www.instagram.com\/freeshopswiss\/\" target=\"_blank\" rel=\"noopener\">@freeshopswiss<\/a><\/p>\n","protected":false},"excerpt":{"rendered":"<p><em><strong>Eau de Toilette<\/strong><\/em><\/p>\n","protected":false},"featured_media":12290,"comment_status":"open","ping_status":"closed","template":"","meta":[],"pwb-brand":[379],"product_brand":[],"product_cat":[87,109],"product_tag":[141,296,789,278,97,4367],"class_list":{"0":"post-12287","1":"product","2":"type-product","3":"status-publish","4":"has-post-thumbnail","6":"pwb-brand-moschino","7":"product_cat-parfums","8":"product_cat-pour-elle","9":"product_tag-eau-de-toilette-fr","10":"product_tag-femme","11":"product_tag-womens-fragrances-fr","12":"product_tag-offre","13":"product_tag-parfums","14":"product_tag-special-printemps","16":"first","17":"instock","18":"sale","19":"taxable","20":"shipping-taxable","21":"purchasable","22":"product-type-simple"},"brands":[{"id":379,"name":"Moschino","slug":"moschino"}],"_links":{"self":[{"href":"https:\/\/www.freeshopfrontiera.ch\/fr\/wp-json\/wp\/v2\/product\/12287","targetHints":{"allow":["GET"]}}],"collection":[{"href":"https:\/\/www.freeshopfrontiera.ch\/fr\/wp-json\/wp\/v2\/product"}],"about":[{"href":"https:\/\/www.freeshopfrontiera.ch\/fr\/wp-json\/wp\/v2\/types\/product"}],"replies":[{"embeddable":true,"href":"https:\/\/www.freeshopfrontiera.ch\/fr\/wp-json\/wp\/v2\/comments?post=12287"}],"version-history":[{"count":8,"href":"https:\/\/www.freeshopfrontiera.ch\/fr\/wp-json\/wp\/v2\/product\/12287\/revisions"}],"predecessor-version":[{"id":18581,"href":"https:\/\/www.freeshopfrontiera.ch\/fr\/wp-json\/wp\/v2\/product\/12287\/revisions\/18581"}],"wp:featuredmedia":[{"embeddable":true,"href":"https:\/\/www.freeshopfrontiera.ch\/fr\/wp-json\/wp\/v2\/media\/12290"}],"wp:attachment":[{"href":"https:\/\/www.freeshopfrontiera.ch\/fr\/wp-json\/wp\/v2\/media?parent=12287"}],"wp:term":[{"taxonomy":"pwb-brand","embeddable":true,"href":"https:\/\/www.freeshopfrontiera.ch\/fr\/wp-json\/wp\/v2\/pwb-brand?post=12287"},{"taxonomy":"product_brand","embeddable":true,"href":"https:\/\/www.freeshopfrontiera.ch\/fr\/wp-json\/wp\/v2\/product_brand?post=12287"},{"taxonomy":"product_cat","embeddable":true,"href":"https:\/\/www.freeshopfrontiera.ch\/fr\/wp-json\/wp\/v2\/product_cat?post=12287"},{"taxonomy":"product_tag","embeddable":true,"href":"https:\/\/www.freeshopfrontiera.ch\/fr\/wp-json\/wp\/v2\/product_tag?post=12287"}],"curies":[{"name":"wp","href":"https:\/\/api.w.org\/{rel}","templated":true}]}}