{"id":12359,"date":"2025-02-12T08:22:46","date_gmt":"2025-02-12T08:22:46","guid":{"rendered":"https:\/\/freeshopswiss.alesca.org\/shop\/roberto-cavalli-just-cavalli-for-her-eau-de-toilette\/"},"modified":"2025-03-12T11:59:01","modified_gmt":"2025-03-12T11:59:01","slug":"roberto-cavalli-just-cavalli-for-her-eau-de-toilette","status":"publish","type":"product","link":"https:\/\/www.freeshopfrontiera.ch\/fr\/shop\/roberto-cavalli-just-cavalli-for-her-eau-de-toilette\/","title":{"rendered":"ROBERTO CAVALLI Just Cavalli For Her"},"content":{"rendered":"<p data-start=\"2775\" data-end=\"3622\"><strong>Roberto Cavalli Just Cavalli For Her Eau de Toilette<\/strong> est une interpr\u00e9tation audacieuse et sophistiqu\u00e9e de la f\u00e9minit\u00e9 moderne.<\/p>\n<p data-start=\"2775\" data-end=\"3622\">Ce parfum captivant et sensuel s&rsquo;ouvre sur un m\u00e9lange vivant de notes fra\u00eeches de n\u00e9roli et de fleur d&rsquo;oranger, cr\u00e9ant une premi\u00e8re impression \u00e9nergique et p\u00e9tillante. Le c\u0153ur de la composition r\u00e9v\u00e8le un m\u00e9lange enveloppant de rose et de fleur de tiar\u00e9, ajoutant une touche florale et sensuelle, sublim\u00e9e par une base chaleureuse et enveloppante de musc et de bois de c\u00e8dre. La base bois\u00e9e et l\u00e9g\u00e8rement orientale de ce parfum laisse une empreinte persistante et sophistiqu\u00e9e, id\u00e9ale pour la femme qui aime exprimer sa personnalit\u00e9 avec \u00e9l\u00e9gance et originalit\u00e9. Just Cavalli For Her est parfait pour une utilisation quotidienne, tout en \u00e9tant \u00e9galement id\u00e9al pour les occasions sp\u00e9ciales.<\/p>\n<p data-start=\"2775\" data-end=\"3622\">Un parfum qui c\u00e9l\u00e8bre l&rsquo;intensit\u00e9 de la f\u00e9minit\u00e9 et la beaut\u00e9 de la spontan\u00e9it\u00e9.<\/p>\n<p>&nbsp;<\/p>\n<p>Follow us! <a href=\"https:\/\/www.instagram.com\/freeshopswiss\/\" target=\"_blank\" rel=\"noopener\">@freeshopswiss<\/a><\/p>\n<p>&nbsp;<\/p>\n<p>&nbsp;<\/p>\n<p>&nbsp;<\/p>\n","protected":false},"excerpt":{"rendered":"<p><em><strong>Eau de Toilette<\/strong><\/em><\/p>\n","protected":false},"featured_media":12341,"comment_status":"open","ping_status":"closed","template":"","meta":[],"pwb-brand":[377],"product_brand":[],"product_cat":[87,109],"product_tag":[141,296,789,97],"class_list":{"0":"post-12359","1":"product","2":"type-product","3":"status-publish","4":"has-post-thumbnail","6":"pwb-brand-just-cavalli","7":"product_cat-parfums","8":"product_cat-pour-elle","9":"product_tag-eau-de-toilette-fr","10":"product_tag-femme","11":"product_tag-womens-fragrances-fr","12":"product_tag-parfums","14":"first","15":"instock","16":"sale","17":"taxable","18":"shipping-taxable","19":"purchasable","20":"product-type-variable","21":"has-default-attributes"},"brands":[{"id":377,"name":"Just Cavalli","slug":"just-cavalli"}],"_links":{"self":[{"href":"https:\/\/www.freeshopfrontiera.ch\/fr\/wp-json\/wp\/v2\/product\/12359","targetHints":{"allow":["GET"]}}],"collection":[{"href":"https:\/\/www.freeshopfrontiera.ch\/fr\/wp-json\/wp\/v2\/product"}],"about":[{"href":"https:\/\/www.freeshopfrontiera.ch\/fr\/wp-json\/wp\/v2\/types\/product"}],"replies":[{"embeddable":true,"href":"https:\/\/www.freeshopfrontiera.ch\/fr\/wp-json\/wp\/v2\/comments?post=12359"}],"version-history":[{"count":3,"href":"https:\/\/www.freeshopfrontiera.ch\/fr\/wp-json\/wp\/v2\/product\/12359\/revisions"}],"predecessor-version":[{"id":18404,"href":"https:\/\/www.freeshopfrontiera.ch\/fr\/wp-json\/wp\/v2\/product\/12359\/revisions\/18404"}],"wp:featuredmedia":[{"embeddable":true,"href":"https:\/\/www.freeshopfrontiera.ch\/fr\/wp-json\/wp\/v2\/media\/12341"}],"wp:attachment":[{"href":"https:\/\/www.freeshopfrontiera.ch\/fr\/wp-json\/wp\/v2\/media?parent=12359"}],"wp:term":[{"taxonomy":"pwb-brand","embeddable":true,"href":"https:\/\/www.freeshopfrontiera.ch\/fr\/wp-json\/wp\/v2\/pwb-brand?post=12359"},{"taxonomy":"product_brand","embeddable":true,"href":"https:\/\/www.freeshopfrontiera.ch\/fr\/wp-json\/wp\/v2\/product_brand?post=12359"},{"taxonomy":"product_cat","embeddable":true,"href":"https:\/\/www.freeshopfrontiera.ch\/fr\/wp-json\/wp\/v2\/product_cat?post=12359"},{"taxonomy":"product_tag","embeddable":true,"href":"https:\/\/www.freeshopfrontiera.ch\/fr\/wp-json\/wp\/v2\/product_tag?post=12359"}],"curies":[{"name":"wp","href":"https:\/\/api.w.org\/{rel}","templated":true}]}}