{"id":12440,"date":"2025-02-12T09:19:49","date_gmt":"2025-02-12T09:19:49","guid":{"rendered":"https:\/\/freeshopswiss.alesca.org\/?post_type=product&#038;p=12440"},"modified":"2025-03-12T11:21:46","modified_gmt":"2025-03-12T11:21:46","slug":"notebook-fragrances-peony-white-musk","status":"publish","type":"product","link":"https:\/\/www.freeshopfrontiera.ch\/fr\/shop\/notebook-fragrances-peony-white-musk\/","title":{"rendered":"NOTEBOOK FRAGRANCES Peony &#038; White Musk For Her 100ml"},"content":{"rendered":"<p data-start=\"2856\" data-end=\"3844\">Notebook Fragrances Peony &amp; White Musk Eau de Toilette For Her est un parfum \u00e9l\u00e9gant et d\u00e9licat qui c\u00e9l\u00e8bre la f\u00e9minit\u00e9 de mani\u00e8re raffin\u00e9e et sophistiqu\u00e9e.<\/p>\n<p data-start=\"2856\" data-end=\"3844\">La fragrance s&rsquo;ouvre sur une combinaison harmonieuse de notes florales fra\u00eeches de pivoine, m\u00eal\u00e9es \u00e0 la douceur du musc blanc, cr\u00e9ant une sensation de puret\u00e9 et de fra\u00eecheur enveloppante. Au c\u0153ur du parfum, la pivoine reste au premier plan, enrichie de touches d\u00e9licates de rose et de jasmin, qui ajoutent une dimension florale plus profonde et complexe.<\/p>\n<p data-start=\"2856\" data-end=\"3844\">La base du parfum est caract\u00e9ris\u00e9e par le musc blanc et le bois de c\u00e8dre, qui apportent une tra\u00een\u00e9e douce, sophistiqu\u00e9e et l\u00e9g\u00e8rement bois\u00e9e, cr\u00e9ant un \u00e9quilibre parfait entre fra\u00eecheur et chaleur. Peony &amp; White Musk est le parfum id\u00e9al pour la femme \u00e0 la recherche d&rsquo;une fragrance fra\u00eeche, \u00e9l\u00e9gante et discr\u00e8te, \u00e0 porter facilement \u00e0 tout moment de la journ\u00e9e.<\/p>\n<p>Suivez toutes nos actualit\u00e9s ! <a href=\"https:\/\/www.instagram.com\/freeshopswiss\/\" target=\"_blank\" rel=\"noopener\">@freeshopswiss<\/a><\/p>\n","protected":false},"excerpt":{"rendered":"<p><em><strong>Eau de Parfum<\/strong><\/em><\/p>\n","protected":false},"featured_media":12443,"comment_status":"open","ping_status":"closed","template":"","meta":[],"pwb-brand":[394],"product_brand":[],"product_cat":[87,109],"product_tag":[141,296,789,278,97],"class_list":{"0":"post-12440","1":"product","2":"type-product","3":"status-publish","4":"has-post-thumbnail","6":"pwb-brand-notebook-fragrances","7":"product_cat-parfums","8":"product_cat-pour-elle","9":"product_tag-eau-de-toilette-fr","10":"product_tag-femme","11":"product_tag-womens-fragrances-fr","12":"product_tag-offre","13":"product_tag-parfums","15":"first","16":"outofstock","17":"sale","18":"taxable","19":"shipping-taxable","20":"purchasable","21":"product-type-simple"},"brands":[{"id":394,"name":"Notebook Fragrances","slug":"notebook-fragrances"}],"_links":{"self":[{"href":"https:\/\/www.freeshopfrontiera.ch\/fr\/wp-json\/wp\/v2\/product\/12440","targetHints":{"allow":["GET"]}}],"collection":[{"href":"https:\/\/www.freeshopfrontiera.ch\/fr\/wp-json\/wp\/v2\/product"}],"about":[{"href":"https:\/\/www.freeshopfrontiera.ch\/fr\/wp-json\/wp\/v2\/types\/product"}],"replies":[{"embeddable":true,"href":"https:\/\/www.freeshopfrontiera.ch\/fr\/wp-json\/wp\/v2\/comments?post=12440"}],"version-history":[{"count":4,"href":"https:\/\/www.freeshopfrontiera.ch\/fr\/wp-json\/wp\/v2\/product\/12440\/revisions"}],"predecessor-version":[{"id":18370,"href":"https:\/\/www.freeshopfrontiera.ch\/fr\/wp-json\/wp\/v2\/product\/12440\/revisions\/18370"}],"wp:featuredmedia":[{"embeddable":true,"href":"https:\/\/www.freeshopfrontiera.ch\/fr\/wp-json\/wp\/v2\/media\/12443"}],"wp:attachment":[{"href":"https:\/\/www.freeshopfrontiera.ch\/fr\/wp-json\/wp\/v2\/media?parent=12440"}],"wp:term":[{"taxonomy":"pwb-brand","embeddable":true,"href":"https:\/\/www.freeshopfrontiera.ch\/fr\/wp-json\/wp\/v2\/pwb-brand?post=12440"},{"taxonomy":"product_brand","embeddable":true,"href":"https:\/\/www.freeshopfrontiera.ch\/fr\/wp-json\/wp\/v2\/product_brand?post=12440"},{"taxonomy":"product_cat","embeddable":true,"href":"https:\/\/www.freeshopfrontiera.ch\/fr\/wp-json\/wp\/v2\/product_cat?post=12440"},{"taxonomy":"product_tag","embeddable":true,"href":"https:\/\/www.freeshopfrontiera.ch\/fr\/wp-json\/wp\/v2\/product_tag?post=12440"}],"curies":[{"name":"wp","href":"https:\/\/api.w.org\/{rel}","templated":true}]}}