{"id":12462,"date":"2025-02-12T09:35:14","date_gmt":"2025-02-12T09:35:14","guid":{"rendered":"https:\/\/freeshopswiss.alesca.org\/?post_type=product&#038;p=12462"},"modified":"2025-03-12T11:21:03","modified_gmt":"2025-03-12T11:21:03","slug":"gianni-versace-bright-crystal-eau-de-toilette-90ml","status":"publish","type":"product","link":"https:\/\/www.freeshopfrontiera.ch\/fr\/shop\/gianni-versace-bright-crystal-eau-de-toilette-90ml\/","title":{"rendered":"GIANNI VERSACE Bright Crystal 90ml"},"content":{"rendered":"<p data-start=\"2856\" data-end=\"3844\">Gianni Versace Bright Crystal Eau de Toilette est une fragrance fra\u00eeche et sophistiqu\u00e9e qui incarne la f\u00e9minit\u00e9 \u00e9l\u00e9gante et moderne.<\/p>\n<p data-start=\"2856\" data-end=\"3844\">Le parfum s&rsquo;ouvre sur une explosion fruit\u00e9e et fra\u00eeche de grenade et de yuzu, qui procurent une sensation de vivacit\u00e9 et de fra\u00eecheur imm\u00e9diate. Les notes de c\u0153ur sont un m\u00e9lange d\u00e9licat de fleurs, notamment le lotus, la pivoine et la magnolia, qui enrichissent la composition d&rsquo;un parfum floral et lumineux, symbole de gr\u00e2ce et de raffinement. La base du parfum est une fusion chaleureuse de bois de musc, d&rsquo;ambre et de patchouli, qui apporte de la profondeur et une tra\u00een\u00e9e \u00e9l\u00e9gante et persistante.<\/p>\n<p data-start=\"2856\" data-end=\"3844\">Bright Crystal est le parfum id\u00e9al pour la femme qui recherche une fragrance fra\u00eeche, l\u00e9g\u00e8re et f\u00e9minine, parfaite pour toutes les occasions, du jour au soir. Sa composition d\u00e9licate mais persistante en fait un choix parfait pour celles qui souhaitent laisser une empreinte \u00e9l\u00e9gante et sophistiqu\u00e9e.<\/p>\n<p>Suivez toutes nos actualit\u00e9s ! <a href=\"https:\/\/www.instagram.com\/freeshopswiss\/\" target=\"_blank\" rel=\"noopener\">@freeshopswiss<\/a><\/p>\n","protected":false},"excerpt":{"rendered":"<p><em><strong>Eau de Toilette<\/strong><\/em><\/p>\n","protected":false},"featured_media":12465,"comment_status":"open","ping_status":"closed","template":"","meta":[],"pwb-brand":[124],"product_brand":[],"product_cat":[87,109],"product_tag":[252,296,789,278,97],"class_list":{"0":"post-12462","1":"product","2":"type-product","3":"status-publish","4":"has-post-thumbnail","6":"pwb-brand-versace","7":"product_cat-parfums","8":"product_cat-pour-elle","9":"product_tag-eau-de-parfum-fr","10":"product_tag-femme","11":"product_tag-womens-fragrances-fr","12":"product_tag-offre","13":"product_tag-parfums","15":"first","16":"instock","17":"sale","18":"taxable","19":"shipping-taxable","20":"purchasable","21":"product-type-simple"},"brands":[{"id":124,"name":"Versace","slug":"versace"}],"_links":{"self":[{"href":"https:\/\/www.freeshopfrontiera.ch\/fr\/wp-json\/wp\/v2\/product\/12462","targetHints":{"allow":["GET"]}}],"collection":[{"href":"https:\/\/www.freeshopfrontiera.ch\/fr\/wp-json\/wp\/v2\/product"}],"about":[{"href":"https:\/\/www.freeshopfrontiera.ch\/fr\/wp-json\/wp\/v2\/types\/product"}],"replies":[{"embeddable":true,"href":"https:\/\/www.freeshopfrontiera.ch\/fr\/wp-json\/wp\/v2\/comments?post=12462"}],"version-history":[{"count":4,"href":"https:\/\/www.freeshopfrontiera.ch\/fr\/wp-json\/wp\/v2\/product\/12462\/revisions"}],"predecessor-version":[{"id":18367,"href":"https:\/\/www.freeshopfrontiera.ch\/fr\/wp-json\/wp\/v2\/product\/12462\/revisions\/18367"}],"wp:featuredmedia":[{"embeddable":true,"href":"https:\/\/www.freeshopfrontiera.ch\/fr\/wp-json\/wp\/v2\/media\/12465"}],"wp:attachment":[{"href":"https:\/\/www.freeshopfrontiera.ch\/fr\/wp-json\/wp\/v2\/media?parent=12462"}],"wp:term":[{"taxonomy":"pwb-brand","embeddable":true,"href":"https:\/\/www.freeshopfrontiera.ch\/fr\/wp-json\/wp\/v2\/pwb-brand?post=12462"},{"taxonomy":"product_brand","embeddable":true,"href":"https:\/\/www.freeshopfrontiera.ch\/fr\/wp-json\/wp\/v2\/product_brand?post=12462"},{"taxonomy":"product_cat","embeddable":true,"href":"https:\/\/www.freeshopfrontiera.ch\/fr\/wp-json\/wp\/v2\/product_cat?post=12462"},{"taxonomy":"product_tag","embeddable":true,"href":"https:\/\/www.freeshopfrontiera.ch\/fr\/wp-json\/wp\/v2\/product_tag?post=12462"}],"curies":[{"name":"wp","href":"https:\/\/api.w.org\/{rel}","templated":true}]}}