{"id":12525,"date":"2025-02-12T10:22:33","date_gmt":"2025-02-12T10:22:33","guid":{"rendered":"https:\/\/freeshopswiss.alesca.org\/shop\/thierry-mugler-alien-eau-de-parfum\/"},"modified":"2025-03-12T11:43:59","modified_gmt":"2025-03-12T11:43:59","slug":"thierry-mugler-alien-eau-de-parfum","status":"publish","type":"product","link":"https:\/\/www.freeshopfrontiera.ch\/fr\/shop\/thierry-mugler-alien-eau-de-parfum\/","title":{"rendered":"THIERRY MUGLER Alien"},"content":{"rendered":"<p data-start=\"0\" data-end=\"326\"><strong>Thierry Mugler Alien Eau de Parfum Ressourcable<\/strong> est une fragrance myst\u00e9rieuse et puissante, un hommage \u00e0 la f\u00e9minit\u00e9 la plus \u00e9nigmatique et fascinante. Ce parfum incarne l&rsquo;aura d&rsquo;une femme audacieuse, \u00e9l\u00e9gante et captivante, une v\u00e9ritable force de la nature.<\/p>\n<p data-start=\"328\" data-end=\"704\">Le parfum s&rsquo;ouvre sur une note intrigante de jasmin sambac, qui apporte une sensation de fra\u00eecheur et de luminosit\u00e9, une touche florale qui \u00e9voque l&rsquo;image d&rsquo;une femme s\u00fbre d&rsquo;elle, radieuse et magn\u00e9tique.<\/p>\n<p data-start=\"706\" data-end=\"1129\">Le c\u0153ur du parfum est un m\u00e9lange enveloppant et sensuel de bois de cachemire et d&rsquo;ambre. Ces notes bois\u00e9es et chaudes apportent de la profondeur, de la sensualit\u00e9 et une chaleur envo\u00fbtante, qui compl\u00e8te parfaitement la l\u00e9g\u00e8ret\u00e9 florale du jasmin. L&rsquo;\u00e9quilibre entre ces \u00e9l\u00e9ments cr\u00e9e une sensation de confort et de s\u00e9duction, rendant ce parfum id\u00e9al pour une femme qui cherche \u00e0 laisser une empreinte subtile mais marquante.<\/p>\n<p data-start=\"1131\" data-end=\"1600\">La base de musc blanc vient enrichir la fragrance d&rsquo;un sillage sophistiqu\u00e9, l\u00e9ger mais persistant, qui dure toute la journ\u00e9e. Son effluve l\u00e9ger et a\u00e9rien laisse une impression de douceur et de raffinement, tout en apportant une touche de myst\u00e8re, cr\u00e9ant ainsi une signature olfactive unique et inoubliable. Alien est un parfum captivant et intemporel, parfait pour celles qui aiment se distinguer.<\/p>\n<p data-start=\"1602\" data-end=\"1937\">Le flacon, con\u00e7u avec \u00e9l\u00e9gance et futurisme, refl\u00e8te parfaitement l&rsquo;\u00e2me du parfum. Son design \u00e9voque un talisman magique, un objet pr\u00e9cieux qui semble aussi \u00e9nigmatique que le parfum lui-m\u00eame. Avec sa forme sculpturale et sa couleur violette myst\u00e9rieuse, il incarne le caract\u00e8re de la fragrance, en faisant un v\u00e9ritable objet de d\u00e9sir.<\/p>\n<p data-start=\"1939\" data-end=\"2319\" data-is-last-node=\"\" data-is-only-node=\"\">Alien Eau de Parfum est bien plus qu&rsquo;un simple parfum : c&rsquo;est une exp\u00e9rience sensorielle qui \u00e9voque la magie, le myst\u00e8re et la sophistication. Id\u00e9al pour les soir\u00e9es sp\u00e9ciales, les occasions m\u00e9morables ou tout simplement pour celles qui souhaitent ajouter une touche d&rsquo;intrigue \u00e0 leur quotidien, ce parfum laissera \u00e0 jamais une empreinte de myst\u00e8re et de luxe, o\u00f9 que vous alliez.<\/p>\n<p>&nbsp;<\/p>\n<p>Follow us! <a href=\"https:\/\/www.instagram.com\/freeshopswiss\/\" target=\"_blank\" rel=\"noopener\">@freeshopswiss<\/a><\/p>\n","protected":false},"excerpt":{"rendered":"<p><em><strong>Eau de Parfum<\/strong><\/em><\/p>\n","protected":false},"featured_media":12514,"comment_status":"open","ping_status":"closed","template":"","meta":[],"pwb-brand":[395],"product_brand":[],"product_cat":[87,109],"product_tag":[252,296,789,97],"class_list":{"0":"post-12525","1":"product","2":"type-product","3":"status-publish","4":"has-post-thumbnail","6":"pwb-brand-thierry-mugler","7":"product_cat-parfums","8":"product_cat-pour-elle","9":"product_tag-eau-de-parfum-fr","10":"product_tag-femme","11":"product_tag-womens-fragrances-fr","12":"product_tag-parfums","14":"first","15":"instock","16":"sale","17":"taxable","18":"shipping-taxable","19":"purchasable","20":"product-type-variable","21":"has-default-attributes"},"brands":[{"id":395,"name":"Thierry Mugler","slug":"thierry-mugler"}],"_links":{"self":[{"href":"https:\/\/www.freeshopfrontiera.ch\/fr\/wp-json\/wp\/v2\/product\/12525","targetHints":{"allow":["GET"]}}],"collection":[{"href":"https:\/\/www.freeshopfrontiera.ch\/fr\/wp-json\/wp\/v2\/product"}],"about":[{"href":"https:\/\/www.freeshopfrontiera.ch\/fr\/wp-json\/wp\/v2\/types\/product"}],"replies":[{"embeddable":true,"href":"https:\/\/www.freeshopfrontiera.ch\/fr\/wp-json\/wp\/v2\/comments?post=12525"}],"version-history":[{"count":5,"href":"https:\/\/www.freeshopfrontiera.ch\/fr\/wp-json\/wp\/v2\/product\/12525\/revisions"}],"predecessor-version":[{"id":18397,"href":"https:\/\/www.freeshopfrontiera.ch\/fr\/wp-json\/wp\/v2\/product\/12525\/revisions\/18397"}],"wp:featuredmedia":[{"embeddable":true,"href":"https:\/\/www.freeshopfrontiera.ch\/fr\/wp-json\/wp\/v2\/media\/12514"}],"wp:attachment":[{"href":"https:\/\/www.freeshopfrontiera.ch\/fr\/wp-json\/wp\/v2\/media?parent=12525"}],"wp:term":[{"taxonomy":"pwb-brand","embeddable":true,"href":"https:\/\/www.freeshopfrontiera.ch\/fr\/wp-json\/wp\/v2\/pwb-brand?post=12525"},{"taxonomy":"product_brand","embeddable":true,"href":"https:\/\/www.freeshopfrontiera.ch\/fr\/wp-json\/wp\/v2\/product_brand?post=12525"},{"taxonomy":"product_cat","embeddable":true,"href":"https:\/\/www.freeshopfrontiera.ch\/fr\/wp-json\/wp\/v2\/product_cat?post=12525"},{"taxonomy":"product_tag","embeddable":true,"href":"https:\/\/www.freeshopfrontiera.ch\/fr\/wp-json\/wp\/v2\/product_tag?post=12525"}],"curies":[{"name":"wp","href":"https:\/\/api.w.org\/{rel}","templated":true}]}}