{"id":12577,"date":"2025-02-12T11:03:04","date_gmt":"2025-02-12T11:03:04","guid":{"rendered":"https:\/\/freeshopswiss.alesca.org\/?post_type=product&#038;p=12577"},"modified":"2025-03-12T11:30:40","modified_gmt":"2025-03-12T11:30:40","slug":"tom-ford-noir-eau-de-parfum-100ml","status":"publish","type":"product","link":"https:\/\/www.freeshopfrontiera.ch\/fr\/shop\/tom-ford-noir-eau-de-parfum-100ml\/","title":{"rendered":"TOM FORD Noir 100ml"},"content":{"rendered":"<p data-start=\"0\" data-end=\"341\"><strong>Tom Ford Noir Eau de Parfum<\/strong> est une fragrance enveloppante, sophistiqu\u00e9e et myst\u00e9rieuse, con\u00e7ue pour l&rsquo;homme qui aime exprimer son \u00e9l\u00e9gance avec une touche d&rsquo;audace et de charisme. Ce parfum captivant incarne parfaitement la masculinit\u00e9 raffin\u00e9e, alliant une sophistication intemporelle \u00e0 une sensualit\u00e9 qui laisse une empreinte inoubliable.<\/p>\n<p data-start=\"343\" data-end=\"791\">La composition commence par une explosion de notes \u00e9pic\u00e9es de poivre noir et de gingembre, cr\u00e9ant une ouverture \u00e9nergique et vibrante qui capte instantan\u00e9ment l&rsquo;attention. Ces notes \u00e9pic\u00e9es sont suivies d&rsquo;un c\u0153ur complexe d&rsquo;accords floraux et bois\u00e9s. Le g\u00e9ranium et la rose apportent une fra\u00eecheur d\u00e9licate et raffin\u00e9e, tandis qu&rsquo;une touche de bois de c\u00e8dre conf\u00e8re chaleur et profondeur, trouvant un \u00e9quilibre parfait entre fra\u00eecheur et intensit\u00e9.<\/p>\n<p data-start=\"793\" data-end=\"1114\">La base du parfum r\u00e9v\u00e8le une combinaison riche et sensuelle de vanille, d&rsquo;ambre et de musc, qui apporte une dimension enveloppante et persistante \u00e0 la fragrance. Ce fond g\u00e9n\u00e9reux et chaud laisse un sillage myst\u00e9rieux et magn\u00e9tique, cr\u00e9ant une aura de sophistication qui perdure tout au long de la journ\u00e9e ou de la soir\u00e9e.<\/p>\n<p data-start=\"1116\" data-end=\"1419\">Tom Ford Noir est un parfum qui incarne la fusion parfaite entre le raffinement et la masculinit\u00e9 audacieuse. Id\u00e9al pour les occasions sp\u00e9ciales, les \u00e9v\u00e9nements en soir\u00e9e ou chaque moment o\u00f9 l&rsquo;on souhaite marquer les esprits, il est l&rsquo;expression d&rsquo;un homme s\u00fbr de lui, myst\u00e9rieux et pr\u00eat \u00e0 se d\u00e9marquer.<\/p>\n<p data-start=\"1421\" data-end=\"1593\" data-is-last-node=\"\" data-is-only-node=\"\">Le flacon, \u00e9l\u00e9gant et minimaliste, est un hommage \u00e0 la simplicit\u00e9 et au luxe. Il refl\u00e8te l&rsquo;\u00e2me m\u00eame de la fragrance, devenant ainsi une ic\u00f4ne de style et un objet de d\u00e9sir.<\/p>\n<p>Suivez toutes nos actualit\u00e9s ! <a href=\"https:\/\/www.instagram.com\/freeshopswiss\/\" target=\"_blank\" rel=\"noopener\">@freeshopswiss<\/a><\/p>\n","protected":false},"excerpt":{"rendered":"<p><em><strong>Eau de Parfum<\/strong><\/em><\/p>\n","protected":false},"featured_media":12580,"comment_status":"open","ping_status":"closed","template":"","meta":[],"pwb-brand":[396],"product_brand":[],"product_cat":[87,89],"product_tag":[252,1629,278,97],"class_list":{"0":"post-12577","1":"product","2":"type-product","3":"status-publish","4":"has-post-thumbnail","6":"pwb-brand-tom-ford","7":"product_cat-parfums","8":"product_cat-pour-lui","9":"product_tag-eau-de-parfum-fr","10":"product_tag-mens-fragrances-fr","11":"product_tag-offre","12":"product_tag-parfums","14":"first","15":"instock","16":"sale","17":"taxable","18":"shipping-taxable","19":"purchasable","20":"product-type-simple"},"brands":[{"id":396,"name":"Tom Ford","slug":"tom-ford"}],"_links":{"self":[{"href":"https:\/\/www.freeshopfrontiera.ch\/fr\/wp-json\/wp\/v2\/product\/12577","targetHints":{"allow":["GET"]}}],"collection":[{"href":"https:\/\/www.freeshopfrontiera.ch\/fr\/wp-json\/wp\/v2\/product"}],"about":[{"href":"https:\/\/www.freeshopfrontiera.ch\/fr\/wp-json\/wp\/v2\/types\/product"}],"replies":[{"embeddable":true,"href":"https:\/\/www.freeshopfrontiera.ch\/fr\/wp-json\/wp\/v2\/comments?post=12577"}],"version-history":[{"count":5,"href":"https:\/\/www.freeshopfrontiera.ch\/fr\/wp-json\/wp\/v2\/product\/12577\/revisions"}],"predecessor-version":[{"id":18387,"href":"https:\/\/www.freeshopfrontiera.ch\/fr\/wp-json\/wp\/v2\/product\/12577\/revisions\/18387"}],"wp:featuredmedia":[{"embeddable":true,"href":"https:\/\/www.freeshopfrontiera.ch\/fr\/wp-json\/wp\/v2\/media\/12580"}],"wp:attachment":[{"href":"https:\/\/www.freeshopfrontiera.ch\/fr\/wp-json\/wp\/v2\/media?parent=12577"}],"wp:term":[{"taxonomy":"pwb-brand","embeddable":true,"href":"https:\/\/www.freeshopfrontiera.ch\/fr\/wp-json\/wp\/v2\/pwb-brand?post=12577"},{"taxonomy":"product_brand","embeddable":true,"href":"https:\/\/www.freeshopfrontiera.ch\/fr\/wp-json\/wp\/v2\/product_brand?post=12577"},{"taxonomy":"product_cat","embeddable":true,"href":"https:\/\/www.freeshopfrontiera.ch\/fr\/wp-json\/wp\/v2\/product_cat?post=12577"},{"taxonomy":"product_tag","embeddable":true,"href":"https:\/\/www.freeshopfrontiera.ch\/fr\/wp-json\/wp\/v2\/product_tag?post=12577"}],"curies":[{"name":"wp","href":"https:\/\/api.w.org\/{rel}","templated":true}]}}