{"id":12636,"date":"2025-02-12T11:44:06","date_gmt":"2025-02-12T11:44:06","guid":{"rendered":"https:\/\/freeshopswiss.alesca.org\/shop\/prada-paradoxe-virtual-flower-eau-de-parfum\/"},"modified":"2025-03-12T11:26:35","modified_gmt":"2025-03-12T11:26:35","slug":"prada-paradoxe-virtual-flower-eau-de-parfum","status":"publish","type":"product","link":"https:\/\/www.freeshopfrontiera.ch\/fr\/shop\/prada-paradoxe-virtual-flower-eau-de-parfum\/","title":{"rendered":"PRADA Paradoxe Virtual Flower"},"content":{"rendered":"<p data-start=\"0\" data-end=\"315\"><strong>Prada Paradoxe Virtual Flower Eau de Parfum<\/strong> est une fragrance innovante qui incarne un contraste fascinant entre modernit\u00e9 et tradition. Cette cr\u00e9ation olfactive unique explore de nouvelles dimensions de la f\u00e9minit\u00e9, offrant une composition inattendue et surprenante qui s\u00e9duit par sa complexit\u00e9 et son originalit\u00e9.<\/p>\n<p data-start=\"317\" data-end=\"837\">L&rsquo;ouverture du parfum est marqu\u00e9e par une explosion vibrante de fruits frais, notamment la poire, qui procure une sensation de fra\u00eecheur imm\u00e9diate et revitalisante. Cette introduction fruit\u00e9e se fond ensuite dans un c\u0153ur floral compos\u00e9 de jasmin et de rose, des fleurs blanches embl\u00e9matiques qui apportent une touche d\u00e9licate et sophistiqu\u00e9e au parfum. La base de musc et de bois de santal offre une profondeur sensuelle et \u00e9l\u00e9gante, enrichissant l&rsquo;ensemble de la fragrance et lui conf\u00e9rant une persistance enveloppante.<\/p>\n<p data-start=\"839\" data-end=\"1169\">Prada Paradoxe Virtual Flower est un parfum qui c\u00e9l\u00e8bre la dualit\u00e9 de la femme moderne, \u00e0 la fois forte et d\u00e9licate. Il combine avec harmonie la l\u00e9g\u00e8ret\u00e9 des fleurs fra\u00eeches \u00e0 l\u2019intensit\u00e9 des notes plus chaudes, cr\u00e9ant ainsi une fragrance polyvalente, id\u00e9ale pour toutes les occasions, du quotidien aux moments plus particuliers.<\/p>\n<p data-start=\"1171\" data-end=\"1498\" data-is-last-node=\"\" data-is-only-node=\"\">Le flacon de Prada Paradoxe Virtual Flower est \u00e0 l&rsquo;image de cette fragrance : moderne, \u00e9l\u00e9gant et raffin\u00e9. Son design minimaliste et \u00e9pur\u00e9 refl\u00e8te le caract\u00e8re dynamique et en constante \u00e9volution du parfum, faisant de ce flacon une v\u00e9ritable \u0153uvre d\u2019art qui saura s\u00e9duire les collectionneurs de parfums et les amateurs de luxe.<\/p>\n<p>Follow us!<a href=\"https:\/\/www.instagram.com\/freeshopswiss\/\" target=\"_blank\" rel=\"noopener\">\u00a0 @freeshopswiss<\/a><\/p>\n","protected":false},"excerpt":{"rendered":"<p><em><strong>Eau de Parfum<\/strong><\/em><\/p>\n","protected":false},"featured_media":12619,"comment_status":"open","ping_status":"closed","template":"","meta":[],"pwb-brand":[285],"product_brand":[],"product_cat":[87,109],"product_tag":[252,296,789,97],"class_list":{"0":"post-12636","1":"product","2":"type-product","3":"status-publish","4":"has-post-thumbnail","6":"pwb-brand-prada","7":"product_cat-parfums","8":"product_cat-pour-elle","9":"product_tag-eau-de-parfum-fr","10":"product_tag-femme","11":"product_tag-womens-fragrances-fr","12":"product_tag-parfums","14":"first","15":"instock","16":"sale","17":"taxable","18":"shipping-taxable","19":"purchasable","20":"product-type-variable","21":"has-default-attributes"},"brands":[{"id":285,"name":"Prada","slug":"prada"}],"_links":{"self":[{"href":"https:\/\/www.freeshopfrontiera.ch\/fr\/wp-json\/wp\/v2\/product\/12636","targetHints":{"allow":["GET"]}}],"collection":[{"href":"https:\/\/www.freeshopfrontiera.ch\/fr\/wp-json\/wp\/v2\/product"}],"about":[{"href":"https:\/\/www.freeshopfrontiera.ch\/fr\/wp-json\/wp\/v2\/types\/product"}],"replies":[{"embeddable":true,"href":"https:\/\/www.freeshopfrontiera.ch\/fr\/wp-json\/wp\/v2\/comments?post=12636"}],"version-history":[{"count":4,"href":"https:\/\/www.freeshopfrontiera.ch\/fr\/wp-json\/wp\/v2\/product\/12636\/revisions"}],"predecessor-version":[{"id":18381,"href":"https:\/\/www.freeshopfrontiera.ch\/fr\/wp-json\/wp\/v2\/product\/12636\/revisions\/18381"}],"wp:featuredmedia":[{"embeddable":true,"href":"https:\/\/www.freeshopfrontiera.ch\/fr\/wp-json\/wp\/v2\/media\/12619"}],"wp:attachment":[{"href":"https:\/\/www.freeshopfrontiera.ch\/fr\/wp-json\/wp\/v2\/media?parent=12636"}],"wp:term":[{"taxonomy":"pwb-brand","embeddable":true,"href":"https:\/\/www.freeshopfrontiera.ch\/fr\/wp-json\/wp\/v2\/pwb-brand?post=12636"},{"taxonomy":"product_brand","embeddable":true,"href":"https:\/\/www.freeshopfrontiera.ch\/fr\/wp-json\/wp\/v2\/product_brand?post=12636"},{"taxonomy":"product_cat","embeddable":true,"href":"https:\/\/www.freeshopfrontiera.ch\/fr\/wp-json\/wp\/v2\/product_cat?post=12636"},{"taxonomy":"product_tag","embeddable":true,"href":"https:\/\/www.freeshopfrontiera.ch\/fr\/wp-json\/wp\/v2\/product_tag?post=12636"}],"curies":[{"name":"wp","href":"https:\/\/api.w.org\/{rel}","templated":true}]}}