{"id":12650,"date":"2025-02-12T12:02:27","date_gmt":"2025-02-12T12:02:27","guid":{"rendered":"https:\/\/freeshopswiss.alesca.org\/?post_type=product&#038;p=12650"},"modified":"2025-03-12T11:24:51","modified_gmt":"2025-03-12T11:24:51","slug":"carolina-herrera-very-good-girl-eau-de-parfum-80ml","status":"publish","type":"product","link":"https:\/\/www.freeshopfrontiera.ch\/fr\/shop\/carolina-herrera-very-good-girl-eau-de-parfum-80ml\/","title":{"rendered":"Carolina Herrera Very Good Girl 80ml"},"content":{"rendered":"<p data-start=\"0\" data-end=\"346\"><strong>Carolina Herrera Very Good Girl Eau de Parfum<\/strong> est une fragrance audacieuse et sensuelle qui c\u00e9l\u00e8bre la puissance de la f\u00e9minit\u00e9 moderne, tout en incarnant l\u2019essence m\u00eame de l\u2019\u00e9l\u00e9gance et de la confiance en soi. Ce parfum est pour la femme qui ose, une femme qui sait comment allier douceur et force int\u00e9rieure avec une touche de glamour in\u00e9gal\u00e9e.<\/p>\n<p data-start=\"348\" data-end=\"811\">La composition s&rsquo;ouvre sur une explosion de cerise rouge et de cassis, offrant une fra\u00eecheur fruit\u00e9e et vibrante qui captive instantan\u00e9ment les sens. Ce d\u00e9part juteux laisse place \u00e0 un c\u0153ur floral riche en rose rouge, symbole de passion, de f\u00e9minit\u00e9 et d&rsquo;\u00e9l\u00e9gance intemporelle. En fond, des notes sensuelles de vanille, de bois de santal et de musc viennent envelopper la peau d\u2019une chaleur douce et envo\u00fbtante, apportant profondeur et une longue tenue au parfum.<\/p>\n<p data-start=\"813\" data-end=\"1349\" data-is-last-node=\"\" data-is-only-node=\"\">Very Good Girl est un parfum qui \u00e9voque une femme qui vit avec assurance et qui, \u00e0 travers son parfum, exprime son pouvoir de mani\u00e8re subtile mais frappante. Son flacon, en forme de talon rouge laqu\u00e9, est un symbole de f\u00e9minit\u00e9 audacieuse, alliant modernit\u00e9 et force. Il fait de cette fragrance non seulement un parfum, mais un accessoire iconique de style et de puissance. Id\u00e9al pour les soir\u00e9es sp\u00e9ciales ou tout moment o\u00f9 l\u2019on souhaite marquer l\u2019esprit avec \u00e9l\u00e9gance, Very Good Girl est un parfum qui laisse une empreinte ind\u00e9l\u00e9bile.<\/p>\n<p>Suivez toutes nos actualit\u00e9s ! <a href=\"https:\/\/www.instagram.com\/freeshopswiss\/\" target=\"_blank\" rel=\"noopener\">@freeshopswiss<\/a><\/p>\n","protected":false},"excerpt":{"rendered":"<p><em><strong>Eau de Parfum<\/strong><\/em><\/p>\n","protected":false},"featured_media":12653,"comment_status":"open","ping_status":"closed","template":"","meta":[],"pwb-brand":[271],"product_brand":[],"product_cat":[87,109],"product_tag":[252,296,789,278,97],"class_list":{"0":"post-12650","1":"product","2":"type-product","3":"status-publish","4":"has-post-thumbnail","6":"pwb-brand-carolina-herrera","7":"product_cat-parfums","8":"product_cat-pour-elle","9":"product_tag-eau-de-parfum-fr","10":"product_tag-femme","11":"product_tag-womens-fragrances-fr","12":"product_tag-offre","13":"product_tag-parfums","15":"first","16":"outofstock","17":"sale","18":"taxable","19":"shipping-taxable","20":"purchasable","21":"product-type-simple"},"brands":[{"id":271,"name":"Carolina Herrera","slug":"carolina-herrera"}],"_links":{"self":[{"href":"https:\/\/www.freeshopfrontiera.ch\/fr\/wp-json\/wp\/v2\/product\/12650","targetHints":{"allow":["GET"]}}],"collection":[{"href":"https:\/\/www.freeshopfrontiera.ch\/fr\/wp-json\/wp\/v2\/product"}],"about":[{"href":"https:\/\/www.freeshopfrontiera.ch\/fr\/wp-json\/wp\/v2\/types\/product"}],"replies":[{"embeddable":true,"href":"https:\/\/www.freeshopfrontiera.ch\/fr\/wp-json\/wp\/v2\/comments?post=12650"}],"version-history":[{"count":7,"href":"https:\/\/www.freeshopfrontiera.ch\/fr\/wp-json\/wp\/v2\/product\/12650\/revisions"}],"predecessor-version":[{"id":18376,"href":"https:\/\/www.freeshopfrontiera.ch\/fr\/wp-json\/wp\/v2\/product\/12650\/revisions\/18376"}],"wp:featuredmedia":[{"embeddable":true,"href":"https:\/\/www.freeshopfrontiera.ch\/fr\/wp-json\/wp\/v2\/media\/12653"}],"wp:attachment":[{"href":"https:\/\/www.freeshopfrontiera.ch\/fr\/wp-json\/wp\/v2\/media?parent=12650"}],"wp:term":[{"taxonomy":"pwb-brand","embeddable":true,"href":"https:\/\/www.freeshopfrontiera.ch\/fr\/wp-json\/wp\/v2\/pwb-brand?post=12650"},{"taxonomy":"product_brand","embeddable":true,"href":"https:\/\/www.freeshopfrontiera.ch\/fr\/wp-json\/wp\/v2\/product_brand?post=12650"},{"taxonomy":"product_cat","embeddable":true,"href":"https:\/\/www.freeshopfrontiera.ch\/fr\/wp-json\/wp\/v2\/product_cat?post=12650"},{"taxonomy":"product_tag","embeddable":true,"href":"https:\/\/www.freeshopfrontiera.ch\/fr\/wp-json\/wp\/v2\/product_tag?post=12650"}],"curies":[{"name":"wp","href":"https:\/\/api.w.org\/{rel}","templated":true}]}}